{"id":3965,"date":"2025-09-10T06:06:00","date_gmt":"2025-09-10T04:06:00","guid":{"rendered":"https:\/\/vozolpuff.de\/?post_type=product&#038;p=3965"},"modified":"2025-09-10T06:06:00","modified_gmt":"2025-09-10T04:06:00","slug":"randm-tornado-7000-blueberry-raspberry","status":"publish","type":"product","link":"https:\/\/vozolpuff.de\/nl\/product\/randm-tornado-7000-blueberry-raspberry\/","title":{"rendered":"RandM Tornado 7000 Bosbes Framboos"},"content":{"rendered":"<h2 class=\"text-xl font-bold text-text-100 mt-1 -mb-0.5\">RandM Tornado 7000 Blueberry Raspberry Wegwerpbare e-sigaret<\/h2>\n<p class=\"whitespace-normal break-words\">Duik in een perfecte bessensymfonie met de RandM Tornado 7000 Blueberry Raspberry-variant. Deze harmonieuze fruitcompositie combineert de milde zoetheid van bosbessen met de levendige zuurheid van frambozen tot een evenwichtig en verfrissend smaakprofiel. Het premium wegwerpbare vape-systeem garandeert tot 7000 trekjes van deze heerlijke dubbele bessen, ondersteund door een krachtige 850 mAh-energiemodule. De royale 14 ml vloeistofcontainer maakt bijvullen overbodig en garandeert langdurig fruitgenot. De onmiddellijke draw-activeringstechnologie start bij elke inhalatie, terwijl de aanpasbare luchttoevoer individuele dampstijlen ondersteunt.<\/p>\n<h3 class=\"text-lg font-bold text-text-100 mt-1 -mb-1.5\">Uitrustingskenmerken<\/h3>\n<p class=\"whitespace-normal break-words\"><strong>Batterijcapaciteit:<\/strong> 850 mAh permanent ge\u00efnstalleerd (oplaadbaar)<br \/>\n<strong>Vermogensafgifte:<\/strong> Stabiele en effici\u00ebnte energieverdeling<br \/>\n<strong>Hoeveelheid e-vloeistof:<\/strong> 14 ml volledig gevuld<br \/>\n<strong>Nikotinegehaltes:<\/strong> 0%, 2%, 3% of 5% beschikbaar<br \/>\n<strong>Aantal inhalaties:<\/strong> Ongeveer 7.000 stoomtreinen per eenheid<br \/>\n<strong>Luchtstroombeheer:<\/strong> Instelbare luchtdoorlatendheid<br \/>\n<strong>Visueel effect:<\/strong> Kleurrijke RGB-lichteffecten<\/p>\n<h3 class=\"text-lg font-bold text-text-100 mt-1 -mb-1.5\">Ontdek meer FUMOT VAPE bij vozolpuff<\/h3>\n<p class=\"whitespace-normal break-words\">Neem een kijkje in onze <strong><a class=\"underline\" href=\"https:\/\/vozolpuff.de\/nl\/\">Premium vape-winkel<\/a><\/strong> naar andere topproducten, bekijk dan het complete <strong><a class=\"underline\" href=\"https:\/\/vozolpuff.de\/nl\/product-category\/fumot-vape\/\">FUMOT VAPE Universum<\/a><\/strong> of probeer de andere verleidelijke <strong><a class=\"underline\" href=\"https:\/\/vozolpuff.de\/nl\/product-category\/fumot-vape\/randm-tornado-7000\/\">RandM Tornado 7000 smaakprofielen<\/a><\/strong> uit.<\/p>","protected":false},"excerpt":{"rendered":"<div>\n<div class=\"grid-cols-1 grid gap-2.5 [&amp;_&gt;_*]:min-w-0 !gap-3.5\">\n<p class=\"whitespace-normal break-words\">Genie\u00dfen Sie die perfekte Beeren-Symphonie mit der RandM Tornado 7000 Blueberry Raspberry Einweg-Vape. Die harmonische Komposition aus mild s\u00fc\u00dfen Blaubeeren und lebendiger Himbeers\u00e4ure kreiert ein ausgewogenes Geschmacksprofil. Mit 850mAh Akku, 14ml Tank und 7000 k\u00f6stlichen Z\u00fcgen plus RGB-Beleuchtung.<\/p>\n<\/div>\n<\/div>\n<div class=\"h-8\"><\/div>\n","protected":false},"featured_media":3969,"comment_status":"open","ping_status":"closed","template":"","meta":{"_acf_changed":false},"product_brand":[],"product_cat":[50],"product_tag":[],"class_list":{"0":"post-3965","1":"product","2":"type-product","3":"status-publish","4":"has-post-thumbnail","6":"product_cat-randm-tornado-7000","8":"first","9":"instock","10":"shipping-taxable","11":"purchasable","12":"product-type-variable"},"acf":[],"_links":{"self":[{"href":"https:\/\/vozolpuff.de\/nl\/wp-json\/wp\/v2\/product\/3965","targetHints":{"allow":["GET"]}}],"collection":[{"href":"https:\/\/vozolpuff.de\/nl\/wp-json\/wp\/v2\/product"}],"about":[{"href":"https:\/\/vozolpuff.de\/nl\/wp-json\/wp\/v2\/types\/product"}],"replies":[{"embeddable":true,"href":"https:\/\/vozolpuff.de\/nl\/wp-json\/wp\/v2\/comments?post=3965"}],"wp:featuredmedia":[{"embeddable":true,"href":"https:\/\/vozolpuff.de\/nl\/wp-json\/wp\/v2\/media\/3969"}],"wp:attachment":[{"href":"https:\/\/vozolpuff.de\/nl\/wp-json\/wp\/v2\/media?parent=3965"}],"wp:term":[{"taxonomy":"product_brand","embeddable":true,"href":"https:\/\/vozolpuff.de\/nl\/wp-json\/wp\/v2\/product_brand?post=3965"},{"taxonomy":"product_cat","embeddable":true,"href":"https:\/\/vozolpuff.de\/nl\/wp-json\/wp\/v2\/product_cat?post=3965"},{"taxonomy":"product_tag","embeddable":true,"href":"https:\/\/vozolpuff.de\/nl\/wp-json\/wp\/v2\/product_tag?post=3965"}],"curies":[{"name":"wp","href":"https:\/\/api.w.org\/{rel}","templated":true}]}}