{"id":4276,"date":"2025-09-12T04:22:10","date_gmt":"2025-09-12T02:22:10","guid":{"rendered":"https:\/\/vozolpuff.de\/?post_type=product&#038;p=4276"},"modified":"2025-09-29T12:52:02","modified_gmt":"2025-09-29T10:52:02","slug":"waspe-aiviou-60000-peach-ice-pineapple-mango-peach-cranberry-lemon","status":"publish","type":"product","link":"https:\/\/vozolpuff.de\/nl\/product\/waspe-aiviou-60000-peach-ice-pineapple-mango-peach-cranberry-lemon\/","title":{"rendered":"WASPE AIVIOU 60000 Perzik Ijs\/ananas Mango Perzik\/Kaneel Citroen"},"content":{"rendered":"<h2 class=\"text-xl font-bold text-text-100 mt-1 -mb-0.5\">WASPE AIVIOU 60000 perzik ijs\/ananas mango perzik\/cranberry citroen wegwerpvape<\/h2>\n<p class=\"whitespace-normal break-words\">De WASPE AIVIOU 60000 met Peach Ice, Pineapple Mango Peach en Cranberry Lemon combineert drie exotische fruitsamenstellingen voor tropisch dampplezier. Met een indrukwekkende capaciteit van 60.000 puffs, drie flexibele smaakmodi en instelbare nicotineniveaus van 0% tot 5% zet deze eersteklas wegwerpsigaret een nieuwe standaard. Het royale e-liquid reservoir van 54 ml en het intelligente statusdisplay zorgen voor een ononderbroken vaping ervaring.<\/p>\n<h3 class=\"text-lg font-bold text-text-100 mt-1 -mb-1.5\">Tropische smaakreis<\/h3>\n<p class=\"whitespace-normal break-words\">Met deze innovatieve wegwerp e-sigaret kun je naadloos schakelen tussen drie tropische werelden: sappige perziken met een verfrissend verkoelend effect, een exotische drievoudige fruitfusie van ananas, mango en perzik, en de pittig-frisse combinatie van cranberry en citroen. Elke smaak is authentiek gereproduceerd met behulp van gespecialiseerde 0,9\u03a9 mesh technologie.<\/p>\n<p class=\"whitespace-normal break-words\">De krachtige 650mAh batterij met Type-C snellaadfunctie garandeert constante prestaties voor alle tropische smaken. Het digitale display controleert continu de levensduur van de batterij en het vulniveau van de drie smaakreservoirs.<\/p>\n<h3 class=\"text-lg font-bold text-text-100 mt-1 -mb-1.5\">Ontdek meer WASPE VAPE bij vozolpuff<\/h3>\n<p class=\"whitespace-normal break-words\">Bezoek onze <strong><a class=\"underline\" href=\"https:\/\/vozolpuff.de\/nl\/\">Verkoper van vape<\/a><\/strong> Ontdek voor meer eersteklas producten onze <strong><a class=\"underline\" href=\"https:\/\/vozolpuff.de\/nl\/product-category\/waspe-vape\/\">WASPE VAPE-productlijn<\/a><\/strong> of ontdek alle <strong><a class=\"underline\" href=\"https:\/\/vozolpuff.de\/nl\/product-category\/waspe-vape\/waspe-aiviou-60000\/\">WASPE AIVIOU 60000 smaakcombinaties<\/a><\/strong>.<\/p>","protected":false},"excerpt":{"rendered":"<div>\n<div class=\"grid-cols-1 grid gap-2.5 [&amp;_&gt;_*]:min-w-0 !gap-3.5\">\n<p class=\"whitespace-normal break-words\">Die WASPE AIVIOU 60000 Peach Ice\/Pineapple Mango Peach\/Cranberry Lemon Einweg-Vape kombiniert drei exotische Fruchtkompositionen. 60.000 Z\u00fcge, Mesh-Technologie, 54ml Tank, 0-5% Nikotin und 650mAh Akku f\u00fcr tropisches Dampfvergn\u00fcgen.<\/p>\n<\/div>\n<\/div>\n<div class=\"h-8\"><\/div>\n","protected":false},"featured_media":4278,"comment_status":"open","ping_status":"closed","template":"","meta":{"_acf_changed":false},"product_brand":[],"product_cat":[53],"product_tag":[],"class_list":{"0":"post-4276","1":"product","2":"type-product","3":"status-publish","4":"has-post-thumbnail","6":"product_cat-waspe-aiviou-60000","8":"first","9":"instock","10":"shipping-taxable","11":"purchasable","12":"product-type-variable"},"acf":[],"_links":{"self":[{"href":"https:\/\/vozolpuff.de\/nl\/wp-json\/wp\/v2\/product\/4276","targetHints":{"allow":["GET"]}}],"collection":[{"href":"https:\/\/vozolpuff.de\/nl\/wp-json\/wp\/v2\/product"}],"about":[{"href":"https:\/\/vozolpuff.de\/nl\/wp-json\/wp\/v2\/types\/product"}],"replies":[{"embeddable":true,"href":"https:\/\/vozolpuff.de\/nl\/wp-json\/wp\/v2\/comments?post=4276"}],"wp:featuredmedia":[{"embeddable":true,"href":"https:\/\/vozolpuff.de\/nl\/wp-json\/wp\/v2\/media\/4278"}],"wp:attachment":[{"href":"https:\/\/vozolpuff.de\/nl\/wp-json\/wp\/v2\/media?parent=4276"}],"wp:term":[{"taxonomy":"product_brand","embeddable":true,"href":"https:\/\/vozolpuff.de\/nl\/wp-json\/wp\/v2\/product_brand?post=4276"},{"taxonomy":"product_cat","embeddable":true,"href":"https:\/\/vozolpuff.de\/nl\/wp-json\/wp\/v2\/product_cat?post=4276"},{"taxonomy":"product_tag","embeddable":true,"href":"https:\/\/vozolpuff.de\/nl\/wp-json\/wp\/v2\/product_tag?post=4276"}],"curies":[{"name":"wp","href":"https:\/\/api.w.org\/{rel}","templated":true}]}}