{"id":4292,"date":"2025-09-12T04:28:01","date_gmt":"2025-09-12T02:28:01","guid":{"rendered":"https:\/\/vozolpuff.de\/?post_type=product&#038;p=4292"},"modified":"2025-09-29T12:51:41","modified_gmt":"2025-09-29T10:51:41","slug":"waspe-aiviou-60000-mixed-berries-gummy-bear-mixed-fruit","status":"publish","type":"product","link":"https:\/\/vozolpuff.de\/nl\/product\/waspe-aiviou-60000-mixed-berries-gummy-bear-mixed-fruit\/","title":{"rendered":"WASPE AIVIOU 60000 Gemengde bessen\/gummibeertjes\/gemengd fruit"},"content":{"rendered":"<h2 class=\"text-xl font-bold text-text-100 mt-1 -mb-0.5\">WASPE AIVIOU 60000 Mixed Berries\/Gummy Bear\/Mixed Fruit Wegwerp-vape<\/h2>\n<p class=\"whitespace-normal break-words\">De WASPE AIVIOU 60000 met Mixed Berries, Gummy Bear en Mixed Fruit biedt drie verschillende smaken in \u00e9\u00e9n innovatief apparaat. Met een capaciteit van 60.000 trekjes en drie omschakelbare aromamodi combineert deze premium wegwerp sigaret afwisseling met topprestaties bij nicotinesterktes van 0% tot 5%. De royale 54 ml e-liquid tank en het slimme digitale display zorgen voor continu dampgenot.<\/p>\n<h3 class=\"text-lg font-bold text-text-100 mt-1 -mb-1.5\">Zoete smaakvariatie<\/h3>\n<p class=\"whitespace-normal break-words\">Met deze geavanceerde wegwerp-e-sigaret kun je vrij schakelen tussen drie heerlijke smaken: een harmonieuze mix van verschillende soorten bessen, authentieke gummibeertjes en een complexe multifruitcompositie. Elke smaak wordt nauwkeurig weergegeven door geoptimaliseerde 0,9\u03a9 mesh-verdamper en zorgt voor een intense smaakbeleving.<\/p>\n<p class=\"whitespace-normal break-words\">De robuuste 650 mAh-batterij met Type-C-snellaadtechnologie zorgt voor betrouwbare prestaties van alle drie de smaken. Het intelligente display biedt realtime monitoring van de batterijduur en het vulniveau van elk smaakreservoir.<\/p>\n<h3 class=\"text-lg font-bold text-text-100 mt-1 -mb-1.5\">Ontdek meer WASPE VAPE bij vozolpuff<\/h3>\n<p class=\"whitespace-normal break-words\">Vind meer premium vapes in onze <strong><a class=\"underline\" href=\"https:\/\/vozolpuff.de\/nl\/\">Online vape-winkel<\/a><\/strong>, bekijk dan de volledige <strong><a class=\"underline\" href=\"https:\/\/vozolpuff.de\/nl\/product-category\/waspe-vape\/\">WASPE VAPE-productassortiment<\/a><\/strong> of blader door alle <strong><a class=\"underline\" href=\"https:\/\/vozolpuff.de\/nl\/product-category\/waspe-vape\/waspe-aiviou-60000\/\">WASPE AIVIOU 60000 smaakopties<\/a><\/strong>.<\/p>","protected":false},"excerpt":{"rendered":"<div>\n<div class=\"grid-cols-1 grid gap-2.5 [&amp;_&gt;_*]:min-w-0 !gap-3.5\">\n<p class=\"whitespace-normal break-words\">Die WASPE AIVIOU 60000 Mixed Berries\/Gummy Bear\/Mixed Fruit Einweg-Vape bietet drei vielf\u00e4ltige Geschmackswelten. 60.000 Z\u00fcge, umschaltbare Aromamodi, 54ml Tank, 0-5% Nikotin und 650mAh Akku f\u00fcr kontinuierlichen Dampfgenuss.<\/p>\n<\/div>\n<\/div>\n<div class=\"h-8\"><\/div>\n","protected":false},"featured_media":4294,"comment_status":"open","ping_status":"closed","template":"","meta":{"_acf_changed":false},"product_brand":[],"product_cat":[53],"product_tag":[],"class_list":{"0":"post-4292","1":"product","2":"type-product","3":"status-publish","4":"has-post-thumbnail","6":"product_cat-waspe-aiviou-60000","8":"first","9":"instock","10":"shipping-taxable","11":"purchasable","12":"product-type-variable"},"acf":[],"_links":{"self":[{"href":"https:\/\/vozolpuff.de\/nl\/wp-json\/wp\/v2\/product\/4292","targetHints":{"allow":["GET"]}}],"collection":[{"href":"https:\/\/vozolpuff.de\/nl\/wp-json\/wp\/v2\/product"}],"about":[{"href":"https:\/\/vozolpuff.de\/nl\/wp-json\/wp\/v2\/types\/product"}],"replies":[{"embeddable":true,"href":"https:\/\/vozolpuff.de\/nl\/wp-json\/wp\/v2\/comments?post=4292"}],"wp:featuredmedia":[{"embeddable":true,"href":"https:\/\/vozolpuff.de\/nl\/wp-json\/wp\/v2\/media\/4294"}],"wp:attachment":[{"href":"https:\/\/vozolpuff.de\/nl\/wp-json\/wp\/v2\/media?parent=4292"}],"wp:term":[{"taxonomy":"product_brand","embeddable":true,"href":"https:\/\/vozolpuff.de\/nl\/wp-json\/wp\/v2\/product_brand?post=4292"},{"taxonomy":"product_cat","embeddable":true,"href":"https:\/\/vozolpuff.de\/nl\/wp-json\/wp\/v2\/product_cat?post=4292"},{"taxonomy":"product_tag","embeddable":true,"href":"https:\/\/vozolpuff.de\/nl\/wp-json\/wp\/v2\/product_tag?post=4292"}],"curies":[{"name":"wp","href":"https:\/\/api.w.org\/{rel}","templated":true}]}}