{"id":4300,"date":"2025-09-12T04:30:52","date_gmt":"2025-09-12T02:30:52","guid":{"rendered":"https:\/\/vozolpuff.de\/?post_type=product&#038;p=4300"},"modified":"2025-09-29T12:51:31","modified_gmt":"2025-09-29T10:51:31","slug":"waspe-aiviou-60000-triple-melon-ice-rainbow-candy-blueberry-candy","status":"publish","type":"product","link":"https:\/\/vozolpuff.de\/nl\/product\/waspe-aiviou-60000-triple-melon-ice-rainbow-candy-blueberry-candy\/","title":{"rendered":"WASPE AIVIOU 60000 Driedubbel meloenijs\/regenboogsnoepjes\/blauwbessensnoepjes"},"content":{"rendered":"<h2 class=\"text-xl font-bold text-text-100 mt-1 -mb-0.5\">WASPE AIVIOU 60000 Triple Melon Ice\/Rainbow Candy\/Blueberry Candy Wegwerpbare vape<\/h2>\n<p class=\"whitespace-normal break-words\">Ervaar drie buitengewone smaakcombinaties met de WASPE AIVIOU 60000 in de varianten Triple Melon Ice, Rainbow Candy en Blueberry Candy. Deze indrukwekkende wegwerp-e-sigaret biedt 60.000 smaakvolle trekjes dankzij de allernieuwste triple coil-innovatie en flexibele nicotineconcentraties van 0% tot 5%. De royale vloeistofvoorraad van 54 ml en het gebruiksvriendelijke LED-systeem zorgen voor een gepersonaliseerde dampervaring.<\/p>\n<h3 class=\"text-lg font-bold text-text-100 mt-1 -mb-1.5\">Creatieve aroma-combinaties<\/h3>\n<p class=\"whitespace-normal break-words\">De revolutionaire drievoudige smaaktechnologie biedt een verfrissende meloen-drie-eenheid met een verkoelend effect, een kleurrijk regenboogsnoeparoma en een authentieke bosbessensnoepsmaak. Elk profiel wordt perfect in balans gebracht door gespecialiseerde 0,9\u03a9 mesh-coils en biedt unieke dampeigenschappen.<\/p>\n<p class=\"whitespace-normal break-words\">Met een batterijcapaciteit van 650 mAh en Type-C snelladen biedt dit apparaat maximale betrouwbaarheid voor alle creatieve smaken. Het slimme monitoringsysteem geeft continu informatie over de status en het vulniveau van elk aromareservoir.<\/p>\n<h3 class=\"text-lg font-bold text-text-100 mt-1 -mb-1.5\">Ontdek meer WASPE VAPE bij vozolpuff<\/h3>\n<p class=\"whitespace-normal break-words\">Bezoek onze <strong><a class=\"underline\" href=\"https:\/\/vozolpuff.de\/nl\/\">Speciale winkel voor vapen<\/a><\/strong> Voor meer exclusieve producten kunt u onze website bekijken. <strong><a class=\"underline\" href=\"https:\/\/vozolpuff.de\/nl\/product-category\/waspe-vape\/\">WASPE VAPE-serie<\/a><\/strong> of ontdek de volledige <strong><a class=\"underline\" href=\"https:\/\/vozolpuff.de\/nl\/product-category\/waspe-vape\/waspe-aiviou-60000\/\">WASPE AIVIOU 60000 Aromakeuze<\/a><\/strong>.<\/p>","protected":false},"excerpt":{"rendered":"<div>\n<div class=\"grid-cols-1 grid gap-2.5 [&amp;_&gt;_*]:min-w-0 !gap-3.5\">\n<p class=\"whitespace-normal break-words\">Die WASPE AIVIOU 60000 Triple Melon Ice\/Rainbow Candy\/Blueberry Candy Einweg-Vape bietet drei au\u00dfergew\u00f6hnliche Geschmackskompositionen. 60.000 Z\u00fcge, Dreifach-Coil-Innovation, 54ml Tank, 0-5% Nikotin f\u00fcr personalisierten Genuss.<\/p>\n<\/div>\n<\/div>\n<div class=\"h-8\"><\/div>\n","protected":false},"featured_media":4302,"comment_status":"open","ping_status":"closed","template":"","meta":{"_acf_changed":false},"product_brand":[],"product_cat":[53],"product_tag":[],"class_list":{"0":"post-4300","1":"product","2":"type-product","3":"status-publish","4":"has-post-thumbnail","6":"product_cat-waspe-aiviou-60000","8":"first","9":"instock","10":"shipping-taxable","11":"purchasable","12":"product-type-variable"},"acf":[],"_links":{"self":[{"href":"https:\/\/vozolpuff.de\/nl\/wp-json\/wp\/v2\/product\/4300","targetHints":{"allow":["GET"]}}],"collection":[{"href":"https:\/\/vozolpuff.de\/nl\/wp-json\/wp\/v2\/product"}],"about":[{"href":"https:\/\/vozolpuff.de\/nl\/wp-json\/wp\/v2\/types\/product"}],"replies":[{"embeddable":true,"href":"https:\/\/vozolpuff.de\/nl\/wp-json\/wp\/v2\/comments?post=4300"}],"wp:featuredmedia":[{"embeddable":true,"href":"https:\/\/vozolpuff.de\/nl\/wp-json\/wp\/v2\/media\/4302"}],"wp:attachment":[{"href":"https:\/\/vozolpuff.de\/nl\/wp-json\/wp\/v2\/media?parent=4300"}],"wp:term":[{"taxonomy":"product_brand","embeddable":true,"href":"https:\/\/vozolpuff.de\/nl\/wp-json\/wp\/v2\/product_brand?post=4300"},{"taxonomy":"product_cat","embeddable":true,"href":"https:\/\/vozolpuff.de\/nl\/wp-json\/wp\/v2\/product_cat?post=4300"},{"taxonomy":"product_tag","embeddable":true,"href":"https:\/\/vozolpuff.de\/nl\/wp-json\/wp\/v2\/product_tag?post=4300"}],"curies":[{"name":"wp","href":"https:\/\/api.w.org\/{rel}","templated":true}]}}