{"id":7496,"date":"2025-10-29T13:33:54","date_gmt":"2025-10-29T12:33:54","guid":{"rendered":"https:\/\/vozolpuff.de\/?post_type=product&#038;p=7496"},"modified":"2025-10-29T13:33:54","modified_gmt":"2025-10-29T12:33:54","slug":"jnr-alien-10000-tropical-punch","status":"publish","type":"product","link":"https:\/\/vozolpuff.de\/nl\/product\/jnr-alien-10000-tropical-punch\/","title":{"rendered":"JNR Buitenaards 10000 Tropisch Punch"},"content":{"rendered":"<div data-test-render-count=\"2\">\n<div class=\"group  relative pb-8\" data-is-streaming=\"false\">\n<div class=\"font-claude-response  relative  leading-[1.65rem]  [&amp;_pre&gt;div]:bg-bg-000\/50  [&amp;_pre&gt;div]:border-0.5  [&amp;_pre&gt;div]:border-border-400  [&amp;_.ignore-pre-bg&gt;div]:bg-transparent  [&amp;_.standard-markdown_:is(p,blockquote,h1,h2,h3,h4,h5,h6)]:pl-2  [&amp;_.standard-markdown_:is(p,blockquote,ul,ol,h1,h2,h3,h4,h5,h6)]:pr-8  [&amp;_.progressive-markdown_:is(p,blockquote,h1,h2,h3,h4,h5,h6)]:pl-2  [&amp;_.progressive-markdown_:is(p,blockquote,ul,ol,h1,h2,h3,h4,h5,h6)]:pr-8\">\n<div class=\"grid-cols-1 grid gap-2.5 [&amp;_&gt;_*]:min-w-0 standard-markdown\">\n<h2 class=\"text-xl font-bold text-text-100 mt-1 -mb-0.5\">JNR Alien 10000 Tropical Punch Einweg E-Zigarette<\/h2>\n<p class=\"whitespace-normal break-words\">Die <strong>JNR Alien 10000 Tropical Punch<\/strong> pr\u00e4sentiert eine exotische Fruchtmischung aus tropischen Fr\u00fcchten, die an paradiesische Str\u00e4nde erinnert. Mit einer imposanten Kapazit\u00e4t von ungef\u00e4hr 10.000 Z\u00fcgen und 20ml Premium E-Liquid bietet diese Einweg E-Zigarette langfristigen tropischen Genuss. Der 850mAh Akku und die 1,2\u03a9 Mesh Coil liefern durchweg kraftvolle Aromen.<\/p>\n<\/div>\n<\/div>\n<\/div>\n<\/div>\n<div data-test-render-count=\"1\">\n<div>\n<div class=\"group  relative pb-3\" data-is-streaming=\"false\">\n<div class=\"font-claude-response  relative  leading-[1.65rem]  [&amp;_pre&gt;div]:bg-bg-000\/50  [&amp;_pre&gt;div]:border-0.5  [&amp;_pre&gt;div]:border-border-400  [&amp;_.ignore-pre-bg&gt;div]:bg-transparent  [&amp;_.standard-markdown_:is(p,blockquote,h1,h2,h3,h4,h5,h6)]:pl-2  [&amp;_.standard-markdown_:is(p,blockquote,ul,ol,h1,h2,h3,h4,h5,h6)]:pr-8  [&amp;_.progressive-markdown_:is(p,blockquote,h1,h2,h3,h4,h5,h6)]:pl-2  [&amp;_.progressive-markdown_:is(p,blockquote,ul,ol,h1,h2,h3,h4,h5,h6)]:pr-8\">\n<div>\n<div class=\"grid-cols-1 grid gap-2.5 [&amp;_&gt;_*]:min-w-0 standard-markdown\">\n<h3 class=\"whitespace-normal break-words\">NR Alien 10000 Tropical Punch:<\/h3>\n<p class=\"whitespace-normal break-words\">Erleben Sie eine explosive Mischung exotischer Tropenfr\u00fcchte, die Mango, Passionsfrucht, Ananas und weitere sonnenverw\u00f6hnte Aromen vereint. Die 2% Nikotinst\u00e4rke erm\u00f6glicht ein sanftes, befriedigendes Dampfvergn\u00fcgen ohne Kratzen im Hals. Die fortschrittliche 1,2\u03a9 Mesh Coil entfaltet die vielschichtige Fruchtkombination perfekt und erzeugt best\u00e4ndig \u00fcppige, aromatische Dampfwolken, die Sie in tropische Gefilde entf\u00fchren.<\/p>\n<p class=\"whitespace-normal break-words\">Die verl\u00e4ssliche 850mAh Batterie gew\u00e4hrleistet langanhaltende Performance f\u00fcr den t\u00e4glichen Gebrauch. Der moderne Typ-C Ladeanschluss erm\u00f6glicht ultraschnelle Aufladung mit minimalen Unterbrechungen. Farbenfrohe RGB LED-Illumination in dynamischen Mustern verst\u00e4rkt das tropische Ambiente visuell, w\u00e4hrend die ergonomische Konstruktion mit Trageband perfekte Alltagstauglichkeit bietet.<\/p>\n<h3 class=\"text-lg font-bold text-text-100 mt-1 -mb-1.5\">Technische Eigenschaften:<\/h3>\n<ul class=\"[&amp;:not(:last-child)_ul]:pb-1 [&amp;:not(:last-child)_ol]:pb-1 list-disc space-y-2.5 pl-7\">\n<li class=\"whitespace-normal break-words\"><strong>Zugkapazit\u00e4t:<\/strong> Bis zu 10.000 Z\u00fcge<\/li>\n<li class=\"whitespace-normal break-words\"><strong>Liquid-Volumen:<\/strong> 20ml (vorbef\u00fcllt)<\/li>\n<li class=\"whitespace-normal break-words\"><strong>Nikotingehalt:<\/strong> 2%<\/li>\n<li class=\"whitespace-normal break-words\"><strong>Verdampfer:<\/strong> 1,2\u03a9 Mesh Coil f\u00fcr tropische Aromen<\/li>\n<li class=\"whitespace-normal break-words\"><strong>Batterie:<\/strong> 850mAh wiederaufladbar<\/li>\n<li class=\"whitespace-normal break-words\"><strong>Aufladung:<\/strong> Typ-C Schnellladung<\/li>\n<li class=\"whitespace-normal break-words\"><strong>Lichteffekte:<\/strong> RGB LED-Lichter<\/li>\n<li class=\"whitespace-normal break-words\"><strong>Portabilit\u00e4t:<\/strong> Trageschlaufe f\u00fcr Mobilit\u00e4t<\/li>\n<li class=\"whitespace-normal break-words\"><strong>Verpackungseinheit:<\/strong> 10 St\u00fcck\/Box<\/li>\n<\/ul>\n<h3 class=\"text-lg font-bold text-text-100 mt-1 -mb-1.5\">Mehr JNR VAPE bei vozolpuff entdecken<\/h3>\n<p class=\"whitespace-normal break-words\">St\u00f6bern Sie durch weitere erstklassige Vaping-Produkte in unserem <strong><a class=\"underline\" href=\"https:\/\/vozolpuff.de\/\">Vozol Puff Online-Shop<\/a><\/strong> und entdecken Sie die umfangreiche <strong><a class=\"underline\" href=\"https:\/\/vozolpuff.de\/product-category\/jnr-vape\/\">JNR VAPE Produktwelt<\/a><\/strong>. Die gesamte Geschmacksvielfalt finden Sie in unserer <strong><a class=\"underline\" href=\"https:\/\/vozolpuff.de\/product-category\/jnr-vape\/jnr-alien-10000\/\">JNR Alien 10000 Kollektion<\/a><\/strong>.<\/p>\n<\/div>\n<\/div>\n<\/div>\n<\/div>\n<\/div>\n<\/div>\n","protected":false},"excerpt":{"rendered":"<p class=\"whitespace-normal break-words\">De JNR Alien 10000 Tropical Punch biedt een exotische mix van tropische vruchten zoals mango, passievrucht en ananas. Met 10,000 puffs, 1.2\u03a9 mesh coil, 850mAh batterij en 20ml e-liquid voor hemels genot. Type-C snellader, RGB LED verlichting en draagriem inbegrepen.<\/p>","protected":false},"featured_media":7498,"comment_status":"open","ping_status":"closed","template":"","meta":{"_acf_changed":false},"product_brand":[],"product_cat":[87],"product_tag":[],"class_list":{"0":"post-7496","1":"product","2":"type-product","3":"status-publish","4":"has-post-thumbnail","6":"product_cat-jnr-alien-10000","8":"first","9":"instock","10":"shipping-taxable","11":"purchasable","12":"product-type-variable"},"acf":[],"_links":{"self":[{"href":"https:\/\/vozolpuff.de\/nl\/wp-json\/wp\/v2\/product\/7496","targetHints":{"allow":["GET"]}}],"collection":[{"href":"https:\/\/vozolpuff.de\/nl\/wp-json\/wp\/v2\/product"}],"about":[{"href":"https:\/\/vozolpuff.de\/nl\/wp-json\/wp\/v2\/types\/product"}],"replies":[{"embeddable":true,"href":"https:\/\/vozolpuff.de\/nl\/wp-json\/wp\/v2\/comments?post=7496"}],"wp:featuredmedia":[{"embeddable":true,"href":"https:\/\/vozolpuff.de\/nl\/wp-json\/wp\/v2\/media\/7498"}],"wp:attachment":[{"href":"https:\/\/vozolpuff.de\/nl\/wp-json\/wp\/v2\/media?parent=7496"}],"wp:term":[{"taxonomy":"product_brand","embeddable":true,"href":"https:\/\/vozolpuff.de\/nl\/wp-json\/wp\/v2\/product_brand?post=7496"},{"taxonomy":"product_cat","embeddable":true,"href":"https:\/\/vozolpuff.de\/nl\/wp-json\/wp\/v2\/product_cat?post=7496"},{"taxonomy":"product_tag","embeddable":true,"href":"https:\/\/vozolpuff.de\/nl\/wp-json\/wp\/v2\/product_tag?post=7496"}],"curies":[{"name":"wp","href":"https:\/\/api.w.org\/{rel}","templated":true}]}}