{"id":289,"date":"2025-08-21T09:36:49","date_gmt":"2025-08-21T07:36:49","guid":{"rendered":"https:\/\/vozolpuff.de\/?page_id=289"},"modified":"2025-08-21T09:58:28","modified_gmt":"2025-08-21T07:58:28","slug":"about","status":"publish","type":"page","link":"https:\/\/vozolpuff.de\/pl\/about\/","title":{"rendered":"O"},"content":{"rendered":"<section class=\"section dark\" id=\"section_1388107355\">\n\t\t<div class=\"section-bg fill\" >\n\t\t\t<img loading=\"lazy\" decoding=\"async\" width=\"1024\" height=\"588\" src=\"https:\/\/vozolpuff.de\/wp-content\/uploads\/2025\/08\/\u5fae\u4fe1\u56fe\u7247_20250820223125.png\" class=\"bg attachment- size-\" alt=\"\" \/>\t\t\t\t\t\t<div class=\"section-bg-overlay absolute fill\"><\/div>\n\t\t\t\n\n\t\t<\/div>\n\n\t\t\n\n\t\t<div class=\"section-content relative\">\n\t\t\t\n\n<div class=\"row align-center\"  id=\"row-1990011823\">\n\n\n\t<div id=\"col-308523721\" class=\"col medium-9 small-12 large-7\"  >\n\t\t\t\t<div class=\"col-inner text-center\"  >\n\t\t\t\n\t\t\t\n\n\t<div id=\"text-1889604801\" class=\"text\">\n\t\t\n\n<h3>O nas<\/h3>\n\t\t\n<style>\n#text-1889604801 {\n  font-size: 2.75rem;\n  line-height: 1;\n}\n<\/style>\n\t<\/div>\n\t\n\t<div id=\"text-4059565140\" class=\"text\">\n\t\t\n\n<p><strong>Odkryj vozolpuff.co.uk, sw\u00f3j pierwszy punkt kontaktowy dla wysokiej jako\u015bci jednorazowych produkt\u00f3w do waporyzacji online. Dzi\u0119ki sze\u015bcioletniemu do\u015bwiadczeniu w bran\u017cy, stali\u015bmy si\u0119 zaufanym dystrybutorem wiod\u0105cych marek, takich jak Vozol, Waspe, Bang, JNR, RandM Tornado, Elf Box, Uwin, Vapsolo, Al Fakher i wielu innych szanowanych marek w bran\u017cy waporyzacji. Nasze uznane na ca\u0142ym \u015bwiecie produkty docieraj\u0105 do klient\u00f3w w wielu krajach na ca\u0142ym \u015bwiecie.<\/strong><\/p>\n<p><strong>W vozolpuff.de obs\u0142ugujemy zar\u00f3wno klient\u00f3w detalicznych, jak i hurtownik\u00f3w, oferuj\u0105c kompleksow\u0105 gam\u0119 jednorazowych rozwi\u0105za\u0144 do waporyzacji. Skupiamy si\u0119 na wyj\u0105tkowej jako\u015bci i zadowoleniu klient\u00f3w, co czyni nas niezawodnym i profesjonalnym sprzedawc\u0105 waporyzator\u00f3w.<\/strong><\/p>\n<p><strong>Przejrzyj nasz\u0105 r\u00f3\u017cnorodn\u0105 ofert\u0119 urz\u0105dze\u0144 jednorazowych Vozol, produkt\u00f3w RandM Tornado, produkt\u00f3w Vapsolo, produkt\u00f3w Elf Box i innych marek premium, aby znale\u017a\u0107 idealne rozwi\u0105zanie do waporyzacji dla swoich indywidualnych potrzeb. Niezale\u017cnie od tego, czy jeste\u015b do\u015bwiadczonym entuzjast\u0105 waporyzacji, czy dopiero zaczynasz swoj\u0105 przygod\u0119 z waporyzacj\u0105, w naszej szerokiej ofercie ka\u017cdy znajdzie co\u015b dla siebie.<\/strong><\/p>\n<p><strong>Wybierz vozolpuff.pl, aby cieszy\u0107 si\u0119 bezproblemowymi zakupami, uczciwymi cenami i imponuj\u0105c\u0105 r\u00f3\u017cnorodno\u015bci\u0105 smak\u00f3w i urz\u0105dze\u0144, kt\u00f3re wzbogac\u0105 Twoj\u0105 przygod\u0119 z wapowaniem. Do\u0142\u0105cz do grona naszych zadowolonych klient\u00f3w na ca\u0142ym \u015bwiecie i do\u015bwiadcz praktyczno\u015bci i satysfakcji, jak\u0105 oferuj\u0105 jednorazowe waporyzatory.<\/strong><\/p>\n<p><strong>Zrewolucjonizuj swoje do\u015bwiadczenia z wapowaniem dzi\u0119ki najwy\u017cszej jako\u015bci produktom jednorazowego u\u017cytku od vozolpuff.pl. Zam\u00f3w ju\u017c dzi\u015b i ciesz si\u0119 doskona\u0142o\u015bci\u0105 wapowania w najlepszym wydaniu!<\/strong><\/p>\n\t\t\n<style>\n#text-4059565140 {\n  font-size: 1.2rem;\n  line-height: 1.65;\n  color: rgb(255,255,255);\n}\n#text-4059565140 > * {\n  color: rgb(255,255,255);\n}\n<\/style>\n\t<\/div>\n\t\n\n\t\t<\/div>\n\t\t\t\t\t<\/div>\n\n\t\n\n<\/div>\n\n\t\t<\/div>\n\n\t\t\n<style>\n#section_1388107355 {\n  padding-top: 30px;\n  padding-bottom: 30px;\n  min-height: 600px;\n}\n#section_1388107355 .section-bg-overlay {\n  background-color: rgba(0, 0, 0, 0.4);\n}\n@media (min-width:850px) {\n  #section_1388107355 {\n    min-height: 900px;\n  }\n}\n<\/style>\n\t<\/section>","protected":false},"excerpt":{"rendered":"","protected":false},"author":1,"featured_media":0,"parent":0,"menu_order":0,"comment_status":"closed","ping_status":"closed","template":"","meta":{"_acf_changed":false,"footnotes":""},"class_list":["post-289","page","type-page","status-publish","hentry"],"acf":[],"_links":{"self":[{"href":"https:\/\/vozolpuff.de\/pl\/wp-json\/wp\/v2\/pages\/289","targetHints":{"allow":["GET"]}}],"collection":[{"href":"https:\/\/vozolpuff.de\/pl\/wp-json\/wp\/v2\/pages"}],"about":[{"href":"https:\/\/vozolpuff.de\/pl\/wp-json\/wp\/v2\/types\/page"}],"author":[{"embeddable":true,"href":"https:\/\/vozolpuff.de\/pl\/wp-json\/wp\/v2\/users\/1"}],"replies":[{"embeddable":true,"href":"https:\/\/vozolpuff.de\/pl\/wp-json\/wp\/v2\/comments?post=289"}],"version-history":[{"count":10,"href":"https:\/\/vozolpuff.de\/pl\/wp-json\/wp\/v2\/pages\/289\/revisions"}],"predecessor-version":[{"id":307,"href":"https:\/\/vozolpuff.de\/pl\/wp-json\/wp\/v2\/pages\/289\/revisions\/307"}],"wp:attachment":[{"href":"https:\/\/vozolpuff.de\/pl\/wp-json\/wp\/v2\/media?parent=289"}],"curies":[{"name":"wp","href":"https:\/\/api.w.org\/{rel}","templated":true}]}}