{"id":328,"date":"2025-08-21T10:43:16","date_gmt":"2025-08-21T08:43:16","guid":{"rendered":"https:\/\/vozolpuff.de\/?page_id=328"},"modified":"2025-08-21T10:43:18","modified_gmt":"2025-08-21T08:43:18","slug":"rueckgaberichtlinie","status":"publish","type":"page","link":"https:\/\/vozolpuff.de\/pl\/rueckgaberichtlinie\/","title":{"rendered":"Polityka zwrot\u00f3w"},"content":{"rendered":"<p><strong>Okresy zwrotu i postanowienia og\u00f3lne<\/strong><\/p>\n\n\n\n<ul class=\"wp-block-list\">\n<li><strong>Ramy czasowe zwrotu<\/strong>3 dni na zwrot od daty zakupu<\/li>\n\n\n\n<li><strong>Czas dostawy<\/strong>3 dni na dostaw\u0119 - sprawd\u017a dzia\u0142anie towaru natychmiast po jego dostarczeniu<\/li>\n\n\n\n<li><strong>Up\u0142yw czasu<\/strong>Po up\u0142ywie 3 dni zwrot pieni\u0119dzy lub wymiana nie s\u0105 mo\u017cliwe z jakiegokolwiek powodu.<\/li>\n\n\n\n<li><strong>Zmiany w zam\u00f3wieniu<\/strong>Modyfikacji adresu mo\u017cna dokona\u0107 do momentu wysy\u0142ki, wysy\u0142aj\u0105c wiadomo\u015b\u0107 e-mail na adres czhiwen97@gmail.com.<\/li>\n\n\n\n<li><strong>Po wys\u0142aniu towar\u00f3w<\/strong>Anulowanie nie jest ju\u017c mo\u017cliwe<\/li>\n<\/ul>\n\n\n\n<p><strong>Koszty i op\u0142aty<\/strong><\/p>\n\n\n\n<ul class=\"wp-block-list\">\n<li><strong>Dostawy nie s\u0105 akceptowane<\/strong>30% Op\u0142ata manipulacyjna za odrzucenie paczki lub nieprawid\u0142owy adres z wnioskiem o zwrot pieni\u0119dzy<\/li>\n\n\n\n<li><strong>Op\u0142aty za wysy\u0142k\u0119<\/strong>Zazwyczaj nie podlegaj\u0105 zwrotowi<\/li>\n\n\n\n<li><strong>Koszty przechowywania zwrot\u00f3w<\/strong>50% Op\u0142ata za zwr\u00f3cone, wolne od wad, otwarte towary<\/li>\n<\/ul>\n\n\n\n<p><strong>Towary zatwierdzone do zwrotu<\/strong><\/p>\n\n\n\n<ul class=\"wp-block-list\">\n<li><strong>Przyj\u0119te zwroty<\/strong>Tylko wadliwe produkty b\u0119d\u0105 przyjmowane do zwrotu<\/li>\n\n\n\n<li><strong>Artyku\u0142 standardowy<\/strong>Brak zwrotu pieni\u0119dzy za zwyk\u0142e produkty<\/li>\n<\/ul>\n\n\n\n<p><strong>Produkty nie podlegaj\u0105ce zwrotowi<\/strong> <strong>Wzgl\u0119dy higieniczne i zwi\u0105zane z bezpiecze\u0144stwem:<\/strong><\/p>\n\n\n\n<ul class=\"wp-block-list\">\n<li>P\u0142yny do e-papieros\u00f3w\/e-liquidy<\/li>\n\n\n\n<li>Ustniki, kartrid\u017ce, cewki waporyzator\u00f3w<\/li>\n\n\n\n<li>Systemy z otwartym zbiornikiem\/RDA\/RDTA<\/li>\n\n\n\n<li>Spirale grzewcze, przewody, wata<\/li>\n\n\n\n<li>Pojemnik, jednostki parownika, g\u0142owice parownika<\/li>\n\n\n\n<li>Baterie, \u0142adowarki<\/li>\n<\/ul>\n\n\n\n<p><strong>Dalsze wy\u0142\u0105czenia:<\/strong><\/p>\n\n\n\n<ul class=\"wp-block-list\">\n<li>Bezp\u0142atne lub promocyjne pr\u00f3bki<\/li>\n\n\n\n<li>Indywidualne zam\u00f3wienia przez personel sprzeda\u017cy<\/li>\n\n\n\n<li>Zam\u00f3wienia zbiorcze<\/li>\n\n\n\n<li>Wszystkie przedstawione lub zmodyfikowane produkty<\/li>\n\n\n\n<li>Przedmioty z uszkodzeniami fizycznymi, wilgoci\u0105 lub \u015bladami manipulacji<\/li>\n<\/ul>\n\n\n\n<p><strong>Procedura zwrotu<\/strong><\/p>\n\n\n\n<ul class=\"wp-block-list\">\n<li><strong>Niezb\u0119dne informacje<\/strong>Pe\u0142na nazwa, numer i data zam\u00f3wienia, szczeg\u00f3\u0142y produktu: Oznaczenie, producent, typ, kolor<\/li>\n\n\n\n<li><strong>Rodzaj zwrotu<\/strong>Wadliwy artyku\u0142, niew\u0142a\u015bciwy produkt<\/li>\n\n\n\n<li><strong>\u0179r\u00f3d\u0142o zdj\u0119\u0107<\/strong>Zdj\u0119cie\/wideo kodu kreskowego, numeru seryjnego, kodu QR<\/li>\n\n\n\n<li><strong>Typ zwrotu<\/strong>Zwrot pieni\u0119dzy, kredyt sklepowy lub wymiana produktu<\/li>\n\n\n\n<li><strong>Przesy\u0142ka zwrotna<\/strong>W\u0142asne pakowanie i wysy\u0142ka na koszt klienta<\/li>\n\n\n\n<li><strong>Czas przetwarzania<\/strong>1-3 dni robocze Kontrola po otrzymaniu towaru<\/li>\n\n\n\n<li><strong>Mo\u017cliwo\u015b\u0107 kontaktu<\/strong>: czhiwen97@gmail.com<\/li>\n<\/ul>\n\n\n\n<p><strong>Wymagania dotycz\u0105ce wadliwych element\u00f3w<\/strong><\/p>\n\n\n\n<ul class=\"wp-block-list\">\n<li><strong>Warunki wymiany\/kredytu<\/strong>Brak uszkodze\u0144 fizycznych lub g\u0142\u0119bokich zadrapa\u0144<\/li>\n\n\n\n<li><strong>Brak zwrotu<\/strong>Z powodu drobnych wad optycznych<\/li>\n\n\n\n<li><strong>Kompletno\u015b\u0107<\/strong>Wszystkie dodatkowe cz\u0119\u015bci r\u00f3wnie\u017c musz\u0105 zosta\u0107 wys\u0142ane<\/li>\n\n\n\n<li><strong>Opakowanie<\/strong>Konieczne staranne opakowanie<\/li>\n\n\n\n<li><strong>Kryteria wy\u0142\u0105czenia<\/strong>Artyku\u0142y nie mog\u0105 znajdowa\u0107 si\u0119 na li\u015bcie wyklucze\u0144<\/li>\n<\/ul>\n\n\n\n<p><strong>Przetwarzanie i obs\u0142uga zwrot\u00f3w<\/strong><\/p>\n\n\n\n<ul class=\"wp-block-list\">\n<li><strong>Czas przetwarzania<\/strong>7-10 dni roboczych w przypadku zwrot\u00f3w pocztowych<\/li>\n\n\n\n<li><strong>Przetwarzanie zwrot\u00f3w<\/strong>3-7 dni roboczych na przetworzenie sp\u0142aty<\/li>\n\n\n\n<li><strong>Czas trwania zale\u017cny od banku<\/strong>Do 10 dodatkowych dni w zale\u017cno\u015bci od banku<\/li>\n\n\n\n<li><strong>Ceny regularne<\/strong>Zwrot koszt\u00f3w<\/li>\n\n\n\n<li><strong>Artyku\u0142y promocyjne<\/strong>Nieupowa\u017cniony do zwrotu<\/li>\n\n\n\n<li><strong>Przedmioty wyprzeda\u017cy<\/strong>Brak gwarancji wymiany, nie b\u0119dzie ponownie zam\u00f3wiony<\/li>\n<\/ul>\n\n\n\n<p><strong>Wa\u017cne uwagi<\/strong><\/p>\n\n\n\n<ul class=\"wp-block-list\">\n<li><strong>Odpowiedzialno\u015b\u0107<\/strong>Brak odpowiedzialno\u015bci za zgubione, skradzione lub uszkodzone zwroty<\/li>\n\n\n\n<li><strong>\u017bal kupuj\u0105cego<\/strong>Brak zwrotu otwartych\/u\u017cywanych przedmiot\u00f3w bez wad<\/li>\n\n\n\n<li><strong>Przepisy lokalne<\/strong>Klienci musz\u0105 sprawdzi\u0107 lokalne przepisy<\/li>\n\n\n\n<li><strong>Zastrze\u017cenie<\/strong>Brak porady prawnej ze strony vozolpuff.de<\/li>\n\n\n\n<li><strong>Bezpiecze\u0144stwo akumulatora<\/strong>Nie ponosimy odpowiedzialno\u015bci za szkody spowodowane niew\u0142a\u015bciwym u\u017cytkowaniem baterii<\/li>\n\n\n\n<li><strong>Za pobraniem<\/strong>Nie jest ju\u017c dost\u0119pna jako opcja dostawy<\/li>\n<\/ul>","protected":false},"excerpt":{"rendered":"<p>R\u00fcckgabefristen und Allgemeine Bestimmungen Kosten und Abgaben Zur R\u00fcckgabe berechtigte Waren Nicht r\u00fccksendbare Produkte Hygienische und sicherheitsrelevante Gr\u00fcnde: Weitere Ausschl\u00fcsse: Ablauf der R\u00fcckgabe Voraussetzungen f\u00fcr mangelhafte Artikel Erstattungsabwicklung und Bearbeitung Wesentliche Hinweise<\/p>","protected":false},"author":1,"featured_media":0,"parent":0,"menu_order":0,"comment_status":"closed","ping_status":"closed","template":"","meta":{"_acf_changed":false,"footnotes":""},"class_list":["post-328","page","type-page","status-publish","hentry"],"acf":[],"_links":{"self":[{"href":"https:\/\/vozolpuff.de\/pl\/wp-json\/wp\/v2\/pages\/328","targetHints":{"allow":["GET"]}}],"collection":[{"href":"https:\/\/vozolpuff.de\/pl\/wp-json\/wp\/v2\/pages"}],"about":[{"href":"https:\/\/vozolpuff.de\/pl\/wp-json\/wp\/v2\/types\/page"}],"author":[{"embeddable":true,"href":"https:\/\/vozolpuff.de\/pl\/wp-json\/wp\/v2\/users\/1"}],"replies":[{"embeddable":true,"href":"https:\/\/vozolpuff.de\/pl\/wp-json\/wp\/v2\/comments?post=328"}],"version-history":[{"count":1,"href":"https:\/\/vozolpuff.de\/pl\/wp-json\/wp\/v2\/pages\/328\/revisions"}],"predecessor-version":[{"id":330,"href":"https:\/\/vozolpuff.de\/pl\/wp-json\/wp\/v2\/pages\/328\/revisions\/330"}],"wp:attachment":[{"href":"https:\/\/vozolpuff.de\/pl\/wp-json\/wp\/v2\/media?parent=328"}],"curies":[{"name":"wp","href":"https:\/\/api.w.org\/{rel}","templated":true}]}}