{"id":331,"date":"2025-08-21T10:45:50","date_gmt":"2025-08-21T08:45:50","guid":{"rendered":"https:\/\/vozolpuff.de\/?page_id=331"},"modified":"2025-08-21T10:45:52","modified_gmt":"2025-08-21T08:45:52","slug":"versand-und-lieferung","status":"publish","type":"page","link":"https:\/\/vozolpuff.de\/pl\/versand-und-lieferung\/","title":{"rendered":"Wysy\u0142ka i dostawa"},"content":{"rendered":"<h2 class=\"wp-block-heading\"><strong>Przetwarzanie i wysy\u0142ka zam\u00f3wie\u0144<\/strong><\/h2>\n\n\n\n<ul class=\"wp-block-list\">\n<li><strong>Czas przetwarzania<\/strong>Zam\u00f3wienia s\u0105 przetwarzane i wysy\u0142ane w ci\u0105gu 1-5 dni roboczych.<\/li>\n\n\n\n<li><strong>Standardowy czas dostawy<\/strong>Zwykle czas dostawy wynosi 10-15 dni roboczych<\/li>\n\n\n\n<li><strong>Przerwa w wysy\u0142ce<\/strong>Towary nie s\u0105 wysy\u0142ane w weekendy i \u015bwi\u0119ta pa\u0144stwowe.<\/li>\n<\/ul>\n\n\n\n<h2 class=\"wp-block-heading\"><strong>\u015aledzenie przesy\u0142ek<\/strong><\/h2>\n\n\n\n<ul class=\"wp-block-list\">\n<li><strong>Powiadomienie o \u015bledzeniu<\/strong>Po wysy\u0142ce klienci otrzymuj\u0105 wiadomo\u015b\u0107 e-mail z numerem \u015bledzenia przesy\u0142ki w celu jej kontroli.<\/li>\n\n\n\n<li><strong>Aktualizacja danych \u015bledzenia<\/strong>Informacje o \u015bledzeniu s\u0105 aktualizowane dopiero 3-7 dni po wysy\u0142ce.<\/li>\n<\/ul>\n\n\n\n<h2 class=\"wp-block-heading\"><strong>Zmiany i anulowanie zam\u00f3wie\u0144<\/strong><\/h2>\n\n\n\n<ul class=\"wp-block-list\">\n<li><strong>Przed wysy\u0142k\u0105<\/strong>Zam\u00f3wienia mo\u017cna anulowa\u0107 przed wysy\u0142k\u0105 lub zmieni\u0107 adres dostawy.<\/li>\n\n\n\n<li><strong>Po wysy\u0142ce<\/strong>Po wysy\u0142ce nie ma mo\u017cliwo\u015bci zwrotu pieni\u0119dzy ani zmiany adresu.<\/li>\n<\/ul>\n\n\n\n<h2 class=\"wp-block-heading\"><strong>Odprawa celna i odprawa celna<\/strong><\/h2>\n\n\n\n<ul class=\"wp-block-list\">\n<li><strong>Dostawa DDP (Delivery Duty Paid)<\/strong>Jest oferowany do nast\u0119puj\u0105cych kraj\u00f3w\/region\u00f3w, przy czym nie s\u0105 ponoszone \u017cadne koszty obs\u0142ugi celnej ani koszty celne:\n<ul class=\"wp-block-list\">\n<li>USA (za po\u015brednictwem UPS, z wyj\u0105tkiem Alaski i Hawaj\u00f3w)<\/li>\n\n\n\n<li>Australia (za po\u015brednictwem Australia Post)<\/li>\n\n\n\n<li>Wielka Brytania (za po\u015brednictwem DPD Express)<\/li>\n\n\n\n<li>Europa (za po\u015brednictwem DHL Express \/ DPD Express)<\/li>\n<\/ul>\n<\/li>\n<\/ul>\n\n\n\n<h2 class=\"wp-block-heading\"><strong>Ograniczenia dotycz\u0105ce us\u0142ug<\/strong><\/h2>\n\n\n\n<ul class=\"wp-block-list\">\n<li><strong>Kraje niedost\u0119pne<\/strong>Us\u0142uga nie jest dost\u0119pna w niekt\u00f3rych krajach, w kt\u00f3rych obowi\u0105zuj\u0105 surowe przepisy celne: Danii, Australii, Norwegii i Szwajcarii.<\/li>\n<\/ul>\n\n\n\n<h2 class=\"wp-block-heading\"><strong>Informacje uzupe\u0142niaj\u0105ce<\/strong><\/h2>\n\n\n\n<ul class=\"wp-block-list\">\n<li><strong>Odleg\u0142e regiony<\/strong>W przypadku trudno dost\u0119pnych obszar\u00f3w mog\u0105 obowi\u0105zywa\u0107 dodatkowe koszty i d\u0142u\u017cszy czas dostawy.<\/li>\n\n\n\n<li><strong>Obs\u0142uga klienta<\/strong>W razie jakichkolwiek pyta\u0144 prosimy o kontakt z dzia\u0142em obs\u0142ugi klienta pod adresem czhiwen97@gmail.com.<\/li>\n<\/ul>","protected":false},"excerpt":{"rendered":"<p>Auftragsabwicklung und Versendung Paketverfolgung \u00c4nderungen und Stornierungen von Bestellungen Zollabwicklung und Verzollung Servicebeschr\u00e4nkungen Erg\u00e4nzende Informationen<\/p>","protected":false},"author":1,"featured_media":0,"parent":0,"menu_order":0,"comment_status":"closed","ping_status":"closed","template":"","meta":{"_acf_changed":false,"footnotes":""},"class_list":["post-331","page","type-page","status-publish","hentry"],"acf":[],"_links":{"self":[{"href":"https:\/\/vozolpuff.de\/pl\/wp-json\/wp\/v2\/pages\/331","targetHints":{"allow":["GET"]}}],"collection":[{"href":"https:\/\/vozolpuff.de\/pl\/wp-json\/wp\/v2\/pages"}],"about":[{"href":"https:\/\/vozolpuff.de\/pl\/wp-json\/wp\/v2\/types\/page"}],"author":[{"embeddable":true,"href":"https:\/\/vozolpuff.de\/pl\/wp-json\/wp\/v2\/users\/1"}],"replies":[{"embeddable":true,"href":"https:\/\/vozolpuff.de\/pl\/wp-json\/wp\/v2\/comments?post=331"}],"version-history":[{"count":2,"href":"https:\/\/vozolpuff.de\/pl\/wp-json\/wp\/v2\/pages\/331\/revisions"}],"predecessor-version":[{"id":2549,"href":"https:\/\/vozolpuff.de\/pl\/wp-json\/wp\/v2\/pages\/331\/revisions\/2549"}],"wp:attachment":[{"href":"https:\/\/vozolpuff.de\/pl\/wp-json\/wp\/v2\/media?parent=331"}],"curies":[{"name":"wp","href":"https:\/\/api.w.org\/{rel}","templated":true}]}}