{"id":1004,"date":"2025-08-24T16:34:44","date_gmt":"2025-08-24T14:34:44","guid":{"rendered":"https:\/\/vozolpuff.de\/?post_type=product&#038;p=1004"},"modified":"2026-01-15T11:50:59","modified_gmt":"2026-01-15T10:50:59","slug":"vozol-rave-40000-tropical-blast","status":"publish","type":"product","link":"https:\/\/vozolpuff.de\/pl\/produkt\/vozol-rave-40000-tropical-blast\/","title":{"rendered":"Vozol Rave 40000 Tropical Blast"},"content":{"rendered":"<h2 class=\"text-xl font-bold text-text-100 mt-1 -mb-0.5\">Vozol Rave 40000 Tropical Blast jednorazowy vape<\/h2>\n<p class=\"whitespace-normal break-words\">Niech VOZOL RAVE 40000 Tropical Blast przeniesie Ci\u0119 w tropikalne klimaty. Ta egzotyczna kompozycja smakowa \u0142\u0105czy w sobie soczystego ananasa, dojrza\u0142e mango i inne owoce tropikalne, tworz\u0105c s\u0142oneczn\u0105, aromatyczn\u0105 podr\u00f3\u017c. Rewolucyjna technologia zakrzywionego ekranu 3D zamienia ka\u017cde zaci\u0105gni\u0119cie si\u0119 w wizualny spektakl.<\/p>\n<h3 class=\"text-lg font-bold text-text-100 mt-1 -mb-1.5\">Cechy Tropical Blast:<\/h3>\n<p class=\"whitespace-normal break-words\"><strong>Zawarto\u015b\u0107 cieczy:<\/strong> 20 ml kompozycji owoc\u00f3w tropikalnych<br \/>\n<strong>Akumulator:<\/strong> Modu\u0142 zasilania o pojemno\u015bci 1000 mAh<br \/>\n<strong>Zakres waporyzacji:<\/strong> Oko\u0142o 40 000 zaci\u0105gni\u0119\u0107 (standardowo) | 25 000 zaci\u0105gni\u0119\u0107 (intensywnie)<br \/>\n<strong>Poziom nikotyny:<\/strong> 5% (50 mg) dla pe\u0142nej przyjemno\u015bci.<br \/>\n<strong>Atomiser-Tech:<\/strong> Zaawansowana waporyzacja cewki siatkowej<br \/>\n<strong>Kontrola przep\u0142ywu:<\/strong> Konfigurowalna cyrkulacja powietrza<br \/>\n<strong>Monitor stanu:<\/strong> Wy\u015bwietlacz LED informuj\u0105cy o urz\u0105dzeniu<br \/>\n<strong>Czujnik ruchu:<\/strong> Technologia wykrywania 270\u00b0 z animacj\u0105 na \u017cywo<br \/>\n<strong>Tryby pracy:<\/strong> Dwuetapowe zarz\u0105dzanie wydajno\u015bci\u0105<br \/>\n<strong>Jednostka przetwarzania:<\/strong> Dwurdzeniowy MCU z innowacj\u0105 S.i.L.C.<\/p>\n<h3 class=\"text-lg font-bold text-text-100 mt-1 -mb-1.5\">Odkryj wi\u0119cej VOZOL VAPE na vozolpuff<\/h3>\n<p class=\"whitespace-normal break-words\">Odkryj wi\u0119cej wysokiej jako\u015bci e-papieros\u00f3w na naszej stronie <strong><a class=\"underline\" href=\"https:\/\/vozolpuff.de\/pl\/\">Strona g\u0142\u00f3wna<\/a><\/strong>zapoznaj si\u0119 z pe\u0142n\u0105 <strong><a class=\"underline\" href=\"https:\/\/vozolpuff.de\/pl\/product-category\/vozol-vape\/\">Kolekcja VOZOL VAPE<\/a><\/strong> lub przejrze\u0107 wszystkie dost\u0119pne <strong><a class=\"underline\" href=\"https:\/\/vozolpuff.de\/pl\/product-category\/vozol-vape\/vozol-rave-40000\/\">Vozol Rave 40000 smak\u00f3w<\/a><\/strong>.<\/p>","protected":false},"excerpt":{"rendered":"<p>Jednorazowy waporyzator VOZOL RAVE 40000 Tropical Blast zabierze Ci\u0119 do tropikalnych klimat\u00f3w z soczystym ananasem, dojrza\u0142ym mango i egzotycznymi owocami. Do 40 000 zaci\u0105gni\u0119\u0107, rewolucyjna technologia zakrzywionego ekranu 3D, bateria 1000 mAh i zaawansowane cewki siatkowe zapewniaj\u0105 s\u0142oneczne podr\u00f3\u017ce smakowe.<\/p>","protected":false},"featured_media":1006,"comment_status":"open","ping_status":"closed","template":"","meta":{"_acf_changed":false},"product_brand":[],"product_cat":[32],"product_tag":[],"class_list":{"0":"post-1004","1":"product","2":"type-product","3":"status-publish","4":"has-post-thumbnail","6":"product_cat-vozol-rave-40000","8":"first","9":"instock","10":"shipping-taxable","11":"purchasable","12":"product-type-variable"},"acf":[],"_links":{"self":[{"href":"https:\/\/vozolpuff.de\/pl\/wp-json\/wp\/v2\/product\/1004","targetHints":{"allow":["GET"]}}],"collection":[{"href":"https:\/\/vozolpuff.de\/pl\/wp-json\/wp\/v2\/product"}],"about":[{"href":"https:\/\/vozolpuff.de\/pl\/wp-json\/wp\/v2\/types\/product"}],"replies":[{"embeddable":true,"href":"https:\/\/vozolpuff.de\/pl\/wp-json\/wp\/v2\/comments?post=1004"}],"wp:featuredmedia":[{"embeddable":true,"href":"https:\/\/vozolpuff.de\/pl\/wp-json\/wp\/v2\/media\/1006"}],"wp:attachment":[{"href":"https:\/\/vozolpuff.de\/pl\/wp-json\/wp\/v2\/media?parent=1004"}],"wp:term":[{"taxonomy":"product_brand","embeddable":true,"href":"https:\/\/vozolpuff.de\/pl\/wp-json\/wp\/v2\/product_brand?post=1004"},{"taxonomy":"product_cat","embeddable":true,"href":"https:\/\/vozolpuff.de\/pl\/wp-json\/wp\/v2\/product_cat?post=1004"},{"taxonomy":"product_tag","embeddable":true,"href":"https:\/\/vozolpuff.de\/pl\/wp-json\/wp\/v2\/product_tag?post=1004"}],"curies":[{"name":"wp","href":"https:\/\/api.w.org\/{rel}","templated":true}]}}