{"id":1019,"date":"2025-08-24T16:42:29","date_gmt":"2025-08-24T14:42:29","guid":{"rendered":"https:\/\/vozolpuff.de\/?post_type=product&#038;p=1019"},"modified":"2026-01-15T11:50:20","modified_gmt":"2026-01-15T10:50:20","slug":"vozol-rave-40000-kiwi-passion-fruit-guava","status":"publish","type":"product","link":"https:\/\/vozolpuff.de\/pl\/produkt\/vozol-rave-40000-kiwi-passion-fruit-guava\/","title":{"rendered":"Vozol Rave 40000 Kiwi Passion Fruit Guava"},"content":{"rendered":"<h2 class=\"text-xl font-bold text-text-100 mt-1 -mb-0.5\">Vozol Rave 40000 Kiwi Passion Fruit Guava Jednorazowy vape<\/h2>\n<p class=\"whitespace-normal break-words\">Zanurz si\u0119 w tropikalnym \u015bwiecie VOZOL RAVE 40000 Kiwi Passion Fruit Guava. To wyj\u0105tkowe po\u0142\u0105czenie trzech sk\u0142adnik\u00f3w: kwa\u015bnego kiwi, aromatycznej marakui i s\u0142odkiej guawy tworzy niezwykle z\u0142o\u017cone doznania smakowe. Futurystyczny, zakrzywiony wy\u015bwietlacz 3D podkre\u015bla najwy\u017csz\u0105 jako\u015b\u0107 tego jednorazowego urz\u0105dzenia.<\/p>\n<h3 class=\"text-lg font-bold text-text-100 mt-1 -mb-1.5\">W\u0142a\u015bciwo\u015bci Kiwi Passion Fruit Guava Edition:<\/h3>\n<p class=\"whitespace-normal break-words\"><strong>Zbiornik cieczy:<\/strong> 20 ml tropikalnej symfonii trzech owoc\u00f3w<br \/>\n<strong>\u0179r\u00f3d\u0142o zasilania:<\/strong> Bateria o du\u017cej mocy 1000 mAh z interfejsem typu C<br \/>\n<strong>Limit u\u017cytkowania:<\/strong> Oko\u0142o 40 000 impuls\u00f3w pary (tryb normalny) | 25 000 (tryb turbo)<br \/>\n<strong>Moc nikotynowa:<\/strong> 5% (50 mg) dla silnego dzia\u0142ania na gard\u0142o<br \/>\n<strong>System waporyzatora:<\/strong> Zaawansowana technologia siatki zapewniaj\u0105ca wierno\u015b\u0107 smaku<br \/>\n<strong>Kontrola powietrza:<\/strong> P\u0142ynna regulacja oporu<br \/>\n<strong>Wy\u015bwietlacz informacyjny:<\/strong> Monitorowanie mocy i poziomu nape\u0142nienia na \u017cywo<br \/>\n<strong>Wykrywanie rytmu:<\/strong> Rozpoznawanie 270\u00b0 z dynamiczn\u0105 grafik\u0105<br \/>\n<strong>Zmiana stylu:<\/strong> Dwustopniowa regulacja mocy<br \/>\n<strong>Technologia procesora:<\/strong> System podw\u00f3jnego mikrokontrolera z rozwojem S.i.L.C<\/p>\n<h3 class=\"text-lg font-bold text-text-100 mt-1 -mb-1.5\">Odkryj wi\u0119cej VOZOL VAPE na vozolpuff<\/h3>\n<p class=\"whitespace-normal break-words\">Odkryj wi\u0119cej wysokiej jako\u015bci e-papieros\u00f3w na naszej stronie <strong><a class=\"underline\" href=\"https:\/\/vozolpuff.de\/pl\/\">Strona g\u0142\u00f3wna<\/a><\/strong>zapoznaj si\u0119 z pe\u0142n\u0105 <strong><a class=\"underline\" href=\"https:\/\/vozolpuff.de\/pl\/product-category\/vozol-vape\/\">Kolekcja VOZOL VAPE<\/a><\/strong> lub przejrze\u0107 wszystkie dost\u0119pne <strong><a class=\"underline\" href=\"https:\/\/vozolpuff.de\/pl\/product-category\/vozol-vape\/vozol-rave-40000\/\">Vozol Rave 40000 smak\u00f3w<\/a><\/strong>.<\/p>","protected":false},"excerpt":{"rendered":"<p>Jednorazowy vape VOZOL RAVE 40000 Kiwi Passion Fruit Guava \u0142\u0105czy w sobie kwaskowaty kiwi, aromatyczn\u0105 marakuj\u0119 i s\u0142odk\u0105 guaw\u0119, tworz\u0105c wykwintn\u0105 tropikaln\u0105 symfoni\u0119 trzech smak\u00f3w. Do 40 000 zaci\u0105gni\u0119\u0107, futurystyczny wy\u015bwietlacz 3D Curved, bateria 1000 mAh i zaawansowana technologia Mesh.<\/p>","protected":false},"featured_media":1021,"comment_status":"open","ping_status":"closed","template":"","meta":{"_acf_changed":false},"product_brand":[],"product_cat":[32],"product_tag":[],"class_list":{"0":"post-1019","1":"product","2":"type-product","3":"status-publish","4":"has-post-thumbnail","6":"product_cat-vozol-rave-40000","8":"first","9":"instock","10":"shipping-taxable","11":"purchasable","12":"product-type-variable"},"acf":[],"_links":{"self":[{"href":"https:\/\/vozolpuff.de\/pl\/wp-json\/wp\/v2\/product\/1019","targetHints":{"allow":["GET"]}}],"collection":[{"href":"https:\/\/vozolpuff.de\/pl\/wp-json\/wp\/v2\/product"}],"about":[{"href":"https:\/\/vozolpuff.de\/pl\/wp-json\/wp\/v2\/types\/product"}],"replies":[{"embeddable":true,"href":"https:\/\/vozolpuff.de\/pl\/wp-json\/wp\/v2\/comments?post=1019"}],"wp:featuredmedia":[{"embeddable":true,"href":"https:\/\/vozolpuff.de\/pl\/wp-json\/wp\/v2\/media\/1021"}],"wp:attachment":[{"href":"https:\/\/vozolpuff.de\/pl\/wp-json\/wp\/v2\/media?parent=1019"}],"wp:term":[{"taxonomy":"product_brand","embeddable":true,"href":"https:\/\/vozolpuff.de\/pl\/wp-json\/wp\/v2\/product_brand?post=1019"},{"taxonomy":"product_cat","embeddable":true,"href":"https:\/\/vozolpuff.de\/pl\/wp-json\/wp\/v2\/product_cat?post=1019"},{"taxonomy":"product_tag","embeddable":true,"href":"https:\/\/vozolpuff.de\/pl\/wp-json\/wp\/v2\/product_tag?post=1019"}],"curies":[{"name":"wp","href":"https:\/\/api.w.org\/{rel}","templated":true}]}}