{"id":1024,"date":"2025-08-24T16:45:11","date_gmt":"2025-08-24T14:45:11","guid":{"rendered":"https:\/\/vozolpuff.de\/?post_type=product&#038;p=1024"},"modified":"2026-01-15T11:50:08","modified_gmt":"2026-01-15T10:50:08","slug":"vozol-rave-40000-arabic-coffee","status":"publish","type":"product","link":"https:\/\/vozolpuff.de\/pl\/produkt\/vozol-rave-40000-arabic-coffee\/","title":{"rendered":"Kawa arabska Vozol Rave 40000"},"content":{"rendered":"<h2 class=\"text-xl font-bold text-text-100 mt-1 -mb-0.5\">Vozol Rave 40000 Arabic Coffee jednorazowy vape<\/h2>\n<p class=\"whitespace-normal break-words\">Ciesz si\u0119 autentycznym smakiem kawy arabskiej dzi\u0119ki VOZOL RAVE 40000 Arabic Coffee. Ten niezwyk\u0142y smak przenosi bogate, palone nuty tradycyjnej kawy arabskiej bezpo\u015brednio do sesji waporyzacji. Dzi\u0119ki innowacyjnej technologii wykrywania rytmu, ka\u017cde zaci\u0105gni\u0119cie si\u0119 staje si\u0119 aromatycznym do\u015bwiadczeniem jak w orientalnej kawiarni.<\/p>\n<h3 class=\"text-lg font-bold text-text-100 mt-1 -mb-1.5\">Cechy techniczne wersji Arabic Coffee:<\/h3>\n<p class=\"whitespace-normal break-words\"><strong>Obj\u0119to\u015b\u0107 E-Juice:<\/strong> 20 ml autentycznej esencji kawowej<br \/>\n<strong>Modu\u0142 baterii:<\/strong> 1000 mAh bateria o d\u0142ugiej \u017cywotno\u015bci ze z\u0142\u0105czem USB-C<br \/>\n<strong>Zakres opar\u00f3w:<\/strong> Maksymalnie 40 000 inhalacji (tryb \u0142agodny) | 25 000 (tryb intensywny)<br \/>\n<strong>Dawka nikotyny:<\/strong> 5% (50 mg) dla pe\u0142nej przyjemno\u015bci.<br \/>\n<strong>System ogrzewania:<\/strong> Precyzyjne cewki siatkowe dla zachowania aromatu kawy<br \/>\n<strong>Konstrukcja przep\u0142ywu powietrza:<\/strong> Regulowany kana\u0142 powietrzny<br \/>\n<strong>Ekran stanu:<\/strong> Cyfrowy wy\u015bwietlacz stanu urz\u0105dzenia<br \/>\n<strong>Wy\u015bwietlanie ruchu:<\/strong> Technologia czujnika 270\u00b0 z efektami wizualnymi<br \/>\n<strong>Kontrola zasilania:<\/strong> Dwupoziomowa kontrola dzia\u0142ania<br \/>\n<strong>Procesor-rdze\u0144:<\/strong> Podw\u00f3jna baza technologiczna MCU S.i.L.C.<\/p>\n<h3 class=\"text-lg font-bold text-text-100 mt-1 -mb-1.5\">Odkryj wi\u0119cej VOZOL VAPE na vozolpuff<\/h3>\n<p class=\"whitespace-normal break-words\">Odkryj wi\u0119cej wysokiej jako\u015bci e-papieros\u00f3w na naszej stronie <strong><a class=\"underline\" href=\"https:\/\/vozolpuff.de\/pl\/\">Strona g\u0142\u00f3wna<\/a><\/strong>zapoznaj si\u0119 z pe\u0142n\u0105 <strong><a class=\"underline\" href=\"https:\/\/vozolpuff.de\/pl\/product-category\/vozol-vape\/\">Kolekcja VOZOL VAPE<\/a><\/strong> lub przejrze\u0107 wszystkie dost\u0119pne <strong><a class=\"underline\" href=\"https:\/\/vozolpuff.de\/pl\/product-category\/vozol-vape\/vozol-rave-40000\/\">Vozol Rave 40000 smak\u00f3w<\/a><\/strong>.<\/p>","protected":false},"excerpt":{"rendered":"<p>Jednorazowy waporyzator VOZOL RAVE 40000 Arabic Coffee zapewnia autentyczny smak kawy arabskiej z bogatymi, palonymi nutami bezpo\u015brednio podczas sesji waporyzacji. Posiada do 40 000 zaci\u0105gni\u0119\u0107, innowacyjn\u0105 technologi\u0119 wykrywania rytmu, bateri\u0119 1000 mAh i precyzyjne cewki siatkowe zapewniaj\u0105ce orientalne doznania w kawiarni.<\/p>","protected":false},"featured_media":1026,"comment_status":"open","ping_status":"closed","template":"","meta":{"_acf_changed":false},"product_brand":[],"product_cat":[32],"product_tag":[],"class_list":{"0":"post-1024","1":"product","2":"type-product","3":"status-publish","4":"has-post-thumbnail","6":"product_cat-vozol-rave-40000","8":"first","9":"instock","10":"shipping-taxable","11":"purchasable","12":"product-type-variable"},"acf":[],"_links":{"self":[{"href":"https:\/\/vozolpuff.de\/pl\/wp-json\/wp\/v2\/product\/1024","targetHints":{"allow":["GET"]}}],"collection":[{"href":"https:\/\/vozolpuff.de\/pl\/wp-json\/wp\/v2\/product"}],"about":[{"href":"https:\/\/vozolpuff.de\/pl\/wp-json\/wp\/v2\/types\/product"}],"replies":[{"embeddable":true,"href":"https:\/\/vozolpuff.de\/pl\/wp-json\/wp\/v2\/comments?post=1024"}],"wp:featuredmedia":[{"embeddable":true,"href":"https:\/\/vozolpuff.de\/pl\/wp-json\/wp\/v2\/media\/1026"}],"wp:attachment":[{"href":"https:\/\/vozolpuff.de\/pl\/wp-json\/wp\/v2\/media?parent=1024"}],"wp:term":[{"taxonomy":"product_brand","embeddable":true,"href":"https:\/\/vozolpuff.de\/pl\/wp-json\/wp\/v2\/product_brand?post=1024"},{"taxonomy":"product_cat","embeddable":true,"href":"https:\/\/vozolpuff.de\/pl\/wp-json\/wp\/v2\/product_cat?post=1024"},{"taxonomy":"product_tag","embeddable":true,"href":"https:\/\/vozolpuff.de\/pl\/wp-json\/wp\/v2\/product_tag?post=1024"}],"curies":[{"name":"wp","href":"https:\/\/api.w.org\/{rel}","templated":true}]}}