{"id":1029,"date":"2025-08-24T16:47:35","date_gmt":"2025-08-24T14:47:35","guid":{"rendered":"https:\/\/vozolpuff.de\/?post_type=product&#038;p=1029"},"modified":"2026-01-15T11:49:54","modified_gmt":"2026-01-15T10:49:54","slug":"vozol-rave-40000-melon-bubblegum","status":"publish","type":"product","link":"https:\/\/vozolpuff.de\/pl\/produkt\/vozol-rave-40000-melon-bubblegum\/","title":{"rendered":"Vozol Rave 40000 Melon Bubblegum"},"content":{"rendered":"<h2 class=\"text-xl font-bold text-text-100 mt-1 -mb-0.5\">Vozol Rave 40000 Melon Bubblegum Vape jednorazowego u\u017cytku<\/h2>\n<p class=\"whitespace-normal break-words\">Do\u015bwiadcz zabawnego po\u0142\u0105czenia soczystego melona i nostalgicznego smaku gumy balonowej z VOZOL RAVE 40000 Melon Bubblegum. Ta kreatywna kreacja smakowa \u0142\u0105czy \u015bwie\u017co\u015b\u0107 dojrza\u0142ych melon\u00f3w ze s\u0142odkimi wspomnieniami z dzieci\u0144stwa. Interaktywny wy\u015bwietlacz 3D zamienia ka\u017cd\u0105 inhalacj\u0119 w kolorowe do\u015bwiadczenie.<\/p>\n<h3 class=\"text-lg font-bold text-text-100 mt-1 -mb-1.5\">Specyfikacja wariantu Melon Bubblegum:<\/h3>\n<p class=\"whitespace-normal break-words\"><strong>Pojemno\u015b\u0107 zbiornika:<\/strong> 20 ml mieszanki s\u0142odkiego melona i gumy balonowej<br \/>\n<strong>Pakiet energetyczny:<\/strong> Zasilacz akumulatorowy 1000 mAh<br \/>\n<strong>Wydajno\u015b\u0107 puff:<\/strong> Oko\u0142o 40 000 ruch\u00f3w (tryb standardowy) | 25 000 (tryb wysokiej mocy)<br \/>\n<strong>Si\u0142a nikotyny:<\/strong> 5% (50 mg) dla wyj\u0105tkowej intensywno\u015bci smaku<br \/>\n<strong>Technologia cewki:<\/strong> Waporyzator siatkowy do odtwarzania s\u0142odkiego smaku<br \/>\n<strong>System wentylacji:<\/strong> Zmienna kontrola przep\u0142ywu powietrza<br \/>\n<strong>Monitor-Tech:<\/strong> Wska\u017anik poziomu baterii i cieczy w czasie rzeczywistym<br \/>\n<strong>Czujnik interaktywny:<\/strong> Rozpoznawanie rytmu 270\u00b0 z informacj\u0105 zwrotn\u0105 na \u017cywo<br \/>\n<strong>Tryby pracy:<\/strong> Podw\u00f3jne zarz\u0105dzanie energi\u0105<br \/>\n<strong>Jednostka steruj\u0105ca:<\/strong> Podw\u00f3jne uk\u0142ady MCU z innowacj\u0105 S.i.L.C.<\/p>\n<h3 class=\"text-lg font-bold text-text-100 mt-1 -mb-1.5\">Odkryj wi\u0119cej VOZOL VAPE na vozolpuff<\/h3>\n<p class=\"whitespace-normal break-words\">Odkryj wi\u0119cej wysokiej jako\u015bci e-papieros\u00f3w na naszej stronie <strong><a class=\"underline\" href=\"https:\/\/vozolpuff.de\/pl\/\">Strona g\u0142\u00f3wna<\/a><\/strong>zapoznaj si\u0119 z pe\u0142n\u0105 <strong><a class=\"underline\" href=\"https:\/\/vozolpuff.de\/pl\/product-category\/vozol-vape\/\">Kolekcja VOZOL VAPE<\/a><\/strong> lub przejrze\u0107 wszystkie dost\u0119pne <strong><a class=\"underline\" href=\"https:\/\/vozolpuff.de\/pl\/product-category\/vozol-vape\/vozol-rave-40000\/\">Vozol Rave 40000 smak\u00f3w<\/a><\/strong>.<\/p>","protected":false},"excerpt":{"rendered":"<p>Jednorazowy waporyzator VOZOL RAVE 40000 Melon Bubblegum \u0142\u0105czy soczysty melon z nostalgicznym smakiem gumy balonowej, tworz\u0105c zabawn\u0105 kreacj\u0119 smakow\u0105 pe\u0142n\u0105 wspomnie\u0144 z dzieci\u0144stwa. Posiada do 40 000 zaci\u0105gni\u0119\u0107, interaktywny wy\u015bwietlacz 3D, bateri\u0119 1000 mAh i waporyzator siatkowy do odtwarzania s\u0142odkiego smaku.<\/p>","protected":false},"featured_media":1031,"comment_status":"open","ping_status":"closed","template":"","meta":{"_acf_changed":false},"product_brand":[],"product_cat":[32],"product_tag":[],"class_list":{"0":"post-1029","1":"product","2":"type-product","3":"status-publish","4":"has-post-thumbnail","6":"product_cat-vozol-rave-40000","8":"first","9":"instock","10":"shipping-taxable","11":"purchasable","12":"product-type-variable"},"acf":[],"_links":{"self":[{"href":"https:\/\/vozolpuff.de\/pl\/wp-json\/wp\/v2\/product\/1029","targetHints":{"allow":["GET"]}}],"collection":[{"href":"https:\/\/vozolpuff.de\/pl\/wp-json\/wp\/v2\/product"}],"about":[{"href":"https:\/\/vozolpuff.de\/pl\/wp-json\/wp\/v2\/types\/product"}],"replies":[{"embeddable":true,"href":"https:\/\/vozolpuff.de\/pl\/wp-json\/wp\/v2\/comments?post=1029"}],"wp:featuredmedia":[{"embeddable":true,"href":"https:\/\/vozolpuff.de\/pl\/wp-json\/wp\/v2\/media\/1031"}],"wp:attachment":[{"href":"https:\/\/vozolpuff.de\/pl\/wp-json\/wp\/v2\/media?parent=1029"}],"wp:term":[{"taxonomy":"product_brand","embeddable":true,"href":"https:\/\/vozolpuff.de\/pl\/wp-json\/wp\/v2\/product_brand?post=1029"},{"taxonomy":"product_cat","embeddable":true,"href":"https:\/\/vozolpuff.de\/pl\/wp-json\/wp\/v2\/product_cat?post=1029"},{"taxonomy":"product_tag","embeddable":true,"href":"https:\/\/vozolpuff.de\/pl\/wp-json\/wp\/v2\/product_tag?post=1029"}],"curies":[{"name":"wp","href":"https:\/\/api.w.org\/{rel}","templated":true}]}}