{"id":1034,"date":"2025-08-24T16:50:13","date_gmt":"2025-08-24T14:50:13","guid":{"rendered":"https:\/\/vozolpuff.de\/?post_type=product&#038;p=1034"},"modified":"2026-01-15T11:49:40","modified_gmt":"2026-01-15T10:49:40","slug":"vozol-rave-40000-orange-molasses","status":"publish","type":"product","link":"https:\/\/vozolpuff.de\/pl\/produkt\/vozol-rave-40000-orange-molasses\/","title":{"rendered":"Vozol Rave 40000 Orange Molasses"},"content":{"rendered":"<h2 class=\"text-xl font-bold text-text-100 mt-1 -mb-0.5\">Vozol Rave 40000 Orange Molasses Vape jednorazowego u\u017cytku<\/h2>\n<p class=\"whitespace-normal break-words\">VOZOL RAVE 40000 Orange Molasses oferuje wyj\u0105tkowe doznania smakowe, kt\u00f3re \u0142\u0105cz\u0105 \u015bwie\u017ce pomara\u0144cze ze s\u0142odk\u0105 g\u0142\u0119bi\u0105 melasy. Ta inspirowana orientem kompozycja smakowa zapewnia bogate i z\u0142o\u017cone doznania podczas waporyzacji. Zaawansowana technologia wy\u015bwietlacza zamienia ka\u017cd\u0105 sesj\u0119 w zmys\u0142ow\u0105 przyjemno\u015b\u0107.<\/p>\n<h3 class=\"text-lg font-bold text-text-100 mt-1 -mb-1.5\">Cechy Orange Molasses Edition:<\/h3>\n<p class=\"whitespace-normal break-words\"><strong>Ilo\u015b\u0107 p\u0142ynu:<\/strong> 20 ml kompozycji pomara\u0144czy i melasy<br \/>\n<strong>Zasilanie bateryjne:<\/strong> Wysokowydajna bateria 1000 mAh z Type-C<br \/>\n<strong>Zakres wykorzystania:<\/strong> Maksymalnie 40 000 zaci\u0105gni\u0119\u0107 (ustawienie delikatne) | 25 000 (ustawienie mocy)<br \/>\n<strong>Poziom nikotyny:<\/strong> 5% (50 mg) dla intensywnego dzia\u0142ania<br \/>\n<strong>Element parownika:<\/strong> Wysokiej jako\u015bci cewka siatkowa zapewnia autentyczny smak melasy<br \/>\n<strong>Kontrola dop\u0142ywu powietrza:<\/strong> Konfigurowalne zarz\u0105dzanie przep\u0142ywem powietrza<br \/>\n<strong>Wy\u015bwietlanie informacji:<\/strong> Cyfrowy system monitorowania<br \/>\n<strong>Funkcja czujnika:<\/strong> Wykrywanie ruchu 270\u00b0 z wy\u015bwietlaczem graficznym<br \/>\n<strong>Tryby wydajno\u015bci:<\/strong> Podw\u00f3jna kontrola intensywno\u015bci<br \/>\n<strong>architektura uk\u0142adu scalonego:<\/strong> Podw\u00f3jna platforma MCU od S.i.L.C Tech<\/p>\n<h3 class=\"text-lg font-bold text-text-100 mt-1 -mb-1.5\">Odkryj wi\u0119cej VOZOL VAPE na vozolpuff<\/h3>\n<p class=\"whitespace-normal break-words\">Odkryj wi\u0119cej wysokiej jako\u015bci e-papieros\u00f3w na naszej stronie <strong><a class=\"underline\" href=\"https:\/\/vozolpuff.de\/pl\/\">Strona g\u0142\u00f3wna<\/a><\/strong>zapoznaj si\u0119 z pe\u0142n\u0105 <strong><a class=\"underline\" href=\"https:\/\/vozolpuff.de\/pl\/product-category\/vozol-vape\/\">Kolekcja VOZOL VAPE<\/a><\/strong> lub przejrze\u0107 wszystkie dost\u0119pne <strong><a class=\"underline\" href=\"https:\/\/vozolpuff.de\/pl\/product-category\/vozol-vape\/vozol-rave-40000\/\">Vozol Rave 40000 smak\u00f3w<\/a><\/strong>.<\/p>","protected":false},"excerpt":{"rendered":"<p>Jednorazowy waporyzator VOZOL RAVE 40000 Melon Bubblegum \u0142\u0105czy soczysty melon z nostalgicznym smakiem gumy balonowej, tworz\u0105c zabawn\u0105 kreacj\u0119 smakow\u0105 pe\u0142n\u0105 wspomnie\u0144 z dzieci\u0144stwa. Posiada do 40 000 zaci\u0105gni\u0119\u0107, interaktywny wy\u015bwietlacz 3D, bateri\u0119 1000 mAh i waporyzator siatkowy do odtwarzania s\u0142odkiego smaku.<\/p>","protected":false},"featured_media":1036,"comment_status":"open","ping_status":"closed","template":"","meta":{"_acf_changed":false},"product_brand":[],"product_cat":[32],"product_tag":[],"class_list":{"0":"post-1034","1":"product","2":"type-product","3":"status-publish","4":"has-post-thumbnail","6":"product_cat-vozol-rave-40000","8":"first","9":"instock","10":"shipping-taxable","11":"purchasable","12":"product-type-variable"},"acf":[],"_links":{"self":[{"href":"https:\/\/vozolpuff.de\/pl\/wp-json\/wp\/v2\/product\/1034","targetHints":{"allow":["GET"]}}],"collection":[{"href":"https:\/\/vozolpuff.de\/pl\/wp-json\/wp\/v2\/product"}],"about":[{"href":"https:\/\/vozolpuff.de\/pl\/wp-json\/wp\/v2\/types\/product"}],"replies":[{"embeddable":true,"href":"https:\/\/vozolpuff.de\/pl\/wp-json\/wp\/v2\/comments?post=1034"}],"wp:featuredmedia":[{"embeddable":true,"href":"https:\/\/vozolpuff.de\/pl\/wp-json\/wp\/v2\/media\/1036"}],"wp:attachment":[{"href":"https:\/\/vozolpuff.de\/pl\/wp-json\/wp\/v2\/media?parent=1034"}],"wp:term":[{"taxonomy":"product_brand","embeddable":true,"href":"https:\/\/vozolpuff.de\/pl\/wp-json\/wp\/v2\/product_brand?post=1034"},{"taxonomy":"product_cat","embeddable":true,"href":"https:\/\/vozolpuff.de\/pl\/wp-json\/wp\/v2\/product_cat?post=1034"},{"taxonomy":"product_tag","embeddable":true,"href":"https:\/\/vozolpuff.de\/pl\/wp-json\/wp\/v2\/product_tag?post=1034"}],"curies":[{"name":"wp","href":"https:\/\/api.w.org\/{rel}","templated":true}]}}