{"id":1044,"date":"2025-08-24T17:03:02","date_gmt":"2025-08-24T15:03:02","guid":{"rendered":"https:\/\/vozolpuff.de\/?post_type=product&#038;p=1044"},"modified":"2026-01-15T11:49:12","modified_gmt":"2026-01-15T10:49:12","slug":"vozol-rave-40000-strawberry-bubblegum","status":"publish","type":"product","link":"https:\/\/vozolpuff.de\/pl\/produkt\/vozol-rave-40000-strawberry-bubblegum\/","title":{"rendered":"Vozol Rave 40000 Strawberry Bubblegum"},"content":{"rendered":"<h2 class=\"text-xl font-bold text-text-100 mt-1 -mb-0.5\">Vozol Rave 40000 Strawberry Bubblegum Vape jednorazowego u\u017cytku<\/h2>\n<p class=\"whitespace-normal break-words\">Ciesz si\u0119 nostalgicznym po\u0142\u0105czeniem dojrza\u0142ych truskawek i s\u0142odkiej gumy do \u017cucia dzi\u0119ki VOZOL RAVE 40000 Strawberry Bubblegum. Ten zabawny smak przywo\u0142uje wspomnienia z dzieci\u0144stwa, oferuj\u0105c jednocze\u015bnie nowoczesne, zaawansowane technologicznie doznania podczas waporyzacji. Zakrzywiony ekran 3D zamienia ka\u017cde zaci\u0105gni\u0119cie si\u0119 w wizualn\u0105 atrakcj\u0119.<\/p>\n<h3 class=\"text-lg font-bold text-text-100 mt-1 -mb-1.5\">Cechy wersji Strawberry Bubblegum:<\/h3>\n<p class=\"whitespace-normal break-words\"><strong>Pojemno\u015b\u0107 zbiornika:<\/strong> 20 ml truskawkowej gumy do \u017cucia fusion<br \/>\n<strong>Specyfikacja baterii:<\/strong> Modu\u0142 zasilania o pojemno\u015bci 1000 mAh<br \/>\n<strong>Zakres dmuchania:<\/strong> Oko\u0142o 40 000 ruch\u00f3w (standard) | 25 000 (turbo)<br \/>\n<strong>st\u0119\u017cenie nikotyny:<\/strong> 5% (50 mg) dla intensywnego smaku<br \/>\n<strong>Konstrukcja cewki:<\/strong> Technologia siatki dla odtworzenia s\u0142odkiego smaku<br \/>\n<strong>Kontrola wentylacji:<\/strong> Regulowana cyrkulacja powietrza<br \/>\n<strong>System wy\u015bwietlania:<\/strong> Cyfrowe monitorowanie w czasie rzeczywistym<br \/>\n<strong>Technologia Beat:<\/strong> Czujnik 270\u00b0 z efektami dynamicznymi<br \/>\n<strong>Zarz\u0105dzanie energi\u0105:<\/strong> Kontrola podw\u00f3jnego ustawienia<br \/>\n<strong>Rdze\u0144 przetwarzania:<\/strong> Podw\u00f3jna baza technologiczna MCU S.i.L.C.<\/p>\n<h3 class=\"text-lg font-bold text-text-100 mt-1 -mb-1.5\">Odkryj wi\u0119cej VOZOL VAPE na vozolpuff<\/h3>\n<p class=\"whitespace-normal break-words\">Odkryj wi\u0119cej wysokiej jako\u015bci e-papieros\u00f3w na naszej stronie <strong><a class=\"underline\" href=\"https:\/\/vozolpuff.de\/pl\/\">Strona g\u0142\u00f3wna<\/a><\/strong>zapoznaj si\u0119 z pe\u0142n\u0105 <strong><a class=\"underline\" href=\"https:\/\/vozolpuff.de\/pl\/product-category\/vozol-vape\/\">Kolekcja VOZOL VAPE<\/a><\/strong> lub przejrze\u0107 wszystkie dost\u0119pne <strong><a class=\"underline\" href=\"https:\/\/vozolpuff.de\/pl\/product-category\/vozol-vape\/vozol-rave-40000\/\">Vozol Rave 40000 smak\u00f3w<\/a><\/strong>.<\/p>","protected":false},"excerpt":{"rendered":"<p>Jednorazowy waporyzator VOZOL RAVE 40000 Strawberry Bubblegum \u0142\u0105czy dojrza\u0142e truskawki ze s\u0142odk\u0105 gum\u0105 do \u017cucia, tworz\u0105c nostalgiczny smak pe\u0142en wspomnie\u0144 z dzieci\u0144stwa. Posiada do 40 000 zaci\u0105gni\u0119\u0107, zakrzywiony ekran 3D, bateri\u0119 o pojemno\u015bci 1000 mAh i technologi\u0119 siatki zapewniaj\u0105c\u0105 nowoczesne, s\u0142odkie odwzorowanie smaku.<\/p>","protected":false},"featured_media":1046,"comment_status":"open","ping_status":"closed","template":"","meta":{"_acf_changed":false},"product_brand":[],"product_cat":[32],"product_tag":[],"class_list":{"0":"post-1044","1":"product","2":"type-product","3":"status-publish","4":"has-post-thumbnail","6":"product_cat-vozol-rave-40000","8":"first","9":"instock","10":"shipping-taxable","11":"purchasable","12":"product-type-variable"},"acf":[],"_links":{"self":[{"href":"https:\/\/vozolpuff.de\/pl\/wp-json\/wp\/v2\/product\/1044","targetHints":{"allow":["GET"]}}],"collection":[{"href":"https:\/\/vozolpuff.de\/pl\/wp-json\/wp\/v2\/product"}],"about":[{"href":"https:\/\/vozolpuff.de\/pl\/wp-json\/wp\/v2\/types\/product"}],"replies":[{"embeddable":true,"href":"https:\/\/vozolpuff.de\/pl\/wp-json\/wp\/v2\/comments?post=1044"}],"wp:featuredmedia":[{"embeddable":true,"href":"https:\/\/vozolpuff.de\/pl\/wp-json\/wp\/v2\/media\/1046"}],"wp:attachment":[{"href":"https:\/\/vozolpuff.de\/pl\/wp-json\/wp\/v2\/media?parent=1044"}],"wp:term":[{"taxonomy":"product_brand","embeddable":true,"href":"https:\/\/vozolpuff.de\/pl\/wp-json\/wp\/v2\/product_brand?post=1044"},{"taxonomy":"product_cat","embeddable":true,"href":"https:\/\/vozolpuff.de\/pl\/wp-json\/wp\/v2\/product_cat?post=1044"},{"taxonomy":"product_tag","embeddable":true,"href":"https:\/\/vozolpuff.de\/pl\/wp-json\/wp\/v2\/product_tag?post=1044"}],"curies":[{"name":"wp","href":"https:\/\/api.w.org\/{rel}","templated":true}]}}