{"id":1056,"date":"2025-08-25T09:41:59","date_gmt":"2025-08-25T07:41:59","guid":{"rendered":"https:\/\/vozolpuff.de\/?post_type=product&#038;p=1056"},"modified":"2026-04-26T04:52:24","modified_gmt":"2026-04-26T02:52:24","slug":"vozol-gear-power-20000-watermelon-ice","status":"publish","type":"product","link":"https:\/\/vozolpuff.de\/pl\/produkt\/vozol-gear-power-20000-watermelon-ice\/","title":{"rendered":"Vozol Gear Power 20000 Watermelon Ice"},"content":{"rendered":"<h2 class=\"text-xl font-bold text-text-100 mt-1 -mb-0.5\">Vozol Gear Power 20000 Watermelon Ice jednorazowy vape<\/h2>\n<p class=\"whitespace-normal break-words\">Vozol Gear Power 20000 w orze\u017awiaj\u0105cym wariancie Watermelon Ice \u0142\u0105czy s\u0142odki arbuz z ch\u0142odnym wyko\u0144czeniem. Ten jednorazowy e-papieros klasy premium zapewnia od 12 000 do 20 000 zaci\u0105gni\u0119\u0107, w zale\u017cno\u015bci od wybranego trybu. Wyposa\u017cony w zaawansowan\u0105 technologi\u0119 S.i.L.C Mesh i bateri\u0119 650 mAh, oferuje sta\u0142\u0105 wydajno\u015b\u0107 przez ca\u0142y okres u\u017cytkowania.<\/p>\n<h3 class=\"text-lg font-bold text-text-100 mt-1 -mb-1.5\">G\u0142\u00f3wne cechy:<\/h3>\n<p class=\"whitespace-normal break-words\"><strong>Innowacyjna technologia S.i.L.C:<\/strong> Zapewnia wyj\u0105tkowo czyste i r\u00f3wnomierne wytwarzanie pary<\/p>\n<p class=\"whitespace-normal break-words\"><strong>Elastyczne tryby pracy:<\/strong> Do wyboru jest 20 000 zaci\u0105gni\u0119\u0107 w trybie Eco lub 12 000 zaci\u0105gni\u0119\u0107 w trybie Power.<\/p>\n<p class=\"whitespace-normal break-words\"><strong>Wysokiej jako\u015bci system cewek siatkowych:<\/strong> Maksymalizuje wierno\u015b\u0107 smaku i obj\u0119to\u015b\u0107 pary<\/p>\n<p class=\"whitespace-normal break-words\"><strong>Inteligentny wy\u015bwietlacz:<\/strong> Ci\u0105g\u0142e monitorowanie poziomu na\u0142adowania akumulatora<\/p>\n<p class=\"whitespace-normal break-words\"><strong>Du\u017ca pojemno\u015b\u0107 20 ml:<\/strong> Wst\u0119pnie nape\u0142niony nikotyn\u0105 5% (50 mg) dla d\u0142ugotrwa\u0142ej przyjemno\u015bci.<\/p>\n<h3 class=\"text-lg font-bold text-text-100 mt-1 -mb-1.5\">Odkryj wi\u0119cej VOZOL VAPE na vozolpuff<\/h3>\n<p class=\"whitespace-normal break-words\">Odkryj wi\u0119cej wysokiej jako\u015bci e-papieros\u00f3w na <strong><a class=\"underline\" href=\"https:\/\/vozolpuff.de\/pl\/\">vozolpuff.de<\/a><\/strong>, Przejrzyj nasz\u0105 kompletn\u0105 ofert\u0119 <strong><a class=\"underline\" href=\"https:\/\/vozolpuff.de\/pl\/product-category\/vozol-vape\/\">VOZOL VAPE<\/a><\/strong> kolekcji lub przejrze\u0107 wszystkie dost\u0119pne <strong><a class=\"underline\" href=\"https:\/\/vozolpuff.de\/pl\/product-category\/vozol-vape\/vozol-gear-power-20000\/\">Vozol Gear Power 20000<\/a><\/strong> Smaki.<\/p>","protected":false},"excerpt":{"rendered":"<p>Jednorazowy waporyzator Vozol Gear Power 20000 Watermelon Ice oferuje s\u0142odki smak arbuza z ch\u0142odnym mentolowym wyko\u0144czeniem. Dzi\u0119ki technologii S.i.L.C Mesh i baterii 650 mAh mo\u017cesz do\u015bwiadczy\u0107 12 000-20 000 zaci\u0105gni\u0119\u0107 w dw\u00f3ch trybach. Inteligentny wy\u015bwietlacz baterii i wska\u017anik poziomu na\u0142adowania w zestawie.<\/p>","protected":false},"featured_media":1058,"comment_status":"open","ping_status":"closed","template":"","meta":{"_acf_changed":false},"product_brand":[],"product_cat":[33],"product_tag":[],"class_list":{"0":"post-1056","1":"product","2":"type-product","3":"status-publish","4":"has-post-thumbnail","6":"product_cat-vozol-gear-power-20000","8":"first","9":"instock","10":"shipping-taxable","11":"purchasable","12":"product-type-variable"},"acf":[],"_links":{"self":[{"href":"https:\/\/vozolpuff.de\/pl\/wp-json\/wp\/v2\/product\/1056","targetHints":{"allow":["GET"]}}],"collection":[{"href":"https:\/\/vozolpuff.de\/pl\/wp-json\/wp\/v2\/product"}],"about":[{"href":"https:\/\/vozolpuff.de\/pl\/wp-json\/wp\/v2\/types\/product"}],"replies":[{"embeddable":true,"href":"https:\/\/vozolpuff.de\/pl\/wp-json\/wp\/v2\/comments?post=1056"}],"wp:featuredmedia":[{"embeddable":true,"href":"https:\/\/vozolpuff.de\/pl\/wp-json\/wp\/v2\/media\/1058"}],"wp:attachment":[{"href":"https:\/\/vozolpuff.de\/pl\/wp-json\/wp\/v2\/media?parent=1056"}],"wp:term":[{"taxonomy":"product_brand","embeddable":true,"href":"https:\/\/vozolpuff.de\/pl\/wp-json\/wp\/v2\/product_brand?post=1056"},{"taxonomy":"product_cat","embeddable":true,"href":"https:\/\/vozolpuff.de\/pl\/wp-json\/wp\/v2\/product_cat?post=1056"},{"taxonomy":"product_tag","embeddable":true,"href":"https:\/\/vozolpuff.de\/pl\/wp-json\/wp\/v2\/product_tag?post=1056"}],"curies":[{"name":"wp","href":"https:\/\/api.w.org\/{rel}","templated":true}]}}