{"id":1062,"date":"2025-08-25T09:45:58","date_gmt":"2025-08-25T07:45:58","guid":{"rendered":"https:\/\/vozolpuff.de\/?post_type=product&#038;p=1062"},"modified":"2026-04-26T04:52:18","modified_gmt":"2026-04-26T02:52:18","slug":"vozol-gear-power-20000-grape-ice","status":"publish","type":"product","link":"https:\/\/vozolpuff.de\/pl\/produkt\/vozol-gear-power-20000-grape-ice\/","title":{"rendered":"Vozol Gear Power 20000 Grape Ice"},"content":{"rendered":"<h2 class=\"text-xl font-bold text-text-100 mt-1 -mb-0.5\">Vozol Gear Power 20000 Grape Ice jednorazowy vape<\/h2>\n<p class=\"whitespace-normal break-words\">Poczuj idealn\u0105 r\u00f3wnowag\u0119 s\u0142odkich winogron i orze\u017awiaj\u0105cego ch\u0142odu dzi\u0119ki Vozol Gear Power 20000 Grape Ice. Ten najnowocze\u015bniejszy jednorazowy waporyzator \u0142\u0105czy innowacyjn\u0105 technologi\u0119 z wyj\u0105tkowym smakiem i oferuje 12 000-20 000 zaci\u0105gni\u0119\u0107 w zale\u017cno\u015bci od wybranego trybu pracy. Podw\u00f3jny system cewek S.i.L.C gwarantuje intensywny smak przy ka\u017cdym u\u017cyciu.<\/p>\n<h3 class=\"text-lg font-bold text-text-100 mt-1 -mb-1.5\">Cechy produktu:<\/h3>\n<p class=\"whitespace-normal break-words\"><strong>Zaawansowana technologia S.i.L.C:<\/strong> Zapewnia czyste i sp\u00f3jne zaci\u0105gni\u0119cia bez posmaku<\/p>\n<p class=\"whitespace-normal break-words\"><strong>Podw\u00f3jne opcje zasilania:<\/strong> Do 20 000 poci\u0105g\u00f3w w trybie Eco lub 12 000 poci\u0105g\u00f3w w trybie Power<\/p>\n<p class=\"whitespace-normal break-words\"><strong>Wysokowydajne cewki siatkowe:<\/strong> Zwi\u0119ksz intensywno\u015b\u0107 smaku i zoptymalizuj produkcj\u0119 pary wodnej<\/p>\n<p class=\"whitespace-normal break-words\"><strong>Wska\u017anik stanu LED:<\/strong> Wy\u015bwietla stan baterii i poziom e-cieczy w czasie rzeczywistym<\/p>\n<p class=\"whitespace-normal break-words\"><strong>Pojemno\u015b\u0107 20 ml e-liquidu:<\/strong> D\u0142ugotrwa\u0142e u\u017cytkowanie z moc\u0105 nikotyny 5% (50 mg)<\/p>\n<h3 class=\"text-lg font-bold text-text-100 mt-1 -mb-1.5\">Odkryj wi\u0119cej VOZOL VAPE na vozolpuff<\/h3>\n<p class=\"whitespace-normal break-words\">Odwied\u017a <strong><a class=\"underline\" href=\"https:\/\/vozolpuff.de\/pl\/\">vozolpuff.de<\/a><\/strong> Aby uzyska\u0107 wi\u0119cej wysokiej jako\u015bci produkt\u00f3w do waporyzacji, przejrzyj nasz\u0105 bogat\u0105 ofert\u0119 <strong><a class=\"underline\" href=\"https:\/\/vozolpuff.de\/pl\/product-category\/vozol-vape\/\">VOZOL VAPE<\/a><\/strong> wyb\u00f3r lub odkryj kompletny <strong><a class=\"underline\" href=\"https:\/\/vozolpuff.de\/pl\/product-category\/vozol-vape\/vozol-gear-power-20000\/\">Vozol Gear Power 20000<\/a><\/strong> gama smak\u00f3w.<\/p>","protected":false},"excerpt":{"rendered":"<p>Jednorazowy waporyzator Vozol Gear Power 20000 Grape Ice \u0142\u0105czy s\u0142odkie winogrona z orze\u017awiaj\u0105cym ch\u0142odem. Zaawansowana technologia S.i.L.C Mesh i bateria 650 mAh pozwalaj\u0105 na 12 000-20 000 zaci\u0105gni\u0119\u0107 w dw\u00f3ch trybach. Wska\u017anik LED stanu baterii i poziomu nape\u0142nienia zapewnia optymaln\u0105 kontrol\u0119.<\/p>","protected":false},"featured_media":1064,"comment_status":"open","ping_status":"closed","template":"","meta":{"_acf_changed":false},"product_brand":[],"product_cat":[33],"product_tag":[],"class_list":{"0":"post-1062","1":"product","2":"type-product","3":"status-publish","4":"has-post-thumbnail","6":"product_cat-vozol-gear-power-20000","8":"first","9":"instock","10":"shipping-taxable","11":"purchasable","12":"product-type-variable"},"acf":[],"_links":{"self":[{"href":"https:\/\/vozolpuff.de\/pl\/wp-json\/wp\/v2\/product\/1062","targetHints":{"allow":["GET"]}}],"collection":[{"href":"https:\/\/vozolpuff.de\/pl\/wp-json\/wp\/v2\/product"}],"about":[{"href":"https:\/\/vozolpuff.de\/pl\/wp-json\/wp\/v2\/types\/product"}],"replies":[{"embeddable":true,"href":"https:\/\/vozolpuff.de\/pl\/wp-json\/wp\/v2\/comments?post=1062"}],"wp:featuredmedia":[{"embeddable":true,"href":"https:\/\/vozolpuff.de\/pl\/wp-json\/wp\/v2\/media\/1064"}],"wp:attachment":[{"href":"https:\/\/vozolpuff.de\/pl\/wp-json\/wp\/v2\/media?parent=1062"}],"wp:term":[{"taxonomy":"product_brand","embeddable":true,"href":"https:\/\/vozolpuff.de\/pl\/wp-json\/wp\/v2\/product_brand?post=1062"},{"taxonomy":"product_cat","embeddable":true,"href":"https:\/\/vozolpuff.de\/pl\/wp-json\/wp\/v2\/product_cat?post=1062"},{"taxonomy":"product_tag","embeddable":true,"href":"https:\/\/vozolpuff.de\/pl\/wp-json\/wp\/v2\/product_tag?post=1062"}],"curies":[{"name":"wp","href":"https:\/\/api.w.org\/{rel}","templated":true}]}}