{"id":1068,"date":"2025-08-25T09:48:28","date_gmt":"2025-08-25T07:48:28","guid":{"rendered":"https:\/\/vozolpuff.de\/?post_type=product&#038;p=1068"},"modified":"2026-04-26T04:52:12","modified_gmt":"2026-04-26T02:52:12","slug":"vozol-gear-power-20000-mango-ice","status":"publish","type":"product","link":"https:\/\/vozolpuff.de\/pl\/produkt\/vozol-gear-power-20000-mango-ice\/","title":{"rendered":"Vozol Gear Power 20000 Mango Ice"},"content":{"rendered":"<h2 class=\"text-xl font-bold text-text-100 mt-1 -mb-0.5\">Vozol Gear Power 20000 Mango Ice jednorazowy vape<\/h2>\n<p class=\"whitespace-normal break-words\">Vozol Gear Power 20000 Mango Ice \u0142\u0105czy w sobie tropikaln\u0105 s\u0142odycz mango z orze\u017awiaj\u0105cym ch\u0142odem. Ten pot\u0119\u017cny jednorazowy waporyzator oferuje wyj\u0105tkow\u0105 wszechstronno\u015b\u0107 dzi\u0119ki zmiennej szybko\u015bci zaci\u0105gania od 12 000 do 20 000. Wyposa\u017cony w solidn\u0105 bateri\u0119 650 mAh i najnowocze\u015bniejsz\u0105 technologi\u0119 cewek dla optymalnego rozwoju smaku.<\/p>\n<h3 class=\"text-lg font-bold text-text-100 mt-1 -mb-1.5\">Specyfikacje:<\/h3>\n<p class=\"whitespace-normal break-words\"><strong>S.i.L.C. Coil-Innovation:<\/strong> Zapewnia p\u0142ynn\u0105, czyst\u0105 par\u0119 bez utraty jako\u015bci.<\/p>\n<p class=\"whitespace-normal break-words\"><strong>Konfigurowalne tryby:<\/strong> Tryb Eco dla 20 000 zaci\u0105gni\u0119\u0107 lub tryb Power dla 12 000 intensywnych zaci\u0105gni\u0119\u0107<\/p>\n<p class=\"whitespace-normal break-words\"><strong>Konstrukcja z podw\u00f3jn\u0105 siatk\u0105:<\/strong> Optymalizuje uwalnianie aromatu i g\u0119sto\u015b\u0107 pary<\/p>\n<p class=\"whitespace-normal break-words\"><strong>Wy\u015bwietlacz cyfrowy:<\/strong> Stale monitoruje \u017cywotno\u015b\u0107 baterii i stan cieczy<\/p>\n<p class=\"whitespace-normal break-words\"><strong>Zbiornik o du\u017cej pojemno\u015bci:<\/strong> 20 ml wst\u0119pnie nape\u0142nionego e-liquidu z zawarto\u015bci\u0105 nikotyny 5% (50 mg)<\/p>\n<h3 class=\"text-lg font-bold text-text-100 mt-1 -mb-1.5\">Odkryj wi\u0119cej VOZOL VAPE na vozolpuff<\/h3>\n<p class=\"whitespace-normal break-words\">Zapoznaj si\u0119 z pe\u0142n\u0105 ofert\u0105 na <strong><a class=\"underline\" href=\"https:\/\/vozolpuff.de\/pl\/\">vozolpuff.de<\/a><\/strong>, zapoznaj si\u0119 z nasz\u0105 <strong><a class=\"underline\" href=\"https:\/\/vozolpuff.de\/pl\/product-category\/vozol-vape\/\">VOZOL VAPE<\/a><\/strong> kategoria lub wybierz spo\u015br\u00f3d wszystkich <strong><a class=\"underline\" href=\"https:\/\/vozolpuff.de\/pl\/product-category\/vozol-vape\/vozol-gear-power-20000\/\">Vozol Gear Power 20000<\/a><\/strong> Warianty.<\/p>","protected":false},"excerpt":{"rendered":"<p>Jednorazowy waporyzator Vozol Gear Power 20000 Mango Ice \u0142\u0105czy tropikaln\u0105 s\u0142odycz mango z orze\u017awiaj\u0105cym ch\u0142odem. Innowacyjna cewka S.i.L.C i bateria 650 mAh zapewniaj\u0105 12 000-20 000 zaci\u0105gni\u0119\u0107 w konfigurowalnych trybach. Cyfrowy wy\u015bwietlacz monitoruje stan baterii i p\u0142ynu, zapewniaj\u0105c doskona\u0142\u0105 kontrol\u0119.<\/p>","protected":false},"featured_media":1070,"comment_status":"open","ping_status":"closed","template":"","meta":{"_acf_changed":false},"product_brand":[],"product_cat":[33],"product_tag":[],"class_list":{"0":"post-1068","1":"product","2":"type-product","3":"status-publish","4":"has-post-thumbnail","6":"product_cat-vozol-gear-power-20000","8":"first","9":"instock","10":"shipping-taxable","11":"purchasable","12":"product-type-variable"},"acf":[],"_links":{"self":[{"href":"https:\/\/vozolpuff.de\/pl\/wp-json\/wp\/v2\/product\/1068","targetHints":{"allow":["GET"]}}],"collection":[{"href":"https:\/\/vozolpuff.de\/pl\/wp-json\/wp\/v2\/product"}],"about":[{"href":"https:\/\/vozolpuff.de\/pl\/wp-json\/wp\/v2\/types\/product"}],"replies":[{"embeddable":true,"href":"https:\/\/vozolpuff.de\/pl\/wp-json\/wp\/v2\/comments?post=1068"}],"wp:featuredmedia":[{"embeddable":true,"href":"https:\/\/vozolpuff.de\/pl\/wp-json\/wp\/v2\/media\/1070"}],"wp:attachment":[{"href":"https:\/\/vozolpuff.de\/pl\/wp-json\/wp\/v2\/media?parent=1068"}],"wp:term":[{"taxonomy":"product_brand","embeddable":true,"href":"https:\/\/vozolpuff.de\/pl\/wp-json\/wp\/v2\/product_brand?post=1068"},{"taxonomy":"product_cat","embeddable":true,"href":"https:\/\/vozolpuff.de\/pl\/wp-json\/wp\/v2\/product_cat?post=1068"},{"taxonomy":"product_tag","embeddable":true,"href":"https:\/\/vozolpuff.de\/pl\/wp-json\/wp\/v2\/product_tag?post=1068"}],"curies":[{"name":"wp","href":"https:\/\/api.w.org\/{rel}","templated":true}]}}