{"id":1074,"date":"2025-08-25T09:51:51","date_gmt":"2025-08-25T07:51:51","guid":{"rendered":"https:\/\/vozolpuff.de\/?post_type=product&#038;p=1074"},"modified":"2026-04-26T04:52:06","modified_gmt":"2026-04-26T02:52:06","slug":"vozol-gear-power-20000-double-apple-ice","status":"publish","type":"product","link":"https:\/\/vozolpuff.de\/pl\/produkt\/vozol-gear-power-20000-double-apple-ice\/","title":{"rendered":"Vozol Gear Power 20000 Double Apple Ice"},"content":{"rendered":"<h2 class=\"text-xl font-bold text-text-100 mt-1 -mb-0.5\">Vozol Gear Power 20000 Double Apple Ice jednorazowy vape<\/h2>\n<p class=\"whitespace-normal break-words\">Ciesz si\u0119 po\u0142\u0105czeniem czerwonych i zielonych jab\u0142ek z orze\u017awiaj\u0105co ch\u0142odnym smakiem Vozol Gear Power 20000 Double Apple Ice. Ten innowacyjny jednorazowy e-papieros zachwyca elastycznym czasem u\u017cytkowania i najnowocze\u015bniejszymi funkcjami. Inteligentny wy\u015bwietlacz na bie\u017c\u0105co informuje o aktualnym stanie urz\u0105dzenia.<\/p>\n<h3 class=\"text-lg font-bold text-text-100 mt-1 -mb-1.5\">Najwa\u017cniejsze dane techniczne:<\/h3>\n<p class=\"whitespace-normal break-words\"><strong>Sprawdzona technologia S.i.L.C:<\/strong> Gwarantowana sta\u0142a jako\u015b\u0107 i czysto\u015b\u0107 smaku<\/p>\n<p class=\"whitespace-normal break-words\"><strong>Zmienne tryby u\u017cytkowania:<\/strong> Wybierz mi\u0119dzy d\u0142ugotrwa\u0142\u0105 prac\u0105 20 000 lub mocn\u0105 prac\u0105 12 000 poci\u0105gni\u0119\u0107<\/p>\n<p class=\"whitespace-normal break-words\"><strong>Profesjonalny system siatkowy:<\/strong> Maksymalizuje wydajno\u015b\u0107 smakow\u0105 i jako\u015b\u0107 pary<\/p>\n<p class=\"whitespace-normal break-words\"><strong>Inteligentna funkcja wy\u015bwietlania:<\/strong> Sta\u0142e wy\u015bwietlanie poziomu na\u0142adowania akumulatora i poziomu nape\u0142nienia<\/p>\n<p class=\"whitespace-normal break-words\"><strong>Wysokiej jako\u015bci zbiornik na p\u0142yn:<\/strong> Pojemno\u015b\u0107 20 ml ze sprawdzonym st\u0119\u017ceniem nikotyny 5% (50 mg)<\/p>\n<h3 class=\"text-lg font-bold text-text-100 mt-1 -mb-1.5\">Odkryj wi\u0119cej VOZOL VAPE na vozolpuff<\/h3>\n<p class=\"whitespace-normal break-words\">Znajd\u017a wi\u0119cej produkt\u00f3w premium na <strong><a class=\"underline\" href=\"https:\/\/vozolpuff.de\/pl\/\">vozolpuff.de<\/a><\/strong>odkryj nasze <strong><a class=\"underline\" href=\"https:\/\/vozolpuff.de\/pl\/product-category\/vozol-vape\/\">VOZOL VAPE<\/a><\/strong> lub przejrze\u0107 wszystkie sekcje <strong><a class=\"underline\" href=\"https:\/\/vozolpuff.de\/pl\/product-category\/vozol-vape\/vozol-gear-power-20000\/\">Vozol Gear Power 20000<\/a><\/strong> Opcje smakowe.<\/p>","protected":false},"excerpt":{"rendered":"<p>Jednorazowy waporyzator Vozol Gear Power 20000 Double Apple Ice \u0142\u0105czy czerwone i zielone jab\u0142ka z ch\u0142odn\u0105 \u015bwie\u017co\u015bci\u0105. Technologia S.i.L.C i bateria 650 mAh pozwalaj\u0105 na 12 000-20 000 zaci\u0105gni\u0119\u0107 w r\u00f3\u017cnych trybach. Inteligentny wy\u015bwietlacz pokazuje poziom na\u0142adowania baterii dla optymalnego u\u017cytkowania.<\/p>","protected":false},"featured_media":1076,"comment_status":"open","ping_status":"closed","template":"","meta":{"_acf_changed":false},"product_brand":[],"product_cat":[33],"product_tag":[],"class_list":{"0":"post-1074","1":"product","2":"type-product","3":"status-publish","4":"has-post-thumbnail","6":"product_cat-vozol-gear-power-20000","8":"first","9":"instock","10":"shipping-taxable","11":"purchasable","12":"product-type-variable"},"acf":[],"_links":{"self":[{"href":"https:\/\/vozolpuff.de\/pl\/wp-json\/wp\/v2\/product\/1074","targetHints":{"allow":["GET"]}}],"collection":[{"href":"https:\/\/vozolpuff.de\/pl\/wp-json\/wp\/v2\/product"}],"about":[{"href":"https:\/\/vozolpuff.de\/pl\/wp-json\/wp\/v2\/types\/product"}],"replies":[{"embeddable":true,"href":"https:\/\/vozolpuff.de\/pl\/wp-json\/wp\/v2\/comments?post=1074"}],"wp:featuredmedia":[{"embeddable":true,"href":"https:\/\/vozolpuff.de\/pl\/wp-json\/wp\/v2\/media\/1076"}],"wp:attachment":[{"href":"https:\/\/vozolpuff.de\/pl\/wp-json\/wp\/v2\/media?parent=1074"}],"wp:term":[{"taxonomy":"product_brand","embeddable":true,"href":"https:\/\/vozolpuff.de\/pl\/wp-json\/wp\/v2\/product_brand?post=1074"},{"taxonomy":"product_cat","embeddable":true,"href":"https:\/\/vozolpuff.de\/pl\/wp-json\/wp\/v2\/product_cat?post=1074"},{"taxonomy":"product_tag","embeddable":true,"href":"https:\/\/vozolpuff.de\/pl\/wp-json\/wp\/v2\/product_tag?post=1074"}],"curies":[{"name":"wp","href":"https:\/\/api.w.org\/{rel}","templated":true}]}}