{"id":1080,"date":"2025-08-25T09:57:43","date_gmt":"2025-08-25T07:57:43","guid":{"rendered":"https:\/\/vozolpuff.de\/?post_type=product&#038;p=1080"},"modified":"2026-04-26T04:51:59","modified_gmt":"2026-04-26T02:51:59","slug":"vozol-gear-power-20000-lavafire","status":"publish","type":"product","link":"https:\/\/vozolpuff.de\/pl\/produkt\/vozol-gear-power-20000-lavafire\/","title":{"rendered":"Vozol Gear Power 20000 Lavafire"},"content":{"rendered":"<h2 class=\"text-xl font-bold text-text-100 mt-1 -mb-0.5\">Vozol Gear Power 20000 Lavafire jednorazowy vape<\/h2>\n<p class=\"whitespace-normal break-words\">Vozol Gear Power 20000 Lavafire \u0142\u0105czy w sobie tropikalny ananas, s\u0142odkie truskawki i kremowy kokos, tworz\u0105c egzotyczne doznania smakowe. Dzi\u0119ki imponuj\u0105cemu zasi\u0119gowi od 12 000 do 20 000 zaci\u0105gni\u0119\u0107 i rewolucyjnej technologii S.i.L.C Mesh wyznacza on nowe standardy w segmencie jednorazowych urz\u0105dze\u0144 vape. Wydajna bateria 650 mAh zapewnia niezawodne dzia\u0142anie a\u017c do ostatniego zaci\u0105gni\u0119cia.<\/p>\n<h3 class=\"text-lg font-bold text-text-100 mt-1 -mb-1.5\">Cechy produktu:<\/h3>\n<p class=\"whitespace-normal break-words\"><strong>Wysoce rozwini\u0119ta technologia S.i.L.C:<\/strong> Umo\u017cliwia wyj\u0105tkowo czyste i intensywne odwzorowanie smaku.<\/p>\n<p class=\"whitespace-normal break-words\"><strong>Funkcjonalno\u015b\u0107 dw\u00f3ch tryb\u00f3w:<\/strong> Do wyboru jest d\u0142ugotrwa\u0142e 20 000 zaci\u0105gni\u0119\u0107 lub intensywne 12 000 zaci\u0105gni\u0119\u0107.<\/p>\n<p class=\"whitespace-normal break-words\"><strong>Zoptymalizowana konstrukcja cewki:<\/strong> Znacz\u0105co zwi\u0119ksza zar\u00f3wno intensywno\u015b\u0107 smaku, jak i obj\u0119to\u015b\u0107 pary.<\/p>\n<p class=\"whitespace-normal break-words\"><strong>Pe\u0142na integracja wy\u015bwietlacza:<\/strong> Wyra\u017anie wy\u015bwietla wszystkie wa\u017cne dane operacyjne<\/p>\n<p class=\"whitespace-normal break-words\"><strong>System o du\u017cej pojemno\u015bci:<\/strong> Zapas 20 ml e-liquidu o mocy nikotyny 5% (50 mg)<\/p>\n<h3 class=\"text-lg font-bold text-text-100 mt-1 -mb-1.5\">Odkryj wi\u0119cej VOZOL VAPE na vozolpuff<\/h3>\n<p class=\"whitespace-normal break-words\">Sp\u00f3jrz na inne innowacje na <strong><a class=\"underline\" href=\"https:\/\/vozolpuff.de\/pl\/\">vozolpuff.de<\/a><\/strong> Poznaj nasze <strong><a class=\"underline\" href=\"https:\/\/vozolpuff.de\/pl\/product-category\/vozol-vape\/\">VOZOL VAPE<\/a><\/strong> linii produkt\u00f3w lub wybra\u0107 spo\u015br\u00f3d ca\u0142ej <strong><a class=\"underline\" href=\"https:\/\/vozolpuff.de\/pl\/product-category\/vozol-vape\/vozol-gear-power-20000\/\">Vozol Gear Power 20000<\/a><\/strong> Kolekcja.<\/p>","protected":false},"excerpt":{"rendered":"<p>Jednorazowy waporyzator Vozol Gear Power 20000 Lavafire \u0142\u0105czy w sobie tropikalny ananas, s\u0142odkie truskawki i kremowy kokos. Technologia S.i.L.C mesh i bateria 650 mAh oferuj\u0105 12 000-20 000 zaci\u0105gni\u0119\u0107 w dw\u00f3ch trybach. Pe\u0142na integracja wy\u015bwietlacza pokazuje wszystkie dane operacyjne.<\/p>","protected":false},"featured_media":1082,"comment_status":"open","ping_status":"closed","template":"","meta":{"_acf_changed":false},"product_brand":[],"product_cat":[33],"product_tag":[],"class_list":{"0":"post-1080","1":"product","2":"type-product","3":"status-publish","4":"has-post-thumbnail","6":"product_cat-vozol-gear-power-20000","8":"first","9":"instock","10":"shipping-taxable","11":"purchasable","12":"product-type-variable"},"acf":[],"_links":{"self":[{"href":"https:\/\/vozolpuff.de\/pl\/wp-json\/wp\/v2\/product\/1080","targetHints":{"allow":["GET"]}}],"collection":[{"href":"https:\/\/vozolpuff.de\/pl\/wp-json\/wp\/v2\/product"}],"about":[{"href":"https:\/\/vozolpuff.de\/pl\/wp-json\/wp\/v2\/types\/product"}],"replies":[{"embeddable":true,"href":"https:\/\/vozolpuff.de\/pl\/wp-json\/wp\/v2\/comments?post=1080"}],"wp:featuredmedia":[{"embeddable":true,"href":"https:\/\/vozolpuff.de\/pl\/wp-json\/wp\/v2\/media\/1082"}],"wp:attachment":[{"href":"https:\/\/vozolpuff.de\/pl\/wp-json\/wp\/v2\/media?parent=1080"}],"wp:term":[{"taxonomy":"product_brand","embeddable":true,"href":"https:\/\/vozolpuff.de\/pl\/wp-json\/wp\/v2\/product_brand?post=1080"},{"taxonomy":"product_cat","embeddable":true,"href":"https:\/\/vozolpuff.de\/pl\/wp-json\/wp\/v2\/product_cat?post=1080"},{"taxonomy":"product_tag","embeddable":true,"href":"https:\/\/vozolpuff.de\/pl\/wp-json\/wp\/v2\/product_tag?post=1080"}],"curies":[{"name":"wp","href":"https:\/\/api.w.org\/{rel}","templated":true}]}}