{"id":1093,"date":"2025-08-25T10:04:01","date_gmt":"2025-08-25T08:04:01","guid":{"rendered":"https:\/\/vozolpuff.de\/?post_type=product&#038;p=1093"},"modified":"2026-04-26T04:51:46","modified_gmt":"2026-04-26T02:51:46","slug":"vozol-gear-power-20000-blue-mojito","status":"publish","type":"product","link":"https:\/\/vozolpuff.de\/pl\/produkt\/vozol-gear-power-20000-blue-mojito\/","title":{"rendered":"Vozol Gear Power 20000 Blue Mojito"},"content":{"rendered":"<h2 class=\"text-xl font-bold text-text-100 mt-1 -mb-0.5\">Vozol Gear Power 20000 Blue Mojito jednorazowy vape<\/h2>\n<p class=\"whitespace-normal break-words\">Vozol Gear Power 20000 Blue Mojito przenosi orze\u017awiaj\u0105cy smak klasycznego koktajlu do \u015bwiata waporyzacji. Ten wyrafinowany jednorazowy waporyzator imponuje innowacyjn\u0105 technologi\u0105 i elastyczno\u015bci\u0105 prze\u0142\u0105czania mi\u0119dzy dwoma r\u00f3\u017cnymi trybami zasilania. Przejrzysty wy\u015bwietlacz zapewnia pe\u0142n\u0105 kontrol\u0119 przez ca\u0142y czas.<\/p>\n<h3 class=\"text-lg font-bold text-text-100 mt-1 -mb-1.5\">Podstawowe funkcje:<\/h3>\n<p class=\"whitespace-normal break-words\"><strong>Rewolucyjna technologia S.i.L.C:<\/strong> Oferuje niezr\u00f3wnan\u0105 czysto\u015b\u0107 i sp\u00f3jno\u015b\u0107 smaku<\/p>\n<p class=\"whitespace-normal break-words\"><strong>Elastyczne ustawienia mocy:<\/strong> Wybierz pomi\u0119dzy wydajnymi 20 000 lub mocnymi 12 000 ci\u0105g\u00f3w<\/p>\n<p class=\"whitespace-normal break-words\"><strong>Koncepcja podw\u00f3jnej cewki siatkowej:<\/strong> Intensyfikuje g\u0142\u0119bi\u0119 smaku i optymalizuje rozw\u00f3j pary wodnej<\/p>\n<p class=\"whitespace-normal break-words\"><strong>Nowoczesna technologia wy\u015bwietlania:<\/strong> Dostarcza precyzyjnych informacji o poziomie na\u0142adowania baterii<\/p>\n<p class=\"whitespace-normal break-words\"><strong>Zbiornik o du\u017cej pojemno\u015bci:<\/strong> 20 ml e-liquidu o sprawdzonym st\u0119\u017ceniu nikotyny 5% (50 mg)<\/p>\n<h3 class=\"text-lg font-bold text-text-100 mt-1 -mb-1.5\">Odkryj wi\u0119cej VOZOL VAPE na vozolpuff<\/h3>\n<p class=\"whitespace-normal break-words\">Odwied\u017a <strong><a class=\"underline\" href=\"https:\/\/vozolpuff.de\/pl\/\">vozolpuff.de<\/a><\/strong> Aby uzyska\u0107 wi\u0119cej najwy\u017cszej klasy rozwi\u0105za\u0144 do waporyzacji, przejrzyj nasz\u0105 ofert\u0119 <strong><a class=\"underline\" href=\"https:\/\/vozolpuff.de\/pl\/product-category\/vozol-vape\/\">VOZOL VAPE<\/a><\/strong> lub odkryj pe\u0142n\u0105 kategori\u0119 <strong><a class=\"underline\" href=\"https:\/\/vozolpuff.de\/pl\/product-category\/vozol-vape\/vozol-gear-power-20000\/\">Vozol Gear Power 20000<\/a><\/strong> Wyb\u00f3r smak\u00f3w.<\/p>","protected":false},"excerpt":{"rendered":"<p>Jednorazowy waporyzator Vozol Gear Power 20000 Blue Mojito wprowadza do waporyzacji orze\u017awiaj\u0105cy smak koktajlu. Technologia S.i.L.C i system podw\u00f3jnej siatki umo\u017cliwiaj\u0105 12 000-20 000 zaci\u0105gni\u0119\u0107 w elastycznych trybach. Nowoczesna technologia wy\u015bwietlania zapewnia precyzyjne informacje o stanie baterii i poziomie na\u0142adowania.<\/p>","protected":false},"featured_media":1095,"comment_status":"open","ping_status":"closed","template":"","meta":{"_acf_changed":false},"product_brand":[],"product_cat":[33],"product_tag":[],"class_list":{"0":"post-1093","1":"product","2":"type-product","3":"status-publish","4":"has-post-thumbnail","6":"product_cat-vozol-gear-power-20000","8":"first","9":"instock","10":"shipping-taxable","11":"purchasable","12":"product-type-variable"},"acf":[],"_links":{"self":[{"href":"https:\/\/vozolpuff.de\/pl\/wp-json\/wp\/v2\/product\/1093","targetHints":{"allow":["GET"]}}],"collection":[{"href":"https:\/\/vozolpuff.de\/pl\/wp-json\/wp\/v2\/product"}],"about":[{"href":"https:\/\/vozolpuff.de\/pl\/wp-json\/wp\/v2\/types\/product"}],"replies":[{"embeddable":true,"href":"https:\/\/vozolpuff.de\/pl\/wp-json\/wp\/v2\/comments?post=1093"}],"wp:featuredmedia":[{"embeddable":true,"href":"https:\/\/vozolpuff.de\/pl\/wp-json\/wp\/v2\/media\/1095"}],"wp:attachment":[{"href":"https:\/\/vozolpuff.de\/pl\/wp-json\/wp\/v2\/media?parent=1093"}],"wp:term":[{"taxonomy":"product_brand","embeddable":true,"href":"https:\/\/vozolpuff.de\/pl\/wp-json\/wp\/v2\/product_brand?post=1093"},{"taxonomy":"product_cat","embeddable":true,"href":"https:\/\/vozolpuff.de\/pl\/wp-json\/wp\/v2\/product_cat?post=1093"},{"taxonomy":"product_tag","embeddable":true,"href":"https:\/\/vozolpuff.de\/pl\/wp-json\/wp\/v2\/product_tag?post=1093"}],"curies":[{"name":"wp","href":"https:\/\/api.w.org\/{rel}","templated":true}]}}