{"id":1110,"date":"2025-08-25T10:12:42","date_gmt":"2025-08-25T08:12:42","guid":{"rendered":"https:\/\/vozolpuff.de\/?post_type=product&#038;p=1110"},"modified":"2026-04-26T04:51:28","modified_gmt":"2026-04-26T02:51:28","slug":"vozol-gear-power-20000-raspberry-watermelon","status":"publish","type":"product","link":"https:\/\/vozolpuff.de\/pl\/produkt\/vozol-gear-power-20000-raspberry-watermelon\/","title":{"rendered":"Vozol Gear Power 20000 Raspberry Watermelon"},"content":{"rendered":"<h2 class=\"text-xl font-bold text-text-100 mt-1 -mb-0.5\">Vozol Gear Power 20000 Raspberry Watermelon Vape jednorazowego u\u017cytku<\/h2>\n<p class=\"whitespace-normal break-words\">Poczuj idealn\u0105 harmoni\u0119 mi\u0119dzy cierpkimi malinami i s\u0142odkim arbuzem dzi\u0119ki Vozol Gear Power 20000 Raspberry Watermelon. Ten wysokiej jako\u015bci jednorazowy e-papieros oferuje nie tylko wyj\u0105tkowy smak, ale tak\u017ce doskona\u0142o\u015b\u0107 techniczn\u0105 dzi\u0119ki zaawansowanej technologii cewek siatkowych i niezawodnej baterii 650 mAh zapewniaj\u0105cej sta\u0142\u0105 moc.<\/p>\n<h3 class=\"text-lg font-bold text-text-100 mt-1 -mb-1.5\">G\u0142\u00f3wne specyfikacje:<\/h3>\n<p class=\"whitespace-normal break-words\"><strong>Sprawdzona technologia S.i.L.C:<\/strong> Zapewnia niezr\u00f3wnan\u0105 jako\u015b\u0107 pary i autentyczne odwzorowanie smaku.<\/p>\n<p class=\"whitespace-normal break-words\"><strong>Wszechstronne mo\u017cliwo\u015bci wykorzystania:<\/strong> Wybierz mi\u0119dzy d\u0142ugotrwa\u0142\u0105 prac\u0105 20 000 lub mocn\u0105 prac\u0105 12 000 poci\u0105gni\u0119\u0107<\/p>\n<p class=\"whitespace-normal break-words\"><strong>Zoptymalizowana architektura siatki:<\/strong> Wzmacnia naturalne aromaty owocowe i poprawia g\u0119sto\u015b\u0107 pary.<\/p>\n<p class=\"whitespace-normal break-words\"><strong>Inteligentny wy\u015bwietlacz stanu:<\/strong> Zapewnia informacje w czasie rzeczywistym na temat wszystkich wa\u017cnych danych urz\u0105dzenia<\/p>\n<p class=\"whitespace-normal break-words\"><strong>Konstrukcja o du\u017cej pojemno\u015bci:<\/strong> Zbiornik e-liquidu o pojemno\u015bci 20 ml ze zr\u00f3wnowa\u017conym sk\u0142adem nikotyny 5% (50 mg).<\/p>\n<h3 class=\"text-lg font-bold text-text-100 mt-1 -mb-1.5\">Odkryj wi\u0119cej VOZOL VAPE na vozolpuff<\/h3>\n<p class=\"whitespace-normal break-words\">Zapoznaj si\u0119 z nasz\u0105 pe\u0142n\u0105 ofert\u0105 na <strong><a class=\"underline\" href=\"https:\/\/vozolpuff.de\/pl\/\">vozolpuff.de<\/a><\/strong> Poznaj nasze <strong><a class=\"underline\" href=\"https:\/\/vozolpuff.de\/pl\/product-category\/vozol-vape\/\">VOZOL VAPE<\/a><\/strong> sekcja lub odkryj wszystkie <strong><a class=\"underline\" href=\"https:\/\/vozolpuff.de\/pl\/product-category\/vozol-vape\/vozol-gear-power-20000\/\">Vozol Gear Power 20000<\/a><\/strong> Warianty smakowe.<\/p>","protected":false},"excerpt":{"rendered":"<p>Jednorazowy waporyzator Vozol Gear Power 20000 Raspberry Watermelon \u0142\u0105czy cierpkie maliny ze s\u0142odkim arbuzem. Technologia S.i.L.C i zoptymalizowana architektura siatki wzmacniaj\u0105 naturalne smaki owocowe przy 12 000-20 000 zaci\u0105gni\u0119\u0107. Inteligentny wy\u015bwietlacz stanu zapewnia dane urz\u0105dzenia w czasie rzeczywistym.<\/p>","protected":false},"featured_media":1112,"comment_status":"open","ping_status":"closed","template":"","meta":{"_acf_changed":false},"product_brand":[],"product_cat":[33],"product_tag":[],"class_list":{"0":"post-1110","1":"product","2":"type-product","3":"status-publish","4":"has-post-thumbnail","6":"product_cat-vozol-gear-power-20000","8":"first","9":"instock","10":"shipping-taxable","11":"purchasable","12":"product-type-variable"},"acf":[],"_links":{"self":[{"href":"https:\/\/vozolpuff.de\/pl\/wp-json\/wp\/v2\/product\/1110","targetHints":{"allow":["GET"]}}],"collection":[{"href":"https:\/\/vozolpuff.de\/pl\/wp-json\/wp\/v2\/product"}],"about":[{"href":"https:\/\/vozolpuff.de\/pl\/wp-json\/wp\/v2\/types\/product"}],"replies":[{"embeddable":true,"href":"https:\/\/vozolpuff.de\/pl\/wp-json\/wp\/v2\/comments?post=1110"}],"wp:featuredmedia":[{"embeddable":true,"href":"https:\/\/vozolpuff.de\/pl\/wp-json\/wp\/v2\/media\/1112"}],"wp:attachment":[{"href":"https:\/\/vozolpuff.de\/pl\/wp-json\/wp\/v2\/media?parent=1110"}],"wp:term":[{"taxonomy":"product_brand","embeddable":true,"href":"https:\/\/vozolpuff.de\/pl\/wp-json\/wp\/v2\/product_brand?post=1110"},{"taxonomy":"product_cat","embeddable":true,"href":"https:\/\/vozolpuff.de\/pl\/wp-json\/wp\/v2\/product_cat?post=1110"},{"taxonomy":"product_tag","embeddable":true,"href":"https:\/\/vozolpuff.de\/pl\/wp-json\/wp\/v2\/product_tag?post=1110"}],"curies":[{"name":"wp","href":"https:\/\/api.w.org\/{rel}","templated":true}]}}