{"id":1116,"date":"2025-08-25T10:28:29","date_gmt":"2025-08-25T08:28:29","guid":{"rendered":"https:\/\/vozolpuff.de\/?post_type=product&#038;p=1116"},"modified":"2026-04-26T04:51:22","modified_gmt":"2026-04-26T02:51:22","slug":"vozol-gear-power-20000-blue-razz-ice","status":"publish","type":"product","link":"https:\/\/vozolpuff.de\/pl\/produkt\/vozol-gear-power-20000-blue-razz-ice\/","title":{"rendered":"Vozol Gear Power 20000 Blue Razz Ice"},"content":{"rendered":"<h2 class=\"text-xl font-bold text-text-100 mt-1 -mb-0.5\">Jednorazowy e-papieros Vozol Gear Power 20000 Blue Razz Ice<\/h2>\n<p class=\"whitespace-normal break-words\">Poczuj orze\u017awiaj\u0105cy smak niebieskich malin z lodowatym ch\u0142odzeniem w Vozol Gear Power 20000 Blue Razz Ice. Ten wysokiej jako\u015bci jednorazowy e-papieros \u0142\u0105czy w sobie s\u0142odkie nuty jag\u00f3d z ch\u0142odz\u0105cym wyko\u0144czeniem i oferuje czyst\u0105 przyjemno\u015b\u0107 z pary od 12 000 do 20 000 zaci\u0105gni\u0119\u0107. Wyposa\u017cony w zaawansowan\u0105 technologi\u0119 cewek siatkowych S.i.L.C, bateri\u0119 650 mAh i 20 ml wysokiej jako\u015bci e-liquidu, urz\u0105dzenie zapewnia sta\u0142e doznania smakowe a\u017c do ostatniego zaci\u0105gni\u0119cia.<\/p>\n<h3 class=\"text-lg font-bold text-text-100 mt-1 -mb-1.5\">Cechy funkcjonalne Blue Razz Ice:<\/h3>\n<p class=\"whitespace-normal break-words\"><strong>Technologia S.i.L.C. Mesh:<\/strong> Optymalizuje niebieski smak malinowy, zapewniaj\u0105c intensywny rozw\u00f3j smaku.<\/p>\n<p class=\"whitespace-normal break-words\"><strong>Inteligentne tryby zasilania:<\/strong> 20 000 zaci\u0105gni\u0119\u0107 w ekonomicznym trybie Eco lub 12 000 mocnych zaci\u0105gni\u0119\u0107 w trybie Power.<\/p>\n<p class=\"whitespace-normal break-words\"><strong>System podw\u00f3jnej siatki:<\/strong> Maksymalizuje g\u0142\u0119bi\u0119 smaku kombinacji Blue Razz Ice<\/p>\n<p class=\"whitespace-normal break-words\"><strong>Inteligentny wy\u015bwietlacz:<\/strong> Stale monitoruje stan baterii i zu\u017cycie p\u0142yn\u00f3w<\/p>\n<p class=\"whitespace-normal break-words\"><strong>Wysokiej jako\u015bci e-liquid:<\/strong> 20 ml wst\u0119pnie wype\u0142nionego nikotyn\u0105 5% dla d\u0142ugotrwa\u0142ej przyjemno\u015bci.<\/p>\n<h3 class=\"text-lg font-bold text-text-100 mt-1 -mb-1.5\">Odkryj wi\u0119cej VOZOL VAPE na vozolpuff<\/h3>\n<p class=\"whitespace-normal break-words\">Odkryj wi\u0119cej produkt\u00f3w premium do waporyzacji w naszym sklepie <strong><a class=\"underline\" href=\"https:\/\/vozolpuff.de\/pl\/\">Sklep internetowy<\/a><\/strong> lub przejrzyj nasz\u0105 kompletn\u0105 ofert\u0119 <strong><a class=\"underline\" href=\"https:\/\/vozolpuff.de\/pl\/product-category\/vozol-vape\/\">Kolekcja VOZOL VAPE<\/a><\/strong>. Wszystkie smaki popularnego <strong><a class=\"underline\" href=\"https:\/\/vozolpuff.de\/pl\/product-category\/vozol-vape\/vozol-gear-power-20000\/\">Vozol Gear Power seria 20000<\/a><\/strong> mo\u017cna znale\u017a\u0107 w naszej szerokiej ofercie.<\/p>","protected":false},"excerpt":{"rendered":"<div>\n<div class=\"grid-cols-1 grid gap-2.5 [&amp;_&gt;_*]:min-w-0\">\n<p class=\"whitespace-normal break-words\">Vozol Gear Power 20000 Blue Razz Ice Einweg-Vape mit erfrischendem Himbeer-Eis-Geschmack. S.i.L.C Mesh-Technologie, 12.000-20.000 Z\u00fcge, 650mAh Akku und Smart-Display f\u00fcr optimalen Dampfgenuss in Eco- oder Power-Modus.<\/p>\n<\/div>\n<\/div>\n<div class=\"flex flex-col gap-2 py-2\"><\/div>\n","protected":false},"featured_media":1118,"comment_status":"open","ping_status":"closed","template":"","meta":{"_acf_changed":false},"product_brand":[],"product_cat":[33],"product_tag":[],"class_list":{"0":"post-1116","1":"product","2":"type-product","3":"status-publish","4":"has-post-thumbnail","6":"product_cat-vozol-gear-power-20000","8":"first","9":"instock","10":"shipping-taxable","11":"purchasable","12":"product-type-variable"},"acf":[],"_links":{"self":[{"href":"https:\/\/vozolpuff.de\/pl\/wp-json\/wp\/v2\/product\/1116","targetHints":{"allow":["GET"]}}],"collection":[{"href":"https:\/\/vozolpuff.de\/pl\/wp-json\/wp\/v2\/product"}],"about":[{"href":"https:\/\/vozolpuff.de\/pl\/wp-json\/wp\/v2\/types\/product"}],"replies":[{"embeddable":true,"href":"https:\/\/vozolpuff.de\/pl\/wp-json\/wp\/v2\/comments?post=1116"}],"wp:featuredmedia":[{"embeddable":true,"href":"https:\/\/vozolpuff.de\/pl\/wp-json\/wp\/v2\/media\/1118"}],"wp:attachment":[{"href":"https:\/\/vozolpuff.de\/pl\/wp-json\/wp\/v2\/media?parent=1116"}],"wp:term":[{"taxonomy":"product_brand","embeddable":true,"href":"https:\/\/vozolpuff.de\/pl\/wp-json\/wp\/v2\/product_brand?post=1116"},{"taxonomy":"product_cat","embeddable":true,"href":"https:\/\/vozolpuff.de\/pl\/wp-json\/wp\/v2\/product_cat?post=1116"},{"taxonomy":"product_tag","embeddable":true,"href":"https:\/\/vozolpuff.de\/pl\/wp-json\/wp\/v2\/product_tag?post=1116"}],"curies":[{"name":"wp","href":"https:\/\/api.w.org\/{rel}","templated":true}]}}