{"id":1122,"date":"2025-08-25T10:30:58","date_gmt":"2025-08-25T08:30:58","guid":{"rendered":"https:\/\/vozolpuff.de\/?post_type=product&#038;p=1122"},"modified":"2026-04-26T04:51:16","modified_gmt":"2026-04-26T02:51:16","slug":"vozol-gear-power-20000-strawberry-mango","status":"publish","type":"product","link":"https:\/\/vozolpuff.de\/pl\/produkt\/vozol-gear-power-20000-strawberry-mango\/","title":{"rendered":"Vozol Gear Power 20000 Strawberry Mango"},"content":{"rendered":"<h2 class=\"text-xl font-bold text-text-100 mt-1 -mb-0.5\">Jednorazowy e-papieros Vozol Gear Power 20000 Strawberry Mango<\/h2>\n<p class=\"whitespace-normal break-words\">Vozol Gear Power 20000 Strawberry Mango \u0142\u0105czy w sobie soczyst\u0105 s\u0142odycz truskawek z egzotyk\u0105 tropikalnego mango, tworz\u0105c nieodparte doznania smakowe. Ten innowacyjny jednorazowy vape zapewnia do 20 000 aromatyzowanych zaci\u0105gni\u0119\u0107 dzi\u0119ki technologii podw\u00f3jnej cewki. Wydajna bateria 650 mAh i inteligentny wy\u015bwietlacz LED zapewniaj\u0105 niezawodne dzia\u0142anie, a 20 ml wysokiej jako\u015bci e-liquidu zapewnia d\u0142ugotrwa\u0142\u0105 satysfakcj\u0119.<\/p>\n<h3 class=\"text-lg font-bold text-text-100 mt-1 -mb-1.5\">Truskawka Mango W\u0142a\u015bciwo\u015bci produktu:<\/h3>\n<p class=\"whitespace-normal break-words\"><strong>S.i.L.C. Coil-Innovation:<\/strong> Wzmacnia naturalne owocowe smaki truskawki i mango<\/p>\n<p class=\"whitespace-normal break-words\"><strong>Elastyczne tryby opar\u00f3w:<\/strong> Ustawienie Eco dla 20 000 zaci\u0105gni\u0119\u0107 lub tryb zasilania dla bardziej intensywnych 12 000 zaci\u0105gni\u0119\u0107.<\/p>\n<p class=\"whitespace-normal break-words\"><strong>Technologia podw\u00f3jnej siatki:<\/strong> Zwi\u0119ksza intensywno\u015b\u0107 smaku owocowej kombinacji.<\/p>\n<p class=\"whitespace-normal break-words\"><strong>Wy\u015bwietlanie w czasie rzeczywistym:<\/strong> Precyzyjne monitorowanie \u017cywotno\u015bci baterii i stanu e-cieczy<\/p>\n<p class=\"whitespace-normal break-words\"><strong>Wysokiej jako\u015bci wype\u0142nienie:<\/strong> 20 ml p\u0142ynu Premium o mocy nikotyny 5% (50 mg)<\/p>\n<h3 class=\"text-lg font-bold text-text-100 mt-1 -mb-1.5\">Odkryj wi\u0119cej VOZOL VAPE na vozolpuff<\/h3>\n<p class=\"whitespace-normal break-words\">Odkryj wi\u0119cej produkt\u00f3w premium do waporyzacji w naszym sklepie <strong><a class=\"underline\" href=\"https:\/\/vozolpuff.de\/pl\/\">Sklep internetowy<\/a><\/strong> lub przejrzyj nasz\u0105 kompletn\u0105 ofert\u0119 <strong><a class=\"underline\" href=\"https:\/\/vozolpuff.de\/pl\/product-category\/vozol-vape\/\">Kolekcja VOZOL VAPE<\/a><\/strong>. Wszystkie smaki popularnego <strong><a class=\"underline\" href=\"https:\/\/vozolpuff.de\/pl\/product-category\/vozol-vape\/vozol-gear-power-20000\/\">Vozol Gear Power seria 20000<\/a><\/strong> mo\u017cna znale\u017a\u0107 w naszej szerokiej ofercie.<\/p>","protected":false},"excerpt":{"rendered":"<div>\n<div class=\"grid-cols-1 grid gap-2.5 [&amp;_&gt;_*]:min-w-0\">\n<p class=\"whitespace-normal break-words\">Vozol Gear Power 20000 Strawberry Mango Einweg-Vape mit fruchtiger Erdbeer-Mango-Kombination. S.i.L.C Dual-Mesh-Technologie, 12.000-20.000 Z\u00fcge, 650mAh Akku und LED-Display f\u00fcr optimalen Dampfgenuss in Eco- oder Power-Modus.<\/p>\n<\/div>\n<\/div>\n<div class=\"flex flex-col gap-2 py-2\"><\/div>\n","protected":false},"featured_media":1124,"comment_status":"open","ping_status":"closed","template":"","meta":{"_acf_changed":false},"product_brand":[],"product_cat":[33],"product_tag":[],"class_list":{"0":"post-1122","1":"product","2":"type-product","3":"status-publish","4":"has-post-thumbnail","6":"product_cat-vozol-gear-power-20000","8":"first","9":"instock","10":"shipping-taxable","11":"purchasable","12":"product-type-variable"},"acf":[],"_links":{"self":[{"href":"https:\/\/vozolpuff.de\/pl\/wp-json\/wp\/v2\/product\/1122","targetHints":{"allow":["GET"]}}],"collection":[{"href":"https:\/\/vozolpuff.de\/pl\/wp-json\/wp\/v2\/product"}],"about":[{"href":"https:\/\/vozolpuff.de\/pl\/wp-json\/wp\/v2\/types\/product"}],"replies":[{"embeddable":true,"href":"https:\/\/vozolpuff.de\/pl\/wp-json\/wp\/v2\/comments?post=1122"}],"wp:featuredmedia":[{"embeddable":true,"href":"https:\/\/vozolpuff.de\/pl\/wp-json\/wp\/v2\/media\/1124"}],"wp:attachment":[{"href":"https:\/\/vozolpuff.de\/pl\/wp-json\/wp\/v2\/media?parent=1122"}],"wp:term":[{"taxonomy":"product_brand","embeddable":true,"href":"https:\/\/vozolpuff.de\/pl\/wp-json\/wp\/v2\/product_brand?post=1122"},{"taxonomy":"product_cat","embeddable":true,"href":"https:\/\/vozolpuff.de\/pl\/wp-json\/wp\/v2\/product_cat?post=1122"},{"taxonomy":"product_tag","embeddable":true,"href":"https:\/\/vozolpuff.de\/pl\/wp-json\/wp\/v2\/product_tag?post=1122"}],"curies":[{"name":"wp","href":"https:\/\/api.w.org\/{rel}","templated":true}]}}