{"id":1128,"date":"2025-08-25T10:40:01","date_gmt":"2025-08-25T08:40:01","guid":{"rendered":"https:\/\/vozolpuff.de\/?post_type=product&#038;p=1128"},"modified":"2026-04-26T04:51:10","modified_gmt":"2026-04-26T02:51:10","slug":"vozol-gear-power-20000-lemon-lime","status":"publish","type":"product","link":"https:\/\/vozolpuff.de\/pl\/produkt\/vozol-gear-power-20000-lemon-lime\/","title":{"rendered":"Vozol Gear Power 20000 Lemon Lime"},"content":{"rendered":"<h2 class=\"text-xl font-bold text-text-100 mt-1 -mb-0.5\">Jednorazowy e-papieros Vozol Gear Power 20000 Lemon Lime<\/h2>\n<p class=\"whitespace-normal break-words\">Ciesz si\u0119 idealn\u0105 r\u00f3wnowag\u0105 pikantnej cytryny i orze\u017awiaj\u0105cej limonki dzi\u0119ki Vozol Gear Power 20000 Lemon Lime. Ten najwy\u017cszej klasy jednorazowy waporyzator zachwyca \u017cyw\u0105 cytrusow\u0105 nut\u0105 i oferuje od 12 000 do 20 000 intensywnych smakowo zaci\u0105gni\u0119\u0107 dzi\u0119ki najnowocze\u015bniejszej technologii S.i.L.C.. Dzi\u0119ki wytrzyma\u0142ej baterii 650 mAh, informacyjnemu ekranowi LED i 20 ml najwy\u017cszej jako\u015bci e-liquidu wyznacza nowe standardy w segmencie jednorazowych vape.<\/p>\n<h3 class=\"text-lg font-bold text-text-100 mt-1 -mb-1.5\">Specyfikacja Lemon Lime:<\/h3>\n<p class=\"whitespace-normal break-words\"><strong>System S.i.L.C. Mesh:<\/strong> Optymalnie podkre\u015bla \u015bwie\u017ce nuty cytrusowe, zapewniaj\u0105c autentyczny smak.<\/p>\n<p class=\"whitespace-normal break-words\"><strong>Konfigurowalne tryby:<\/strong> 20 000 delikatnych poci\u0105gni\u0119\u0107 w trybie Eco lub 12 000 mocnych poci\u0105gni\u0119\u0107 w trybie Power<\/p>\n<p class=\"whitespace-normal break-words\"><strong>Rozszerzone cewki siatkowe:<\/strong> Wzmacnia orze\u017awiaj\u0105cy cytrusowy smak<\/p>\n<p class=\"whitespace-normal break-words\"><strong>Monitorowanie cyfrowe:<\/strong> Ci\u0105g\u0142e wy\u015bwietlanie danych dotycz\u0105cych na\u0142adowania i zu\u017cycia baterii<\/p>\n<p class=\"whitespace-normal break-words\"><strong>Wype\u0142nienie premium:<\/strong> 20 ml wysokiej jako\u015bci e-liquidu o st\u0119\u017ceniu nikotyny 5%<\/p>\n<h3 class=\"text-lg font-bold text-text-100 mt-1 -mb-1.5\">Odkryj wi\u0119cej VOZOL VAPE na vozolpuff<\/h3>\n<p class=\"whitespace-normal break-words\">Odkryj wi\u0119cej produkt\u00f3w premium do waporyzacji w naszym sklepie <strong><a class=\"underline\" href=\"https:\/\/vozolpuff.de\/pl\/\">Sklep internetowy<\/a><\/strong> lub przejrzyj nasz\u0105 kompletn\u0105 ofert\u0119 <strong><a class=\"underline\" href=\"https:\/\/vozolpuff.de\/pl\/product-category\/vozol-vape\/\">Kolekcja VOZOL VAPE<\/a><\/strong>. Wszystkie smaki popularnego <strong><a class=\"underline\" href=\"https:\/\/vozolpuff.de\/pl\/product-category\/vozol-vape\/vozol-gear-power-20000\/\">Vozol Gear Power seria 20000<\/a><\/strong> mo\u017cna znale\u017a\u0107 w naszej szerokiej ofercie.<\/p>","protected":false},"excerpt":{"rendered":"<div>\n<div class=\"grid-cols-1 grid gap-2.5 [&amp;_&gt;_*]:min-w-0\">\n<p class=\"whitespace-normal break-words\">Vozol Gear Power 20000 Lemon Lime Einweg-Vape mit spritziger Zitrus-Kombination. S.i.L.C Mesh-Technologie, 12.000-20.000 Z\u00fcge, 650mAh Akku und LED-Screen f\u00fcr optimalen Dampfgenuss in Eco- oder Power-Modus.<\/p>\n<\/div>\n<\/div>\n<div class=\"flex flex-col gap-2 py-2\"><\/div>\n","protected":false},"featured_media":1130,"comment_status":"open","ping_status":"closed","template":"","meta":{"_acf_changed":false},"product_brand":[],"product_cat":[33],"product_tag":[],"class_list":{"0":"post-1128","1":"product","2":"type-product","3":"status-publish","4":"has-post-thumbnail","6":"product_cat-vozol-gear-power-20000","8":"first","9":"instock","10":"shipping-taxable","11":"purchasable","12":"product-type-variable"},"acf":[],"_links":{"self":[{"href":"https:\/\/vozolpuff.de\/pl\/wp-json\/wp\/v2\/product\/1128","targetHints":{"allow":["GET"]}}],"collection":[{"href":"https:\/\/vozolpuff.de\/pl\/wp-json\/wp\/v2\/product"}],"about":[{"href":"https:\/\/vozolpuff.de\/pl\/wp-json\/wp\/v2\/types\/product"}],"replies":[{"embeddable":true,"href":"https:\/\/vozolpuff.de\/pl\/wp-json\/wp\/v2\/comments?post=1128"}],"wp:featuredmedia":[{"embeddable":true,"href":"https:\/\/vozolpuff.de\/pl\/wp-json\/wp\/v2\/media\/1130"}],"wp:attachment":[{"href":"https:\/\/vozolpuff.de\/pl\/wp-json\/wp\/v2\/media?parent=1128"}],"wp:term":[{"taxonomy":"product_brand","embeddable":true,"href":"https:\/\/vozolpuff.de\/pl\/wp-json\/wp\/v2\/product_brand?post=1128"},{"taxonomy":"product_cat","embeddable":true,"href":"https:\/\/vozolpuff.de\/pl\/wp-json\/wp\/v2\/product_cat?post=1128"},{"taxonomy":"product_tag","embeddable":true,"href":"https:\/\/vozolpuff.de\/pl\/wp-json\/wp\/v2\/product_tag?post=1128"}],"curies":[{"name":"wp","href":"https:\/\/api.w.org\/{rel}","templated":true}]}}