{"id":1134,"date":"2025-08-25T10:42:28","date_gmt":"2025-08-25T08:42:28","guid":{"rendered":"https:\/\/vozolpuff.de\/?post_type=product&#038;p=1134"},"modified":"2026-04-26T04:51:03","modified_gmt":"2026-04-26T02:51:03","slug":"vozol-gear-power-20000-cherry-lemonade","status":"publish","type":"product","link":"https:\/\/vozolpuff.de\/pl\/produkt\/vozol-gear-power-20000-cherry-lemonade\/","title":{"rendered":"Vozol Gear Power 20000 Cherry Lemonade"},"content":{"rendered":"<h2 class=\"text-xl font-bold text-text-100 mt-1 -mb-0.5\">Jednorazowy e-papieros Vozol Gear Power 20000 Cherry Lemonade<\/h2>\n<p class=\"whitespace-normal break-words\">Vozol Gear Power 20000 Cherry Lemonade zapewnia letnie orze\u017awienie dzi\u0119ki po\u0142\u0105czeniu s\u0142odkich wi\u015bni i pikantnej lemoniady. Ten wysokiej jako\u015bci jednorazowy e-papieros wykorzystuje innowacyjn\u0105 technologi\u0119 podw\u00f3jnej siatki dla wyj\u0105tkowej wierno\u015bci smaku i konsekwentnie zapewnia do 20 000 pe\u0142nych aromat\u00f3w zaci\u0105gni\u0119\u0107. Wydajna bateria 650 mAh, czytelny wy\u015bwietlacz i 20 ml wysokiej jako\u015bci e-liquidu sprawiaj\u0105, \u017ce ka\u017cda sesja jest przyjemnym do\u015bwiadczeniem.<\/p>\n<h3 class=\"text-lg font-bold text-text-100 mt-1 -mb-1.5\">Cherry Lemonade Cechy:<\/h3>\n<p class=\"whitespace-normal break-words\"><strong>Technologia S.i.L.C:<\/strong> Idealna r\u00f3wnowaga mi\u0119dzy s\u0142odycz\u0105 wi\u015bni i \u015bwie\u017co\u015bci\u0105 lemoniady<\/p>\n<p class=\"whitespace-normal break-words\"><strong>Zmienna wydajno\u015b\u0107:<\/strong> Do 20 000 zaci\u0105gni\u0119\u0107 w energooszcz\u0119dnym trybie Eco lub 12 000 w wydajnym trybie Power.<\/p>\n<p class=\"whitespace-normal break-words\"><strong>Wysoce rozwini\u0119te cewki:<\/strong> Maksymalizuje g\u0142\u0119bi\u0119 smaku mieszanki Cherry Lemonade.<\/p>\n<p class=\"whitespace-normal break-words\"><strong>Inteligentne monitorowanie:<\/strong> Aktualizacje na \u017cywo stanu baterii i poziomu cieczy<\/p>\n<p class=\"whitespace-normal break-words\"><strong>Wysokiej jako\u015bci e-liquid:<\/strong> 20 ml wst\u0119pnie nape\u0142nionego p\u0142ynu premium z zawarto\u015bci\u0105 nikotyny 5% (50 mg)<\/p>\n<h3 class=\"text-lg font-bold text-text-100 mt-1 -mb-1.5\">Odkryj wi\u0119cej VOZOL VAPE na vozolpuff<\/h3>\n<p class=\"whitespace-normal break-words\">Odkryj wi\u0119cej produkt\u00f3w premium do waporyzacji w naszym sklepie <strong><a class=\"underline\" href=\"https:\/\/vozolpuff.de\/pl\/\">Sklep internetowy<\/a><\/strong> lub przejrzyj nasz\u0105 kompletn\u0105 ofert\u0119 <strong><a class=\"underline\" href=\"https:\/\/vozolpuff.de\/pl\/product-category\/vozol-vape\/\">Kolekcja VOZOL VAPE<\/a><\/strong>. Wszystkie smaki popularnego <strong><a class=\"underline\" href=\"https:\/\/vozolpuff.de\/pl\/product-category\/vozol-vape\/vozol-gear-power-20000\/\">Vozol Gear Power seria 20000<\/a><\/strong> mo\u017cna znale\u017a\u0107 w naszej szerokiej ofercie.<\/p>","protected":false},"excerpt":{"rendered":"<div>\n<div class=\"grid-cols-1 grid gap-2.5 [&amp;_&gt;_*]:min-w-0\">\n<p class=\"whitespace-normal break-words\">Vozol Gear Power 20000 Cherry Lemonade Einweg-Vape mit sommerlicher Kirsch-Limonaden-Kombination. S.i.L.C Doppel-Mesh-Technologie, 12.000-20.000 Z\u00fcge, 650mAh Akku und Display f\u00fcr optimalen Dampfgenuss in Eco- oder Power-Modus.<\/p>\n<\/div>\n<\/div>\n<div class=\"flex flex-col gap-2 py-2\"><\/div>\n","protected":false},"featured_media":1136,"comment_status":"open","ping_status":"closed","template":"","meta":{"_acf_changed":false},"product_brand":[],"product_cat":[33],"product_tag":[],"class_list":{"0":"post-1134","1":"product","2":"type-product","3":"status-publish","4":"has-post-thumbnail","6":"product_cat-vozol-gear-power-20000","8":"first","9":"instock","10":"shipping-taxable","11":"purchasable","12":"product-type-variable"},"acf":[],"_links":{"self":[{"href":"https:\/\/vozolpuff.de\/pl\/wp-json\/wp\/v2\/product\/1134","targetHints":{"allow":["GET"]}}],"collection":[{"href":"https:\/\/vozolpuff.de\/pl\/wp-json\/wp\/v2\/product"}],"about":[{"href":"https:\/\/vozolpuff.de\/pl\/wp-json\/wp\/v2\/types\/product"}],"replies":[{"embeddable":true,"href":"https:\/\/vozolpuff.de\/pl\/wp-json\/wp\/v2\/comments?post=1134"}],"wp:featuredmedia":[{"embeddable":true,"href":"https:\/\/vozolpuff.de\/pl\/wp-json\/wp\/v2\/media\/1136"}],"wp:attachment":[{"href":"https:\/\/vozolpuff.de\/pl\/wp-json\/wp\/v2\/media?parent=1134"}],"wp:term":[{"taxonomy":"product_brand","embeddable":true,"href":"https:\/\/vozolpuff.de\/pl\/wp-json\/wp\/v2\/product_brand?post=1134"},{"taxonomy":"product_cat","embeddable":true,"href":"https:\/\/vozolpuff.de\/pl\/wp-json\/wp\/v2\/product_cat?post=1134"},{"taxonomy":"product_tag","embeddable":true,"href":"https:\/\/vozolpuff.de\/pl\/wp-json\/wp\/v2\/product_tag?post=1134"}],"curies":[{"name":"wp","href":"https:\/\/api.w.org\/{rel}","templated":true}]}}