{"id":1140,"date":"2025-08-25T10:45:10","date_gmt":"2025-08-25T08:45:10","guid":{"rendered":"https:\/\/vozolpuff.de\/?post_type=product&#038;p=1140"},"modified":"2026-04-26T04:50:57","modified_gmt":"2026-04-26T02:50:57","slug":"vozol-gear-power-20000-mixed-berries","status":"publish","type":"product","link":"https:\/\/vozolpuff.de\/pl\/produkt\/vozol-gear-power-20000-mixed-berries\/","title":{"rendered":"Vozol Gear Power 20000 Mieszane jagody"},"content":{"rendered":"<h2 class=\"text-xl font-bold text-text-100 mt-1 -mb-0.5\">Jednorazowy e-papieros Vozol Gear Power 20000 Mixed Berries<\/h2>\n<p class=\"whitespace-normal break-words\">Zanurz si\u0119 w \u015bwiecie mieszanych smak\u00f3w jagodowych z Vozol Gear Power 20000 Mixed Berries. Ten niezwyk\u0142y jednorazowy waporyzator \u0142\u0105czy w sobie r\u00f3\u017cne rodzaje jag\u00f3d, tworz\u0105c z\u0142o\u017cony, wielowarstwowy profil smakowy. Dzi\u0119ki rewolucyjnemu sprz\u0119towi z cewk\u0105 siatkow\u0105 S.i.L.C, wytrzyma\u0142ej baterii 650 mAh i informacyjnemu interfejsowi LED, oferuje od 12 000 do 20 000 zaci\u0105gni\u0119\u0107 czystej jagodowej przyjemno\u015bci.<\/p>\n<h3 class=\"text-lg font-bold text-text-100 mt-1 -mb-1.5\">Jagody mieszane Szczeg\u00f3\u0142y produktu:<\/h3>\n<p class=\"whitespace-normal break-words\"><strong>Innowacja S.i.L.C. Mesh:<\/strong> Optymalnie rozwija r\u00f3\u017cnorodno\u015b\u0107 r\u00f3\u017cnych smak\u00f3w jag\u00f3d<\/p>\n<p class=\"whitespace-normal break-words\"><strong>System dual-mode:<\/strong> 20 000 aromatycznych zaci\u0105gni\u0119\u0107 w trybie Eco lub 12 000 intensywnych zaci\u0105gni\u0119\u0107 w trybie Power.<\/p>\n<p class=\"whitespace-normal break-words\"><strong>Zaawansowana technologia cewek:<\/strong> Wzmacnia naturaln\u0105 s\u0142odycz mieszanki jag\u00f3d<\/p>\n<p class=\"whitespace-normal break-words\"><strong>Precyzyjny wy\u015bwietlacz:<\/strong> Pokazuje dok\u0142adne warto\u015bci \u017cywotno\u015bci baterii i zu\u017cycia e-cieczy.<\/p>\n<p class=\"whitespace-normal break-words\"><strong>Zawarto\u015b\u0107 premium:<\/strong> 20 ml wysokiej jako\u015bci e-liquidu z zawarto\u015bci\u0105 nikotyny 5%<\/p>\n<h3 class=\"text-lg font-bold text-text-100 mt-1 -mb-1.5\">Odkryj wi\u0119cej VOZOL VAPE na vozolpuff<\/h3>\n<p class=\"whitespace-normal break-words\">Odkryj wi\u0119cej produkt\u00f3w premium do waporyzacji w naszym sklepie <strong><a class=\"underline\" href=\"https:\/\/vozolpuff.de\/pl\/\">Sklep internetowy<\/a><\/strong> lub przejrzyj nasz\u0105 kompletn\u0105 ofert\u0119 <strong><a class=\"underline\" href=\"https:\/\/vozolpuff.de\/pl\/product-category\/vozol-vape\/\">Kolekcja VOZOL VAPE<\/a><\/strong>. Wszystkie smaki popularnego <strong><a class=\"underline\" href=\"https:\/\/vozolpuff.de\/pl\/product-category\/vozol-vape\/vozol-gear-power-20000\/\">Vozol Gear Power seria 20000<\/a><\/strong> mo\u017cna znale\u017a\u0107 w naszej szerokiej ofercie.<\/p>","protected":false},"excerpt":{"rendered":"<div>\n<div class=\"grid-cols-1 grid gap-2.5 [&amp;_&gt;_*]:min-w-0\">\n<p class=\"whitespace-normal break-words\">Vozol Gear Power 20000 Mixed Berries Einweg-Vape mit vielschichtiger Beerenmischung. S.i.L.C Mesh-Technologie, 12.000-20.000 Z\u00fcge, 650mAh Akku und LED-Display f\u00fcr optimalen Dampfgenuss in Eco- oder Power-Modus.<\/p>\n<\/div>\n<\/div>\n<div class=\"flex flex-col gap-2 py-2\"><\/div>\n","protected":false},"featured_media":1142,"comment_status":"open","ping_status":"closed","template":"","meta":{"_acf_changed":false},"product_brand":[],"product_cat":[33],"product_tag":[],"class_list":{"0":"post-1140","1":"product","2":"type-product","3":"status-publish","4":"has-post-thumbnail","6":"product_cat-vozol-gear-power-20000","8":"first","9":"instock","10":"shipping-taxable","11":"purchasable","12":"product-type-variable"},"acf":[],"_links":{"self":[{"href":"https:\/\/vozolpuff.de\/pl\/wp-json\/wp\/v2\/product\/1140","targetHints":{"allow":["GET"]}}],"collection":[{"href":"https:\/\/vozolpuff.de\/pl\/wp-json\/wp\/v2\/product"}],"about":[{"href":"https:\/\/vozolpuff.de\/pl\/wp-json\/wp\/v2\/types\/product"}],"replies":[{"embeddable":true,"href":"https:\/\/vozolpuff.de\/pl\/wp-json\/wp\/v2\/comments?post=1140"}],"wp:featuredmedia":[{"embeddable":true,"href":"https:\/\/vozolpuff.de\/pl\/wp-json\/wp\/v2\/media\/1142"}],"wp:attachment":[{"href":"https:\/\/vozolpuff.de\/pl\/wp-json\/wp\/v2\/media?parent=1140"}],"wp:term":[{"taxonomy":"product_brand","embeddable":true,"href":"https:\/\/vozolpuff.de\/pl\/wp-json\/wp\/v2\/product_brand?post=1140"},{"taxonomy":"product_cat","embeddable":true,"href":"https:\/\/vozolpuff.de\/pl\/wp-json\/wp\/v2\/product_cat?post=1140"},{"taxonomy":"product_tag","embeddable":true,"href":"https:\/\/vozolpuff.de\/pl\/wp-json\/wp\/v2\/product_tag?post=1140"}],"curies":[{"name":"wp","href":"https:\/\/api.w.org\/{rel}","templated":true}]}}