{"id":1146,"date":"2025-08-25T10:47:37","date_gmt":"2025-08-25T08:47:37","guid":{"rendered":"https:\/\/vozolpuff.de\/?post_type=product&#038;p=1146"},"modified":"2026-04-26T04:50:51","modified_gmt":"2026-04-26T02:50:51","slug":"vozol-gear-power-20000-dragon-fruit-banana-cherry","status":"publish","type":"product","link":"https:\/\/vozolpuff.de\/pl\/produkt\/vozol-gear-power-20000-dragon-fruit-banana-cherry\/","title":{"rendered":"Vozol Gear Power 20000 Dragon Fruit Banana Cherry"},"content":{"rendered":"<h2 class=\"text-xl font-bold text-text-100 mt-1 -mb-0.5\">Jednorazowy e-papieros Vozol Gear Power 20000 Dragon Fruit Banana Cherry<\/h2>\n<p class=\"whitespace-normal break-words\">Do\u015bwiadcz egzotycznej fuzji smak\u00f3w z Vozol Gear Power 20000 Dragon Fruit Banana Cherry. Ten wyj\u0105tkowy jednorazowy waporyzator \u0142\u0105czy w sobie \u0142agodn\u0105 s\u0142odycz smoczego owocu, kremowe nuty banana i owocowe akcenty wi\u015bni, tworz\u0105c niezwyk\u0142e doznania podczas waporyzacji. Najnowocze\u015bniejsza technologia S.i.L.C, wraz z pot\u0119\u017cn\u0105 bateri\u0105 650 mAh i 20 ml najwy\u017cszej jako\u015bci e-liquidu, zapewnia do 20 000 aromatyzowanych zaci\u0105gni\u0119\u0107 najwy\u017cszej jako\u015bci.<\/p>\n<h3 class=\"text-lg font-bold text-text-100 mt-1 -mb-1.5\">W\u0142a\u015bciwo\u015bci Dragon Fruit Banana Cherry:<\/h3>\n<p class=\"whitespace-normal break-words\"><strong>System cewek S.i.L.C:<\/strong> Doskonale harmonizuje z\u0142o\u017con\u0105 kompozycj\u0119 trzech owoc\u00f3w<\/p>\n<p class=\"whitespace-normal break-words\"><strong>Zoptymalizowane tryby pracy:<\/strong> Tryb Eco dla 20 000 delikatnych poci\u0105gni\u0119\u0107 lub tryb Power dla 12 000 mocnych poci\u0105gni\u0119\u0107<\/p>\n<p class=\"whitespace-normal break-words\"><strong>Innowacyjna technologia siatkowa:<\/strong> Podkre\u015bla ka\u017cdy owocowy smak egzotycznej mieszanki.<\/p>\n<p class=\"whitespace-normal break-words\"><strong>Pe\u0142na kontrola:<\/strong> Wy\u015bwietlanie w czasie rzeczywistym wszystkich wa\u017cnych parametr\u00f3w urz\u0105dzenia<\/p>\n<p class=\"whitespace-normal break-words\"><strong>Pierwszorz\u0119dne wype\u0142nienie:<\/strong> 20 ml wysokiej jako\u015bci e-liquidu o zawarto\u015bci nikotyny 5% (50 mg)<\/p>\n<h3 class=\"text-lg font-bold text-text-100 mt-1 -mb-1.5\">Odkryj wi\u0119cej VOZOL VAPE na vozolpuff<\/h3>\n<p class=\"whitespace-normal break-words\">Odkryj wi\u0119cej produkt\u00f3w premium do waporyzacji w naszym sklepie <strong><a class=\"underline\" href=\"https:\/\/vozolpuff.de\/pl\/\">Sklep internetowy<\/a><\/strong> lub przejrzyj nasz\u0105 kompletn\u0105 ofert\u0119 <strong><a class=\"underline\" href=\"https:\/\/vozolpuff.de\/pl\/product-category\/vozol-vape\/\">Kolekcja VOZOL VAPE<\/a><\/strong>. Wszystkie smaki popularnego <strong><a class=\"underline\" href=\"https:\/\/vozolpuff.de\/pl\/product-category\/vozol-vape\/vozol-gear-power-20000\/\">Vozol Gear Power seria 20000<\/a><\/strong> mo\u017cna znale\u017a\u0107 w naszej szerokiej ofercie.<\/p>","protected":false},"excerpt":{"rendered":"<div>\n<div class=\"grid-cols-1 grid gap-2.5 [&amp;_&gt;_*]:min-w-0\">\n<p class=\"whitespace-normal break-words\">Vozol Gear Power 20000 Dragon Fruit Banana Cherry Einweg-Vape mit exotischer Dreifach-Frucht-Kombination. S.i.L.C Mesh-Technologie, 12.000-20.000 Z\u00fcge, 650mAh Akku und Display f\u00fcr optimalen Dampfgenuss in Eco- oder Power-Modus.<\/p>\n<\/div>\n<\/div>\n<div class=\"flex flex-col gap-2 py-2\"><\/div>\n","protected":false},"featured_media":1148,"comment_status":"open","ping_status":"closed","template":"","meta":{"_acf_changed":false},"product_brand":[],"product_cat":[33],"product_tag":[],"class_list":{"0":"post-1146","1":"product","2":"type-product","3":"status-publish","4":"has-post-thumbnail","6":"product_cat-vozol-gear-power-20000","8":"first","9":"instock","10":"shipping-taxable","11":"purchasable","12":"product-type-variable"},"acf":[],"_links":{"self":[{"href":"https:\/\/vozolpuff.de\/pl\/wp-json\/wp\/v2\/product\/1146","targetHints":{"allow":["GET"]}}],"collection":[{"href":"https:\/\/vozolpuff.de\/pl\/wp-json\/wp\/v2\/product"}],"about":[{"href":"https:\/\/vozolpuff.de\/pl\/wp-json\/wp\/v2\/types\/product"}],"replies":[{"embeddable":true,"href":"https:\/\/vozolpuff.de\/pl\/wp-json\/wp\/v2\/comments?post=1146"}],"wp:featuredmedia":[{"embeddable":true,"href":"https:\/\/vozolpuff.de\/pl\/wp-json\/wp\/v2\/media\/1148"}],"wp:attachment":[{"href":"https:\/\/vozolpuff.de\/pl\/wp-json\/wp\/v2\/media?parent=1146"}],"wp:term":[{"taxonomy":"product_brand","embeddable":true,"href":"https:\/\/vozolpuff.de\/pl\/wp-json\/wp\/v2\/product_brand?post=1146"},{"taxonomy":"product_cat","embeddable":true,"href":"https:\/\/vozolpuff.de\/pl\/wp-json\/wp\/v2\/product_cat?post=1146"},{"taxonomy":"product_tag","embeddable":true,"href":"https:\/\/vozolpuff.de\/pl\/wp-json\/wp\/v2\/product_tag?post=1146"}],"curies":[{"name":"wp","href":"https:\/\/api.w.org\/{rel}","templated":true}]}}