{"id":1152,"date":"2025-08-25T10:51:15","date_gmt":"2025-08-25T08:51:15","guid":{"rendered":"https:\/\/vozolpuff.de\/?post_type=product&#038;p=1152"},"modified":"2026-04-26T04:50:44","modified_gmt":"2026-04-26T02:50:44","slug":"vozol-gear-power-20000-lemon-mint","status":"publish","type":"product","link":"https:\/\/vozolpuff.de\/pl\/produkt\/vozol-gear-power-20000-lemon-mint\/","title":{"rendered":"Vozol Gear Power 20000 Lemon Mint"},"content":{"rendered":"<h2 class=\"text-xl font-bold text-text-100 mt-1 -mb-0.5\">Jednorazowy e-papieros Vozol Gear Power 20000 Lemon Mint<\/h2>\n<p class=\"whitespace-normal break-words\">Vozol Gear Power 20000 Lemon Mint \u0142\u0105czy w sobie pikantno\u015b\u0107 \u015bwie\u017cych cytryn z ch\u0142odem aromatycznej mi\u0119ty, tworz\u0105c orze\u017awiaj\u0105cego towarzysza na co dzie\u0144. Ten wysokiej jako\u015bci jednorazowy e-papieros wykorzystuje sprawdzon\u0105 technologi\u0119 podw\u00f3jnej cewki siatkowej, kt\u00f3ra zapewnia niezmienny smak przez ca\u0142y okres u\u017cytkowania. Dzi\u0119ki wytrzyma\u0142ej baterii 650 mAh, czytelnemu wy\u015bwietlaczowi LED i 20 ml wysokiej jako\u015bci e-liquidu, oferuje od 12 000 do 20 000 orze\u017awiaj\u0105cych zaci\u0105gni\u0119\u0107.<\/p>\n<h3 class=\"text-lg font-bold text-text-100 mt-1 -mb-1.5\">Wyposa\u017cenie funkcjonalne Lemon Mint:<\/h3>\n<p class=\"whitespace-normal break-words\"><strong>S.i.L.C. Precyzja siatki:<\/strong> Doskonale r\u00f3wnowa\u017cy cytrynow\u0105 \u015bwie\u017co\u015b\u0107 i mi\u0119towy ch\u0142\u00f3d<\/p>\n<p class=\"whitespace-normal break-words\"><strong>Adaptacyjna kontrola mocy:<\/strong> 20 000 od\u015bwie\u017caj\u0105cych zaci\u0105gni\u0119\u0107 w trybie Eco lub 12 000 w trybie Power<\/p>\n<p class=\"whitespace-normal break-words\"><strong>Architektura z podw\u00f3jn\u0105 cewk\u0105:<\/strong> R\u00f3wnomiernie podkre\u015bla zar\u00f3wno nuty cytrusowe, jak i mi\u0119towe<\/p>\n<p class=\"whitespace-normal break-words\"><strong>Inteligentne monitorowanie:<\/strong> Ci\u0105g\u0142e monitorowanie poziomu baterii i cieczy<\/p>\n<p class=\"whitespace-normal break-words\"><strong>Najwy\u017csza jako\u015b\u0107:<\/strong> 20 ml wst\u0119pnie nape\u0142nionego e-liquidu o st\u0119\u017ceniu nikotyny 5%<\/p>\n<h3 class=\"text-lg font-bold text-text-100 mt-1 -mb-1.5\">Odkryj wi\u0119cej VOZOL VAPE na vozolpuff<\/h3>\n<p class=\"whitespace-normal break-words\">Odkryj wi\u0119cej produkt\u00f3w premium do waporyzacji w naszym sklepie <strong><a class=\"underline\" href=\"https:\/\/vozolpuff.de\/pl\/\">Sklep internetowy<\/a><\/strong> lub przejrzyj nasz\u0105 kompletn\u0105 ofert\u0119 <strong><a class=\"underline\" href=\"https:\/\/vozolpuff.de\/pl\/product-category\/vozol-vape\/\">Kolekcja VOZOL VAPE<\/a><\/strong>. Wszystkie smaki popularnego <strong><a class=\"underline\" href=\"https:\/\/vozolpuff.de\/pl\/product-category\/vozol-vape\/vozol-gear-power-20000\/\">Vozol Gear Power seria 20000<\/a><\/strong> mo\u017cna znale\u017a\u0107 w naszej szerokiej ofercie.<\/p>","protected":false},"excerpt":{"rendered":"<div>\n<div class=\"grid-cols-1 grid gap-2.5 [&amp;_&gt;_*]:min-w-0\">\n<p class=\"whitespace-normal break-words\">Vozol Gear Power 20000 Lemon Mint Einweg-Vape mit erfrischender Zitronen-Minz-Kombination. S.i.L.C Doppel-Mesh-Technologie, 12.000-20.000 Z\u00fcge, 650mAh Akku und LED-Display f\u00fcr optimalen Dampfgenuss in Eco- oder Power-Modus.<\/p>\n<\/div>\n<\/div>\n<div class=\"flex flex-col gap-2 py-2\"><\/div>\n","protected":false},"featured_media":1155,"comment_status":"open","ping_status":"closed","template":"","meta":{"_acf_changed":false},"product_brand":[],"product_cat":[33],"product_tag":[],"class_list":{"0":"post-1152","1":"product","2":"type-product","3":"status-publish","4":"has-post-thumbnail","6":"product_cat-vozol-gear-power-20000","8":"first","9":"instock","10":"shipping-taxable","11":"purchasable","12":"product-type-variable"},"acf":[],"_links":{"self":[{"href":"https:\/\/vozolpuff.de\/pl\/wp-json\/wp\/v2\/product\/1152","targetHints":{"allow":["GET"]}}],"collection":[{"href":"https:\/\/vozolpuff.de\/pl\/wp-json\/wp\/v2\/product"}],"about":[{"href":"https:\/\/vozolpuff.de\/pl\/wp-json\/wp\/v2\/types\/product"}],"replies":[{"embeddable":true,"href":"https:\/\/vozolpuff.de\/pl\/wp-json\/wp\/v2\/comments?post=1152"}],"wp:featuredmedia":[{"embeddable":true,"href":"https:\/\/vozolpuff.de\/pl\/wp-json\/wp\/v2\/media\/1155"}],"wp:attachment":[{"href":"https:\/\/vozolpuff.de\/pl\/wp-json\/wp\/v2\/media?parent=1152"}],"wp:term":[{"taxonomy":"product_brand","embeddable":true,"href":"https:\/\/vozolpuff.de\/pl\/wp-json\/wp\/v2\/product_brand?post=1152"},{"taxonomy":"product_cat","embeddable":true,"href":"https:\/\/vozolpuff.de\/pl\/wp-json\/wp\/v2\/product_cat?post=1152"},{"taxonomy":"product_tag","embeddable":true,"href":"https:\/\/vozolpuff.de\/pl\/wp-json\/wp\/v2\/product_tag?post=1152"}],"curies":[{"name":"wp","href":"https:\/\/api.w.org\/{rel}","templated":true}]}}