{"id":1158,"date":"2025-08-25T10:53:31","date_gmt":"2025-08-25T08:53:31","guid":{"rendered":"https:\/\/vozolpuff.de\/?post_type=product&#038;p=1158"},"modified":"2026-04-26T04:50:38","modified_gmt":"2026-04-26T02:50:38","slug":"vozol-gear-power-20000-tobacco","status":"publish","type":"product","link":"https:\/\/vozolpuff.de\/pl\/produkt\/vozol-gear-power-20000-tobacco\/","title":{"rendered":"Tyto\u0144 Vozol Gear Power 20000"},"content":{"rendered":"<h2 class=\"text-xl font-bold text-text-100 mt-1 -mb-0.5\">Jednorazowy e-papieros Vozol Gear Power 20000 Tobacco<\/h2>\n<p class=\"whitespace-normal break-words\">Dla mi\u0142o\u015bnik\u00f3w klasycznych smak\u00f3w tytoniu, Vozol Gear Power 20000 Tobacco oferuje autentyczne, pe\u0142ne doznania smakowe. Ten elegancki jednorazowy e-papieros odtwarza z\u0142o\u017cono\u015b\u0107 tradycyjnych smak\u00f3w tytoniu dzi\u0119ki najnowocze\u015bniejszej technologii S.i.L.C., zapewniaj\u0105c do 20 000 aromatycznych zaci\u0105gni\u0119\u0107. Niezawodna bateria 650 mAh, wy\u015bwietlacz informacyjny i 20 ml wysokiej jako\u015bci e-cieczy gwarantuj\u0105 d\u0142ugotrwa\u0142\u0105 przyjemno\u015b\u0107 bez kompromis\u00f3w.<\/p>\n<h3 class=\"text-lg font-bold text-text-100 mt-1 -mb-1.5\">Cechy jako\u015bciowe tytoniu:<\/h3>\n<p class=\"whitespace-normal break-words\"><strong>Ekspertyza cewki S.i.L.C:<\/strong> Odtwarza naturaln\u0105 g\u0142\u0119bi\u0119 i z\u0142o\u017cono\u015b\u0107 smaku tytoniu.<\/p>\n<p class=\"whitespace-normal break-words\"><strong>Wszechstronne tryby:<\/strong> 20 000 autentycznych zaci\u0105gni\u0119\u0107 w trybie Eco lub 12 000 mocnych zaci\u0105gni\u0119\u0107 w trybie Power.<\/p>\n<p class=\"whitespace-normal break-words\"><strong>Specjalistyczne cewki siatkowe:<\/strong> Wzmocnienie charakterystycznych niuans\u00f3w tytoniu<\/p>\n<p class=\"whitespace-normal break-words\"><strong>Profesjonalny interfejs:<\/strong> Wy\u015bwietla dok\u0142adne dane dotycz\u0105ce poziomu na\u0142adowania i zu\u017cycia baterii<\/p>\n<p class=\"whitespace-normal break-words\"><strong>Wysokiej jako\u015bci mieszanka:<\/strong> 20 ml e-liquidu premium z zawarto\u015bci\u0105 nikotyny 5% (50 mg)<\/p>\n<h3 class=\"text-lg font-bold text-text-100 mt-1 -mb-1.5\">Odkryj wi\u0119cej VOZOL VAPE na vozolpuff<\/h3>\n<p class=\"whitespace-normal break-words\">Odkryj wi\u0119cej produkt\u00f3w premium do waporyzacji w naszym sklepie <strong><a class=\"underline\" href=\"https:\/\/vozolpuff.de\/pl\/\">Sklep internetowy<\/a><\/strong> lub przejrzyj nasz\u0105 kompletn\u0105 ofert\u0119 <strong><a class=\"underline\" href=\"https:\/\/vozolpuff.de\/pl\/product-category\/vozol-vape\/\">Kolekcja VOZOL VAPE<\/a><\/strong>. Wszystkie smaki popularnego <strong><a class=\"underline\" href=\"https:\/\/vozolpuff.de\/pl\/product-category\/vozol-vape\/vozol-gear-power-20000\/\">Vozol Gear Power seria 20000<\/a><\/strong> mo\u017cna znale\u017a\u0107 w naszej szerokiej ofercie.<\/p>","protected":false},"excerpt":{"rendered":"<div>\n<div class=\"grid-cols-1 grid gap-2.5 [&amp;_&gt;_*]:min-w-0\">\n<p class=\"whitespace-normal break-words\">Vozol Gear Power 20000 Tobacco Einweg-Vape mit authentischem, vollmundigem Tabakaroma. S.i.L.C Mesh-Technologie, 12.000-20.000 Z\u00fcge, 650mAh Akku und Display f\u00fcr optimalen Dampfgenuss in Eco- oder Power-Modus.<\/p>\n<\/div>\n<\/div>\n<div class=\"flex flex-col gap-2 py-2\"><\/div>\n","protected":false},"featured_media":1160,"comment_status":"open","ping_status":"closed","template":"","meta":{"_acf_changed":false},"product_brand":[],"product_cat":[33],"product_tag":[],"class_list":{"0":"post-1158","1":"product","2":"type-product","3":"status-publish","4":"has-post-thumbnail","6":"product_cat-vozol-gear-power-20000","8":"first","9":"instock","10":"shipping-taxable","11":"purchasable","12":"product-type-variable"},"acf":[],"_links":{"self":[{"href":"https:\/\/vozolpuff.de\/pl\/wp-json\/wp\/v2\/product\/1158","targetHints":{"allow":["GET"]}}],"collection":[{"href":"https:\/\/vozolpuff.de\/pl\/wp-json\/wp\/v2\/product"}],"about":[{"href":"https:\/\/vozolpuff.de\/pl\/wp-json\/wp\/v2\/types\/product"}],"replies":[{"embeddable":true,"href":"https:\/\/vozolpuff.de\/pl\/wp-json\/wp\/v2\/comments?post=1158"}],"wp:featuredmedia":[{"embeddable":true,"href":"https:\/\/vozolpuff.de\/pl\/wp-json\/wp\/v2\/media\/1160"}],"wp:attachment":[{"href":"https:\/\/vozolpuff.de\/pl\/wp-json\/wp\/v2\/media?parent=1158"}],"wp:term":[{"taxonomy":"product_brand","embeddable":true,"href":"https:\/\/vozolpuff.de\/pl\/wp-json\/wp\/v2\/product_brand?post=1158"},{"taxonomy":"product_cat","embeddable":true,"href":"https:\/\/vozolpuff.de\/pl\/wp-json\/wp\/v2\/product_cat?post=1158"},{"taxonomy":"product_tag","embeddable":true,"href":"https:\/\/vozolpuff.de\/pl\/wp-json\/wp\/v2\/product_tag?post=1158"}],"curies":[{"name":"wp","href":"https:\/\/api.w.org\/{rel}","templated":true}]}}