{"id":1168,"date":"2025-08-25T10:58:08","date_gmt":"2025-08-25T08:58:08","guid":{"rendered":"https:\/\/vozolpuff.de\/?post_type=product&#038;p=1168"},"modified":"2026-04-26T04:50:25","modified_gmt":"2026-04-26T02:50:25","slug":"vozol-gear-power-20000-strawberry-watermelon","status":"publish","type":"product","link":"https:\/\/vozolpuff.de\/pl\/produkt\/vozol-gear-power-20000-strawberry-watermelon\/","title":{"rendered":"Vozol Gear Power 20000 Strawberry Watermelon"},"content":{"rendered":"<h2 class=\"text-xl font-bold text-text-100 mt-1 -mb-0.5\">Jednorazowy e-papieros Vozol Gear Power 20000 Strawberry Watermelon<\/h2>\n<p class=\"whitespace-normal break-words\">Ciesz si\u0119 letni\u0105 \u015bwie\u017co\u015bci\u0105 dzi\u0119ki Vozol Gear Power 20000 Strawberry Watermelon, kt\u00f3ry \u0142\u0105czy s\u0142odkie truskawki z soczystym arbuzem, tworz\u0105c orze\u017awiaj\u0105ce doznania smakowe. Ten wysokiej jako\u015bci jednorazowy waporyzator imponuje innowacyjn\u0105 cewk\u0105 siatkow\u0105 S.i.L.C i oferuje od 12 000 do 20 000 zaci\u0105gni\u0119\u0107 czystym owocowym smakiem. Wytrzyma\u0142a bateria 650 mAh, przyjazny dla u\u017cytkownika interfejs LED i 20 ml wysokiej jako\u015bci e-liquidu zapewniaj\u0105 nieograniczon\u0105 przyjemno\u015b\u0107 z waporyzacji o ka\u017cdej porze dnia.<\/p>\n<h3 class=\"text-lg font-bold text-text-100 mt-1 -mb-1.5\">Truskawka Arbuz Zalety produktu:<\/h3>\n<p class=\"whitespace-normal break-words\"><strong>S.i.L.C. Mesh perfection:<\/strong> Wzmacnia naturaln\u0105 s\u0142odycz truskawek i \u015bwie\u017co\u015b\u0107 arbuza.<\/p>\n<p class=\"whitespace-normal break-words\"><strong>Mo\u017cliwo\u015b\u0107 dostosowania wydajno\u015bci:<\/strong> 20 000 owocowych zaci\u0105gni\u0119\u0107 w trybie Eco lub 12 000 mocnych zaci\u0105gni\u0119\u0107 w trybie Power.<\/p>\n<p class=\"whitespace-normal break-words\"><strong>Innowacyjna struktura cewki:<\/strong> R\u00f3wnomiernie i intensywnie podkre\u015bla oba sk\u0142adniki owocowe<\/p>\n<p class=\"whitespace-normal break-words\"><strong>Precyzyjny monitoring:<\/strong> Precyzyjny wy\u015bwietlacz stanu baterii i zu\u017cycia p\u0142ynu<\/p>\n<p class=\"whitespace-normal break-words\"><strong>Wysokiej jako\u015bci e-liquid:<\/strong> Wype\u0142nienie premium 20 ml o mocy nikotyny 5% (50 mg)<\/p>\n<h3 class=\"text-lg font-bold text-text-100 mt-1 -mb-1.5\">Odkryj wi\u0119cej VOZOL VAPE na vozolpuff<\/h3>\n<p class=\"whitespace-normal break-words\">Odkryj wi\u0119cej produkt\u00f3w premium do waporyzacji w naszym sklepie <strong><a class=\"underline\" href=\"https:\/\/vozolpuff.de\/pl\/\">Sklep internetowy<\/a><\/strong> lub przejrzyj nasz\u0105 kompletn\u0105 ofert\u0119 <strong><a class=\"underline\" href=\"https:\/\/vozolpuff.de\/pl\/product-category\/vozol-vape\/\">Kolekcja VOZOL VAPE<\/a><\/strong>. Wszystkie smaki popularnego <strong><a class=\"underline\" href=\"https:\/\/vozolpuff.de\/pl\/product-category\/vozol-vape\/vozol-gear-power-20000\/\">Vozol Gear Power seria 20000<\/a><\/strong> mo\u017cna znale\u017a\u0107 w naszej szerokiej ofercie.<\/p>","protected":false},"excerpt":{"rendered":"<div>\n<div class=\"grid-cols-1 grid gap-2.5 [&amp;_&gt;_*]:min-w-0\">\n<p class=\"whitespace-normal break-words\">Vozol Gear Power 20000 Strawberry Watermelon Einweg-Vape mit sommerlicher Erdbeer-Wassermelonen-Kombination. S.i.L.C Mesh-Technologie, 12.000-20.000 Z\u00fcge, 650mAh Akku und LED-Display f\u00fcr optimalen Dampfgenuss in Eco- oder Power-Modus.<\/p>\n<\/div>\n<\/div>\n<div class=\"flex flex-col gap-2 py-2\"><\/div>\n","protected":false},"featured_media":1170,"comment_status":"open","ping_status":"closed","template":"","meta":{"_acf_changed":false},"product_brand":[],"product_cat":[33],"product_tag":[],"class_list":{"0":"post-1168","1":"product","2":"type-product","3":"status-publish","4":"has-post-thumbnail","6":"product_cat-vozol-gear-power-20000","8":"first","9":"instock","10":"shipping-taxable","11":"purchasable","12":"product-type-variable"},"acf":[],"_links":{"self":[{"href":"https:\/\/vozolpuff.de\/pl\/wp-json\/wp\/v2\/product\/1168","targetHints":{"allow":["GET"]}}],"collection":[{"href":"https:\/\/vozolpuff.de\/pl\/wp-json\/wp\/v2\/product"}],"about":[{"href":"https:\/\/vozolpuff.de\/pl\/wp-json\/wp\/v2\/types\/product"}],"replies":[{"embeddable":true,"href":"https:\/\/vozolpuff.de\/pl\/wp-json\/wp\/v2\/comments?post=1168"}],"wp:featuredmedia":[{"embeddable":true,"href":"https:\/\/vozolpuff.de\/pl\/wp-json\/wp\/v2\/media\/1170"}],"wp:attachment":[{"href":"https:\/\/vozolpuff.de\/pl\/wp-json\/wp\/v2\/media?parent=1168"}],"wp:term":[{"taxonomy":"product_brand","embeddable":true,"href":"https:\/\/vozolpuff.de\/pl\/wp-json\/wp\/v2\/product_brand?post=1168"},{"taxonomy":"product_cat","embeddable":true,"href":"https:\/\/vozolpuff.de\/pl\/wp-json\/wp\/v2\/product_cat?post=1168"},{"taxonomy":"product_tag","embeddable":true,"href":"https:\/\/vozolpuff.de\/pl\/wp-json\/wp\/v2\/product_tag?post=1168"}],"curies":[{"name":"wp","href":"https:\/\/api.w.org\/{rel}","templated":true}]}}