{"id":1178,"date":"2025-08-25T14:13:47","date_gmt":"2025-08-25T12:13:47","guid":{"rendered":"https:\/\/vozolpuff.de\/?post_type=product&#038;p=1178"},"modified":"2026-03-31T16:14:19","modified_gmt":"2026-03-31T14:14:19","slug":"vozol-gear-shisha-25000-two-apples","status":"publish","type":"product","link":"https:\/\/vozolpuff.de\/pl\/produkt\/vozol-gear-shisha-25000-two-apples\/","title":{"rendered":"Vozol Gear Shisha 25000 Dwa Jab\u0142ka"},"content":{"rendered":"<h2 class=\"text-xl font-bold text-text-100 mt-1 -mb-0.5\">Vozol Gear Shisha 25000 Two Apples Jednorazowy e-papieros<\/h2>\n<p class=\"whitespace-normal break-words\">The <strong>Vozol Gear Shisha 25000 Dwa Jab\u0142ka<\/strong> \u0142\u0105czy klasyczne po\u0142\u0105czenie smak\u00f3w podw\u00f3jnego jab\u0142ka w ultranowoczesnym jednorazowym vaporizerze. Dzi\u0119ki imponuj\u0105cej pojemno\u015bci do 25 000 zaci\u0105gni\u0119\u0107 w oszcz\u0119dnym trybie Eco mo\u017cesz cieszy\u0107 si\u0119 d\u0142ugotrwa\u0142ymi chwilami parowania bez kompromis\u00f3w. Pot\u0119\u017cny tryb Power zapewnia intensywniejsze doznania smakowe dzi\u0119ki innowacyjnej technologii Dual Mesh Coil. Zoptymalizowany aerodynamicznie system przep\u0142ywu powietrza zosta\u0142 opracowany specjalnie dla entuzjast\u00f3w DTL i gwarantuje \u0142atwe, aksamitnie mi\u0119kkie zaci\u0105gni\u0119cia. Wyposa\u017cony w wytrzyma\u0142\u0105 bateri\u0119 1000 mAh, pojemny zbiornik na p\u0142yn o pojemno\u015bci 24 ml i przejrzysty kolorowy wy\u015bwietlacz o przek\u0105tnej 2,1 cala, urz\u0105dzenie to \u0142\u0105czy w sobie wytrzyma\u0142o\u015b\u0107, innowacyjno\u015b\u0107 i wygod\u0119 w idealnej harmonii.<\/p>\n<h3 class=\"text-lg font-bold text-text-100 mt-1 -mb-1.5\">Najwa\u017cniejsze cechy techniczne fajki wodnej Vozol Gear Shisha 25000 Two Apples:<\/h3>\n<p class=\"whitespace-normal break-words\"><strong>Magazynowanie energii:<\/strong> Akumulator o wysokiej wydajno\u015bci 1000 mAh<br \/>\n<strong>Tryb Eco:<\/strong> Do 25 000 poci\u0105g\u00f3w parowych<br \/>\n<strong>Dzia\u0142anie zasilania:<\/strong> Do 18 000 poci\u0105g\u00f3w parowych<br \/>\n<strong>Si\u0142a nikotyny:<\/strong> 5 mg\/ml zapewnia satysfakcjonuj\u0105ce doznania podczas waporyzacji<br \/>\n<strong>Technologia trakcji:<\/strong> DTL (Direct-to-Lung) dla obszernych chmur pary<br \/>\n<strong>Elementy grzejne:<\/strong> Cewki Dual Mesh zapewniaj\u0105ce optymalny smak i wytwarzanie pary<br \/>\n<strong>Inteligentne funkcje:<\/strong> Interakcja audio zapewniaj\u0105ca nowoczesn\u0105 obs\u0142ug\u0119<br \/>\n<strong>Wy\u015bwietlacz:<\/strong> 2,1-calowy, pe\u0142nokolorowy wy\u015bwietlacz do monitorowania stanu<br \/>\n<strong>Dop\u0142yw powietrza:<\/strong> Regulacja przep\u0142ywu powietrza dla spersonalizowanych wra\u017ce\u0144 podczas wapowania<\/p>\n<h3 class=\"text-lg font-bold text-text-100 mt-1 -mb-1.5\">Odkryj wi\u0119cej VOZOL VAPE na vozolpuff<\/h3>\n<p class=\"whitespace-normal break-words\">Odkryj wi\u0119cej produkt\u00f3w premium do waporyzacji w naszym sklepie <strong><a class=\"underline\" href=\"https:\/\/vozolpuff.de\/pl\/\">G\u0142\u00f3wny asortyment<\/a><\/strong>Przejrzyj nasz\u0105 pe\u0142n\u0105 ofert\u0119 <strong><a class=\"underline\" href=\"https:\/\/vozolpuff.de\/pl\/product-category\/vozol-vape\/\">Kolekcja VOZOL VAPE<\/a><\/strong> lub zapozna\u0107 si\u0119 ze wszystkimi dost\u0119pnymi <strong><a class=\"underline\" href=\"https:\/\/vozolpuff.de\/pl\/product-category\/vozol-vape\/vozol-gear-shisha-25000\/\">Vozol Gear Shisha 25000 smak\u00f3w<\/a><\/strong>.<\/p>","protected":false},"excerpt":{"rendered":"<div>\n<div class=\"grid-cols-1 grid gap-2.5 [&amp;_&gt;_*]:min-w-0\">\n<p class=\"whitespace-normal break-words\">Vozol Gear Shisha 25000 Two Apples Einweg-Vape mit klassischem Doppel-Apfel-Geschmack. Dual-Mesh-Technologie, 18.000-25.000 Z\u00fcge, 1000mAh Akku, 24ml E-Liquid und 2,1-Zoll-Farbdisplay f\u00fcr DTL-Dampfgenuss in Eco- oder Power-Modus.<\/p>\n<\/div>\n<\/div>\n<div class=\"flex flex-col gap-2 py-2\"><\/div>\n","protected":false},"featured_media":1181,"comment_status":"open","ping_status":"closed","template":"","meta":{"_acf_changed":false},"product_brand":[],"product_cat":[34],"product_tag":[],"class_list":{"0":"post-1178","1":"product","2":"type-product","3":"status-publish","4":"has-post-thumbnail","6":"product_cat-vozol-gear-shisha-25000","8":"first","9":"instock","10":"shipping-taxable","11":"purchasable","12":"product-type-variable"},"acf":[],"_links":{"self":[{"href":"https:\/\/vozolpuff.de\/pl\/wp-json\/wp\/v2\/product\/1178","targetHints":{"allow":["GET"]}}],"collection":[{"href":"https:\/\/vozolpuff.de\/pl\/wp-json\/wp\/v2\/product"}],"about":[{"href":"https:\/\/vozolpuff.de\/pl\/wp-json\/wp\/v2\/types\/product"}],"replies":[{"embeddable":true,"href":"https:\/\/vozolpuff.de\/pl\/wp-json\/wp\/v2\/comments?post=1178"}],"wp:featuredmedia":[{"embeddable":true,"href":"https:\/\/vozolpuff.de\/pl\/wp-json\/wp\/v2\/media\/1181"}],"wp:attachment":[{"href":"https:\/\/vozolpuff.de\/pl\/wp-json\/wp\/v2\/media?parent=1178"}],"wp:term":[{"taxonomy":"product_brand","embeddable":true,"href":"https:\/\/vozolpuff.de\/pl\/wp-json\/wp\/v2\/product_brand?post=1178"},{"taxonomy":"product_cat","embeddable":true,"href":"https:\/\/vozolpuff.de\/pl\/wp-json\/wp\/v2\/product_cat?post=1178"},{"taxonomy":"product_tag","embeddable":true,"href":"https:\/\/vozolpuff.de\/pl\/wp-json\/wp\/v2\/product_tag?post=1178"}],"curies":[{"name":"wp","href":"https:\/\/api.w.org\/{rel}","templated":true}]}}