{"id":1184,"date":"2025-08-25T14:17:26","date_gmt":"2025-08-25T12:17:26","guid":{"rendered":"https:\/\/vozolpuff.de\/?post_type=product&#038;p=1184"},"modified":"2026-03-31T16:14:12","modified_gmt":"2026-03-31T14:14:12","slug":"vozol-gear-shisha-25000-watermelon-ice","status":"publish","type":"product","link":"https:\/\/vozolpuff.de\/pl\/produkt\/vozol-gear-shisha-25000-watermelon-ice\/","title":{"rendered":"Vozol Gear Shisha 25000 Watermelon Ice"},"content":{"rendered":"<h2 class=\"text-xl font-bold text-text-100 mt-1 -mb-0.5\">Vozol Gear Shisha 25000 Watermelon Ice Jednorazowy e-papieros<\/h2>\n<p class=\"whitespace-normal break-words\">Do\u015bwiadczenie z <strong>Vozol Gear Shisha 25000 Watermelon Ice<\/strong> idealne po\u0142\u0105czenie soczystego arbuza i orze\u017awiaj\u0105cego ch\u0142odu. To wysokiej jako\u015bci urz\u0105dzenie jednorazowe zapewnia a\u017c 25 000 zaci\u0105gni\u0119\u0107 w energooszcz\u0119dnym trybie Eco, umo\u017cliwiaj\u0105cym d\u0142ugie sesje wapowania. Wydajny tryb Power zapewnia intensywniejsze doznania smakowe dzi\u0119ki zaawansowanej technologii podw\u00f3jnej cewki siatkowej. Dynamiczna konstrukcja kana\u0142u powietrznego doskonale spe\u0142nia wymagania wymagaj\u0105cych u\u017cytkownik\u00f3w DTL i zapewnia natychmiastowe, jedwabiste zaci\u0105gni\u0119cia. Po\u0142\u0105czenie wydajnej baterii 1000 mAh, pojemnego zbiornika na e-liquid o pojemno\u015bci 24 ml i nowoczesnego wy\u015bwietlacza Mega o przek\u0105tnej 2,1 cala tworzy idealn\u0105 symbioz\u0119 trwa\u0142o\u015bci, funkcjonalno\u015bci i komfortu obs\u0142ugi.<\/p>\n<h3 class=\"text-lg font-bold text-text-100 mt-1 -mb-1.5\">Specyfikacja Vozol Gear Shisha 25000 Watermelon Ice:<\/h3>\n<p class=\"whitespace-normal break-words\"><strong>Pojemno\u015b\u0107 akumulatora:<\/strong> 1000 mAh dla d\u0142u\u017cszego czasu u\u017cytkowania<br \/>\n<strong>Tryb Eco:<\/strong> Do 25 000 od\u015bwie\u017caj\u0105cych zaci\u0105gni\u0119\u0107<br \/>\n<strong>Tryb zasilania:<\/strong> Do 18 000 intensywnych poci\u0105g\u00f3w<br \/>\n<strong>Zawarto\u015b\u0107 nikotyny:<\/strong> 5 mg\/ml dla zadowalaj\u0105cych wra\u017ce\u0144 podczas wapowania<br \/>\n<strong>Styl parowy:<\/strong> DTL (Direct To Lung) dla imponuj\u0105cego formowania chmur<br \/>\n<strong>System cewek:<\/strong> Technologia Dual Mesh dla wzmocnienia smaku i produkcji pary<br \/>\n<strong>Interaktywno\u015b\u0107:<\/strong> Audio-Feedback dla nowoczesnego do\u015bwiadczenia u\u017cytkownika<br \/>\n<strong>Technologia wy\u015bwietlania:<\/strong> 2,1-calowy kolorowy ekran u\u0142atwiaj\u0105cy monitorowanie<br \/>\n<strong>System przep\u0142ywu powietrza:<\/strong> Regulacja przep\u0142ywu powietrza umo\u017cliwiaj\u0105ca dostosowanie do indywidualnych potrzeb<\/p>\n<h3 class=\"text-lg font-bold text-text-100 mt-1 -mb-1.5\">Odkryj wi\u0119cej VOZOL VAPE na vozolpuff<\/h3>\n<p class=\"whitespace-normal break-words\">Odkryj wi\u0119cej produkt\u00f3w premium do waporyzacji w naszym sklepie <strong><a class=\"underline\" href=\"https:\/\/vozolpuff.de\/pl\/\">G\u0142\u00f3wny asortyment<\/a><\/strong>Przejrzyj nasz\u0105 pe\u0142n\u0105 ofert\u0119 <strong><a class=\"underline\" href=\"https:\/\/vozolpuff.de\/pl\/product-category\/vozol-vape\/\">Kolekcja VOZOL VAPE<\/a><\/strong> lub zapozna\u0107 si\u0119 ze wszystkimi dost\u0119pnymi <strong><a class=\"underline\" href=\"https:\/\/vozolpuff.de\/pl\/product-category\/vozol-vape\/vozol-gear-shisha-25000\/\">Vozol Gear Shisha 25000 smak\u00f3w<\/a><\/strong>.<\/p>","protected":false},"excerpt":{"rendered":"<div>\n<div class=\"grid-cols-1 grid gap-2.5 [&amp;_&gt;_*]:min-w-0\">\n<p class=\"whitespace-normal break-words\">Vozol Gear Shisha 25000 Watermelon Ice Einweg-Vape mit saftiger Wassermelone und erfrischender K\u00fchle. Dual-Mesh-Technologie, 18.000-25.000 Z\u00fcge, 1000mAh Akku, 24ml E-Liquid und 2,1-Zoll-Farbdisplay f\u00fcr DTL-Dampfgenuss.<\/p>\n<\/div>\n<\/div>\n<div class=\"flex flex-col gap-2 py-2\"><\/div>\n","protected":false},"featured_media":1188,"comment_status":"open","ping_status":"closed","template":"","meta":{"_acf_changed":false},"product_brand":[],"product_cat":[34],"product_tag":[],"class_list":{"0":"post-1184","1":"product","2":"type-product","3":"status-publish","4":"has-post-thumbnail","6":"product_cat-vozol-gear-shisha-25000","8":"first","9":"instock","10":"shipping-taxable","11":"purchasable","12":"product-type-variable"},"acf":[],"_links":{"self":[{"href":"https:\/\/vozolpuff.de\/pl\/wp-json\/wp\/v2\/product\/1184","targetHints":{"allow":["GET"]}}],"collection":[{"href":"https:\/\/vozolpuff.de\/pl\/wp-json\/wp\/v2\/product"}],"about":[{"href":"https:\/\/vozolpuff.de\/pl\/wp-json\/wp\/v2\/types\/product"}],"replies":[{"embeddable":true,"href":"https:\/\/vozolpuff.de\/pl\/wp-json\/wp\/v2\/comments?post=1184"}],"wp:featuredmedia":[{"embeddable":true,"href":"https:\/\/vozolpuff.de\/pl\/wp-json\/wp\/v2\/media\/1188"}],"wp:attachment":[{"href":"https:\/\/vozolpuff.de\/pl\/wp-json\/wp\/v2\/media?parent=1184"}],"wp:term":[{"taxonomy":"product_brand","embeddable":true,"href":"https:\/\/vozolpuff.de\/pl\/wp-json\/wp\/v2\/product_brand?post=1184"},{"taxonomy":"product_cat","embeddable":true,"href":"https:\/\/vozolpuff.de\/pl\/wp-json\/wp\/v2\/product_cat?post=1184"},{"taxonomy":"product_tag","embeddable":true,"href":"https:\/\/vozolpuff.de\/pl\/wp-json\/wp\/v2\/product_tag?post=1184"}],"curies":[{"name":"wp","href":"https:\/\/api.w.org\/{rel}","templated":true}]}}