{"id":1190,"date":"2025-08-25T14:20:01","date_gmt":"2025-08-25T12:20:01","guid":{"rendered":"https:\/\/vozolpuff.de\/?post_type=product&#038;p=1190"},"modified":"2026-03-31T16:14:06","modified_gmt":"2026-03-31T14:14:06","slug":"vozol-gear-shisha-25000-mango-freeze","status":"publish","type":"product","link":"https:\/\/vozolpuff.de\/pl\/produkt\/vozol-gear-shisha-25000-mango-freeze\/","title":{"rendered":"Vozol Gear Shisha 25000 Mango Freeze"},"content":{"rendered":"<h2 class=\"text-xl font-bold text-text-100 mt-1 -mb-0.5\">Vozol Gear Shisha 25000 Mango Freeze Jednorazowy e-papieros<\/h2>\n<p class=\"whitespace-normal break-words\">The <strong>Vozol Gear Shisha 25000 Mango Freeze<\/strong> \u0142\u0105czy tropikaln\u0105 s\u0142odycz mango z intensywn\u0105 \u015bwie\u017co\u015bci\u0105 w rewolucyjnym jednorazowym vaporizerze. Dzi\u0119ki wyj\u0105tkowej wydajno\u015bci do 25 000 zaci\u0105gni\u0119\u0107 w energooszcz\u0119dnym trybie Eco zapewnia nieko\u0144cz\u0105c\u0105 si\u0119 przyjemno\u015b\u0107 wapowania bez przerw. Dynamiczny tryb Power zapewnia wzmocnione doznania smakowe dzi\u0119ki zaawansowanej innowacyjnej technologii podw\u00f3jnej cewki siatkowej. Zoptymalizowana pod k\u0105tem przep\u0142ywu p\u0142yn\u00f3w konstrukcja zosta\u0142a zaprojektowana specjalnie dla mi\u0142o\u015bnik\u00f3w DTL i zapewnia natychmiastowe, p\u0142ynne wydobycie pary. Dzi\u0119ki pot\u0119\u017cnej baterii o pojemno\u015bci 1000 mAh, pojemnemu zbiornikowi na p\u0142yn o pojemno\u015bci 24 ml i informacyjnemu ekranowi o przek\u0105tnej 2,1 cala, urz\u0105dzenie to zapewnia idealn\u0105 r\u00f3wnowag\u0119 mi\u0119dzy wytrzyma\u0142o\u015bci\u0105, wydajno\u015bci\u0105 i \u0142atwo\u015bci\u0105 obs\u0142ugi.<\/p>\n<h3 class=\"text-lg font-bold text-text-100 mt-1 -mb-1.5\">Cechy produktu Vozol Gear Shisha 25000 Mango Freeze:<\/h3>\n<p class=\"whitespace-normal break-words\"><strong>Wydajno\u015b\u0107 baterii:<\/strong> 1000 mAh dla wyd\u0142u\u017conego czasu pracy<br \/>\n<strong>Funkcja Eco:<\/strong> Do 25 000 tropikalnych poci\u0105g\u00f3w<br \/>\n<strong>Funkcja zasilania:<\/strong> Do 18 000 mocnych poci\u0105gni\u0119\u0107<br \/>\n<strong>st\u0119\u017cenie nikotyny:<\/strong> 5 mg\/ml dla satysfakcjonuj\u0105cych zaci\u0105gni\u0119\u0107<br \/>\n<strong>Technika inhalacji:<\/strong> DTL (Direct To Lung) dla du\u017cych ilo\u015bci opar\u00f3w<br \/>\n<strong>System waporyzatora:<\/strong> Cewki Dual Mesh zapewniaj\u0105ce optymalny smak i wytwarzanie pary<br \/>\n<strong>Dodatkowe funkcje:<\/strong> Interakcja audio zapewniaj\u0105ca nowoczesn\u0105 obs\u0142ug\u0119<br \/>\n<strong>Technologia ekranu:<\/strong> 2,1-calowy kolorowy wy\u015bwietlacz zapewniaj\u0105cy wygodn\u0105 kontrol\u0119<br \/>\n<strong>Regulacja powietrza:<\/strong> Regulowany przep\u0142yw powietrza dla indywidualnych ustawie\u0144 pary<\/p>\n<h3 class=\"text-lg font-bold text-text-100 mt-1 -mb-1.5\">Odkryj wi\u0119cej VOZOL VAPE na vozolpuff<\/h3>\n<p class=\"whitespace-normal break-words\">Odkryj wi\u0119cej produkt\u00f3w premium do waporyzacji w naszym sklepie <strong><a class=\"underline\" href=\"https:\/\/vozolpuff.de\/pl\/\">G\u0142\u00f3wny asortyment<\/a><\/strong>Przejrzyj nasz\u0105 pe\u0142n\u0105 ofert\u0119 <strong><a class=\"underline\" href=\"https:\/\/vozolpuff.de\/pl\/product-category\/vozol-vape\/\">Kolekcja VOZOL VAPE<\/a><\/strong> lub zapozna\u0107 si\u0119 ze wszystkimi dost\u0119pnymi <strong><a class=\"underline\" href=\"https:\/\/vozolpuff.de\/pl\/product-category\/vozol-vape\/vozol-gear-shisha-25000\/\">Vozol Gear Shisha 25000 smak\u00f3w<\/a><\/strong>.<\/p>","protected":false},"excerpt":{"rendered":"<div>\n<div class=\"grid-cols-1 grid gap-2.5 [&amp;_&gt;_*]:min-w-0\">\n<p class=\"whitespace-normal break-words\">Vozol Gear Shisha 25000 Mango Freeze Einweg-Vape mit tropischer Mango und intensiver Frische. Dual-Mesh-Technologie, 18.000-25.000 Z\u00fcge, 1000mAh Akku, 24ml E-Liquid und 2,1-Zoll-Farbdisplay f\u00fcr DTL-Dampfgenuss.<\/p>\n<\/div>\n<\/div>\n<div class=\"flex flex-col gap-2 py-2\"><\/div>\n","protected":false},"featured_media":1192,"comment_status":"open","ping_status":"closed","template":"","meta":{"_acf_changed":false},"product_brand":[],"product_cat":[34],"product_tag":[],"class_list":{"0":"post-1190","1":"product","2":"type-product","3":"status-publish","4":"has-post-thumbnail","6":"product_cat-vozol-gear-shisha-25000","8":"first","9":"instock","10":"shipping-taxable","11":"purchasable","12":"product-type-variable"},"acf":[],"_links":{"self":[{"href":"https:\/\/vozolpuff.de\/pl\/wp-json\/wp\/v2\/product\/1190","targetHints":{"allow":["GET"]}}],"collection":[{"href":"https:\/\/vozolpuff.de\/pl\/wp-json\/wp\/v2\/product"}],"about":[{"href":"https:\/\/vozolpuff.de\/pl\/wp-json\/wp\/v2\/types\/product"}],"replies":[{"embeddable":true,"href":"https:\/\/vozolpuff.de\/pl\/wp-json\/wp\/v2\/comments?post=1190"}],"wp:featuredmedia":[{"embeddable":true,"href":"https:\/\/vozolpuff.de\/pl\/wp-json\/wp\/v2\/media\/1192"}],"wp:attachment":[{"href":"https:\/\/vozolpuff.de\/pl\/wp-json\/wp\/v2\/media?parent=1190"}],"wp:term":[{"taxonomy":"product_brand","embeddable":true,"href":"https:\/\/vozolpuff.de\/pl\/wp-json\/wp\/v2\/product_brand?post=1190"},{"taxonomy":"product_cat","embeddable":true,"href":"https:\/\/vozolpuff.de\/pl\/wp-json\/wp\/v2\/product_cat?post=1190"},{"taxonomy":"product_tag","embeddable":true,"href":"https:\/\/vozolpuff.de\/pl\/wp-json\/wp\/v2\/product_tag?post=1190"}],"curies":[{"name":"wp","href":"https:\/\/api.w.org\/{rel}","templated":true}]}}