{"id":1209,"date":"2025-08-25T14:47:43","date_gmt":"2025-08-25T12:47:43","guid":{"rendered":"https:\/\/vozolpuff.de\/?post_type=product&#038;p=1209"},"modified":"2026-03-31T16:13:47","modified_gmt":"2026-03-31T14:13:47","slug":"vozol-gear-shisha-25000-blueberry-mint","status":"publish","type":"product","link":"https:\/\/vozolpuff.de\/pl\/produkt\/vozol-gear-shisha-25000-blueberry-mint\/","title":{"rendered":"Vozol Gear Shisha 25000 Blueberry Mint"},"content":{"rendered":"<h2 class=\"text-xl font-bold text-text-100 mt-1 -mb-0.5\">Jednorazowy e-papieros Vozol Gear Shisha 25000 Blueberry Mint<\/h2>\n<p class=\"whitespace-normal break-words\">Do\u015bwiadczenie z <strong>Vozol Gear Shisha 25000 Blueberry Mint<\/strong> idealna symbioza s\u0142odkich jag\u00f3d i orze\u017awiaj\u0105cej mi\u0119ty. Ten innowacyjny waporyzator jednorazowego u\u017cytku oferuje imponuj\u0105c\u0105 liczb\u0119 25 000 zaci\u0105gni\u0119\u0107 w energooszcz\u0119dnym trybie Eco, kt\u00f3ry zapewnia wyd\u0142u\u017cone fazy pary bez kompromis\u00f3w. Pot\u0119\u017cny tryb Power umo\u017cliwia zwi\u0119kszenie wymiar\u00f3w smaku dzi\u0119ki rewolucyjnej technologii podw\u00f3jnej cewki siatkowej. Dynamicznie zaprojektowany system przep\u0142ywu powietrza zosta\u0142 opracowany specjalnie dla ekspert\u00f3w DTL i zapewnia natychmiastow\u0105, p\u0142ynn\u0105 absorpcj\u0119 pary. Po\u0142\u0105czenie pot\u0119\u017cnego ogniwa energetycznego 1000 mAh, du\u017cej pojemno\u015bci zbiornika na p\u0142yn 24 ml i kolorowego wy\u015bwietlacza o wysokiej rozdzielczo\u015bci 2,1 cala tworzy idealne po\u0142\u0105czenie wytrzyma\u0142o\u015bci, wydajno\u015bci i \u0142atwo\u015bci obs\u0142ugi.<\/p>\n<h3 class=\"text-lg font-bold text-text-100 mt-1 -mb-1.5\">Cechy szczeg\u00f3lne fajki Vozol Gear Shisha 25000 Blueberry Mint:<\/h3>\n<p class=\"whitespace-normal break-words\"><strong>Zasilanie bateryjne:<\/strong> 1000 mAh dla d\u0142ugotrwa\u0142ej wydajno\u015bci<br \/>\n<strong>Firma ekologiczna:<\/strong> Do 25 000 mi\u0119towych zaci\u0105gni\u0119\u0107<br \/>\n<strong>Dzia\u0142anie zasilania:<\/strong> Do 18 000 pot\u0119\u017cnych poci\u0105g\u00f3w<br \/>\n<strong>Si\u0142a nikotyny:<\/strong> 5 mg \/ ml dla spe\u0142nienia moment\u00f3w opar\u00f3w<br \/>\n<strong>Rodzaj inhalacji:<\/strong> DTL (Direct To Lung) dla imponuj\u0105cych chmur pary wodnej<br \/>\n<strong>System odparowywania:<\/strong> Podw\u00f3jne cewki siatkowe dla zwi\u0119kszenia aromatu i produkcji pary<br \/>\n<strong>Inteligentna integracja:<\/strong> D\u017awi\u0119kowe informacje zwrotne dla nowoczesnych wskaz\u00f3wek dla u\u017cytkownika<br \/>\n<strong>Technologia monitorowania:<\/strong> 2,1-calowy kolorowy ekran do wygodnego monitorowania<br \/>\n<strong>Konstrukcja przep\u0142ywu powietrza:<\/strong> Dostosowywany dop\u0142yw powietrza dla indywidualnych wra\u017ce\u0144 z waporyzacji<\/p>\n<h3 class=\"text-lg font-bold text-text-100 mt-1 -mb-1.5\">Odkryj wi\u0119cej VOZOL VAPE na vozolpuff<\/h3>\n<p class=\"whitespace-normal break-words\">Odkryj wi\u0119cej produkt\u00f3w premium do waporyzacji w naszym sklepie <strong><a class=\"underline\" href=\"https:\/\/vozolpuff.de\/pl\/\">G\u0142\u00f3wny asortyment<\/a><\/strong>Przejrzyj nasz\u0105 pe\u0142n\u0105 ofert\u0119 <strong><a class=\"underline\" href=\"https:\/\/vozolpuff.de\/pl\/product-category\/vozol-vape\/\">Kolekcja VOZOL VAPE<\/a><\/strong> lub zapozna\u0107 si\u0119 ze wszystkimi dost\u0119pnymi <strong><a class=\"underline\" href=\"https:\/\/vozolpuff.de\/pl\/product-category\/vozol-vape\/vozol-gear-shisha-25000\/\">Vozol Gear Shisha 25000 smak\u00f3w<\/a><\/strong>.<\/p>","protected":false},"excerpt":{"rendered":"<div>\n<div class=\"grid-cols-1 grid gap-2.5 [&amp;_&gt;_*]:min-w-0\">\n<p class=\"whitespace-normal break-words\">Vozol Gear Shisha 25000 Blueberry Mint Einweg-Vape mit perfekter Blaubeer-Minz-Symbiose. Dual-Mesh-Technologie, 18.000-25.000 Z\u00fcge, 1000mAh Akku, 24ml E-Liquid und 2,1-Zoll-Farbdisplay f\u00fcr DTL-Dampfgenuss.<\/p>\n<\/div>\n<\/div>\n<div class=\"flex flex-col gap-2 py-2\"><\/div>\n","protected":false},"featured_media":1211,"comment_status":"open","ping_status":"closed","template":"","meta":{"_acf_changed":false},"product_brand":[],"product_cat":[34],"product_tag":[],"class_list":{"0":"post-1209","1":"product","2":"type-product","3":"status-publish","4":"has-post-thumbnail","6":"product_cat-vozol-gear-shisha-25000","8":"first","9":"instock","10":"shipping-taxable","11":"purchasable","12":"product-type-variable"},"acf":[],"_links":{"self":[{"href":"https:\/\/vozolpuff.de\/pl\/wp-json\/wp\/v2\/product\/1209","targetHints":{"allow":["GET"]}}],"collection":[{"href":"https:\/\/vozolpuff.de\/pl\/wp-json\/wp\/v2\/product"}],"about":[{"href":"https:\/\/vozolpuff.de\/pl\/wp-json\/wp\/v2\/types\/product"}],"replies":[{"embeddable":true,"href":"https:\/\/vozolpuff.de\/pl\/wp-json\/wp\/v2\/comments?post=1209"}],"wp:featuredmedia":[{"embeddable":true,"href":"https:\/\/vozolpuff.de\/pl\/wp-json\/wp\/v2\/media\/1211"}],"wp:attachment":[{"href":"https:\/\/vozolpuff.de\/pl\/wp-json\/wp\/v2\/media?parent=1209"}],"wp:term":[{"taxonomy":"product_brand","embeddable":true,"href":"https:\/\/vozolpuff.de\/pl\/wp-json\/wp\/v2\/product_brand?post=1209"},{"taxonomy":"product_cat","embeddable":true,"href":"https:\/\/vozolpuff.de\/pl\/wp-json\/wp\/v2\/product_cat?post=1209"},{"taxonomy":"product_tag","embeddable":true,"href":"https:\/\/vozolpuff.de\/pl\/wp-json\/wp\/v2\/product_tag?post=1209"}],"curies":[{"name":"wp","href":"https:\/\/api.w.org\/{rel}","templated":true}]}}