{"id":1213,"date":"2025-08-25T14:50:49","date_gmt":"2025-08-25T12:50:49","guid":{"rendered":"https:\/\/vozolpuff.de\/?post_type=product&#038;p=1213"},"modified":"2026-03-31T16:13:41","modified_gmt":"2026-03-31T14:13:41","slug":"vozol-gear-shisha-25000-blueberry-ice","status":"publish","type":"product","link":"https:\/\/vozolpuff.de\/pl\/produkt\/vozol-gear-shisha-25000-blueberry-ice\/","title":{"rendered":"Vozol Gear Shisha 25000 Blueberry Ice"},"content":{"rendered":"<h2 class=\"text-xl font-bold text-text-100 mt-1 -mb-0.5\">Jednorazowy e-papieros Vozol Gear Shisha 25000 Blueberry Ice<\/h2>\n<p class=\"whitespace-normal break-words\">The <strong>Vozol Gear Shisha 25000 Blueberry Ice<\/strong> \u0142\u0105czy s\u0142odki smak jag\u00f3d z intensywn\u0105 \u015bwie\u017co\u015bci\u0105 w wyrafinowanym waporyzatorze jednorazowego u\u017cytku. Wyj\u0105tkowa pojemno\u015b\u0107 do 25 000 zaci\u0105gni\u0119\u0107 w ekonomicznym trybie eco gwarantuje d\u0142ugotrwa\u0142\u0105 przyjemno\u015b\u0107 z waporyzacji bez przerw. Dynamiczny tryb zasilania zapewnia zintensyfikowane doznania smakowe dzi\u0119ki najnowocze\u015bniejszej technologii podw\u00f3jnej cewki siatkowej. Aerodynamicznie zoptymalizowana konstrukcja kana\u0142u powietrznego zosta\u0142a stworzona wy\u0142\u0105cznie dla entuzjast\u00f3w DTL i zapewnia natychmiastow\u0105, aksamitnie g\u0142adk\u0105 ekstrakcj\u0119 pary. Wyposa\u017cony w niezawodn\u0105 bateri\u0119 o pojemno\u015bci 1000 mAh, pojemny zbiornik na e-liquid o pojemno\u015bci 24 ml i mega ekran o przek\u0105tnej 2,1 cala, to urz\u0105dzenie \u0142\u0105czy w sobie trwa\u0142o\u015b\u0107, innowacyjno\u015b\u0107 i wygod\u0119 w doskona\u0142ej r\u00f3wnowadze.<\/p>\n<h3 class=\"text-lg font-bold text-text-100 mt-1 -mb-1.5\">Najwa\u017cniejsze cechy produktu Vozol Gear Shisha 25000 Blueberry Ice:<\/h3>\n<p class=\"whitespace-normal break-words\"><strong>Magazynowanie energii:<\/strong> 1000 mAh dla d\u0142u\u017cszego czasu pracy<br \/>\n<strong>Tryb ekonomiczny:<\/strong> Do 25 000 poci\u0105g\u00f3w ch\u0142odz\u0105cych<br \/>\n<strong>Tryb Turbo:<\/strong> Do 18 000 mocnych poci\u0105gni\u0119\u0107<br \/>\n<strong>Zawarto\u015b\u0107 nikotyny:<\/strong> 5 mg\/ml dla satysfakcjonuj\u0105cych sesji waporyzacji<br \/>\n<strong>Technologia trakcji:<\/strong> DTL (Direct To Lung) dla du\u017cych ilo\u015bci opar\u00f3w<br \/>\n<strong>Technologia ogrzewania:<\/strong> Waporyzator z podw\u00f3jn\u0105 siatk\u0105 zapewnia maksymalny smak i obj\u0119to\u015b\u0107 pary<br \/>\n<strong>Dodatkowe funkcje:<\/strong> Interakcja audio do wsp\u00f3\u0142czesnych zastosowa\u0144<br \/>\n<strong>System wy\u015bwietlania:<\/strong> 2,1-calowy kolorowy wy\u015bwietlacz u\u0142atwiaj\u0105cy obs\u0142ug\u0119<br \/>\n<strong>Kontrola przep\u0142ywu powietrza:<\/strong> Regulacja przep\u0142ywu powietrza dla spersonalizowanych ustawie\u0144<\/p>\n<h3 class=\"text-lg font-bold text-text-100 mt-1 -mb-1.5\">Odkryj wi\u0119cej VOZOL VAPE na vozolpuff<\/h3>\n<p class=\"whitespace-normal break-words\">Odkryj wi\u0119cej produkt\u00f3w premium do waporyzacji w naszym sklepie <strong><a class=\"underline\" href=\"https:\/\/vozolpuff.de\/pl\/\">G\u0142\u00f3wny asortyment<\/a><\/strong>Przejrzyj nasz\u0105 pe\u0142n\u0105 ofert\u0119 <strong><a class=\"underline\" href=\"https:\/\/vozolpuff.de\/pl\/product-category\/vozol-vape\/\">Kolekcja VOZOL VAPE<\/a><\/strong> lub zapozna\u0107 si\u0119 ze wszystkimi dost\u0119pnymi <strong><a class=\"underline\" href=\"https:\/\/vozolpuff.de\/pl\/product-category\/vozol-vape\/vozol-gear-shisha-25000\/\">Vozol Gear Shisha 25000 smak\u00f3w<\/a><\/strong>.<\/p>","protected":false},"excerpt":{"rendered":"<div>\n<div class=\"grid-cols-1 grid gap-2.5 [&amp;_&gt;_*]:min-w-0\">\n<div>\n<div class=\"grid-cols-1 grid gap-2.5 [&amp;_&gt;_*]:min-w-0\">\n<p class=\"whitespace-normal break-words\">Vozol Gear Shisha 25000 Blueberry Ice Einweg-Vape mit s\u00fc\u00dfen Blaubeeren und intensiver Frische. Dual-Mesh-Technologie, 18.000-25.000 Z\u00fcge, 1000mAh Akku, 24ml E-Liquid und 2,1-Zoll-Farbdisplay f\u00fcr DTL-Dampfgenuss.<\/p>\n<\/div>\n<\/div>\n<\/div>\n<\/div>\n<div class=\"flex flex-col gap-2 py-2\"><\/div>\n","protected":false},"featured_media":1215,"comment_status":"open","ping_status":"closed","template":"","meta":{"_acf_changed":false},"product_brand":[],"product_cat":[34],"product_tag":[],"class_list":{"0":"post-1213","1":"product","2":"type-product","3":"status-publish","4":"has-post-thumbnail","6":"product_cat-vozol-gear-shisha-25000","8":"first","9":"instock","10":"shipping-taxable","11":"purchasable","12":"product-type-variable"},"acf":[],"_links":{"self":[{"href":"https:\/\/vozolpuff.de\/pl\/wp-json\/wp\/v2\/product\/1213","targetHints":{"allow":["GET"]}}],"collection":[{"href":"https:\/\/vozolpuff.de\/pl\/wp-json\/wp\/v2\/product"}],"about":[{"href":"https:\/\/vozolpuff.de\/pl\/wp-json\/wp\/v2\/types\/product"}],"replies":[{"embeddable":true,"href":"https:\/\/vozolpuff.de\/pl\/wp-json\/wp\/v2\/comments?post=1213"}],"wp:featuredmedia":[{"embeddable":true,"href":"https:\/\/vozolpuff.de\/pl\/wp-json\/wp\/v2\/media\/1215"}],"wp:attachment":[{"href":"https:\/\/vozolpuff.de\/pl\/wp-json\/wp\/v2\/media?parent=1213"}],"wp:term":[{"taxonomy":"product_brand","embeddable":true,"href":"https:\/\/vozolpuff.de\/pl\/wp-json\/wp\/v2\/product_brand?post=1213"},{"taxonomy":"product_cat","embeddable":true,"href":"https:\/\/vozolpuff.de\/pl\/wp-json\/wp\/v2\/product_cat?post=1213"},{"taxonomy":"product_tag","embeddable":true,"href":"https:\/\/vozolpuff.de\/pl\/wp-json\/wp\/v2\/product_tag?post=1213"}],"curies":[{"name":"wp","href":"https:\/\/api.w.org\/{rel}","templated":true}]}}