{"id":1219,"date":"2025-08-25T14:53:59","date_gmt":"2025-08-25T12:53:59","guid":{"rendered":"https:\/\/vozolpuff.de\/?post_type=product&#038;p=1219"},"modified":"2026-03-31T16:13:35","modified_gmt":"2026-03-31T14:13:35","slug":"vozol-gear-shisha-25000-perfume-lemon","status":"publish","type":"product","link":"https:\/\/vozolpuff.de\/pl\/produkt\/vozol-gear-shisha-25000-perfume-lemon\/","title":{"rendered":"Vozol Gear Shisha 25000 Perfume Lemon"},"content":{"rendered":"<h2 class=\"text-xl font-bold text-text-100 mt-1 -mb-0.5\">Vozol Gear Shisha 25000 Perfume Lemon Jednorazowy e-papieros<\/h2>\n<p class=\"whitespace-normal break-words\">Odkryj z <strong>Vozol Gear Shisha 25000 Perfume Lemon<\/strong> Wyrafinowana kompozycja cytrusowa o eleganckich nutach zapachowych. To wysokiej jako\u015bci urz\u0105dzenie jednorazowego u\u017cytku zachwyca niesamowit\u0105 liczb\u0105 25 000 zaci\u0105gni\u0119\u0107 w trybie ekologicznym, oszcz\u0119dzaj\u0105cym zasoby, zapewniaj\u0105cym nieko\u0144cz\u0105c\u0105 si\u0119 przyjemno\u015b\u0107. Pot\u0119\u017cny tryb Power zapewnia wzmocnione doznania smakowe dzi\u0119ki innowacyjnej technologii podw\u00f3jnego parownika siatkowego. System Airway, udoskonalony pod k\u0105tem dynamiki przep\u0142ywu, zosta\u0142 opracowany specjalnie dla mi\u0142o\u015bnik\u00f3w DTL i zapewnia \u0142atwe, jedwabiste wdychanie pary. Po\u0142\u0105czenie wytrzyma\u0142ej baterii o pojemno\u015bci 1000 mAh, pojemnego zbiornika na p\u0142yn o pojemno\u015bci 24 ml i najnowocze\u015bniejszego 2,1-calowego kolorowego wy\u015bwietlacza tworzy idealn\u0105 harmoni\u0119 mi\u0119dzy trwa\u0142o\u015bci\u0105, funkcjonalno\u015bci\u0105 i komfortem u\u017cytkowania.<\/p>\n<h3 class=\"text-lg font-bold text-text-100 mt-1 -mb-1.5\">Cechy charakterystyczne Vozol Gear Shisha 25000 Perfume Lemon:<\/h3>\n<p class=\"whitespace-normal break-words\"><strong>Wydajno\u015b\u0107 baterii:<\/strong> Bateria o du\u017cej pojemno\u015bci 1000 mAh<br \/>\n<strong>Tryb wydajno\u015bci:<\/strong> Do 25 000 pachn\u0105cych poci\u0105g\u00f3w<br \/>\n<strong>Tryb zasilania:<\/strong> Do 18 000 intensywnych poci\u0105g\u00f3w<br \/>\n<strong>st\u0119\u017cenie nikotyny:<\/strong> 5 mg\/ml dla satysfakcjonuj\u0105cych zaci\u0105gni\u0119\u0107<br \/>\n<strong>Metoda parowa:<\/strong> DTL (Direct To Lung) dla tworzenia obszernych chmur<br \/>\n<strong>System cewek:<\/strong> Innowacyjna technologia Dual Mesh zapewniaj\u0105ca optymalny smak i wytwarzanie pary<br \/>\n<strong>Inteligentne funkcje:<\/strong> Odpowied\u017a audio zapewniaj\u0105ca nowoczesn\u0105 obs\u0142ug\u0119<br \/>\n<strong>Technologia wy\u015bwietlania:<\/strong> 2,1-calowy kolorowy wy\u015bwietlacz zapewniaj\u0105cy intuicyjn\u0105 obs\u0142ug\u0119<br \/>\n<strong>Zarz\u0105dzanie wentylacj\u0105:<\/strong> Regulacja zmiennego przep\u0142ywu powietrza umo\u017cliwiaj\u0105ca indywidualne dostosowanie<\/p>\n<h3 class=\"text-lg font-bold text-text-100 mt-1 -mb-1.5\">Odkryj wi\u0119cej VOZOL VAPE na vozolpuff<\/h3>\n<p class=\"whitespace-normal break-words\">Odkryj wi\u0119cej produkt\u00f3w premium do waporyzacji w naszym sklepie <strong><a class=\"underline\" href=\"https:\/\/vozolpuff.de\/pl\/\">G\u0142\u00f3wny asortyment<\/a><\/strong>Przejrzyj nasz\u0105 pe\u0142n\u0105 ofert\u0119 <strong><a class=\"underline\" href=\"https:\/\/vozolpuff.de\/pl\/product-category\/vozol-vape\/\">Kolekcja VOZOL VAPE<\/a><\/strong> lub zapozna\u0107 si\u0119 ze wszystkimi dost\u0119pnymi <strong><a class=\"underline\" href=\"https:\/\/vozolpuff.de\/pl\/product-category\/vozol-vape\/vozol-gear-shisha-25000\/\">Vozol Gear Shisha 25000 smak\u00f3w<\/a><\/strong>.<\/p>","protected":false},"excerpt":{"rendered":"<div>\n<div class=\"grid-cols-1 grid gap-2.5 [&amp;_&gt;_*]:min-w-0\">\n<p class=\"whitespace-normal break-words\">Vozol Gear Shisha 25000 Perfume Lemon Einweg-Vape mit raffinierter Zitrus-Komposition und eleganten Duftnoten. Dual-Mesh-Technologie, 18.000-25.000 Z\u00fcge, 1000mAh Akku, 24ml E-Liquid und 2,1-Zoll-Farbdisplay f\u00fcr DTL-Dampfgenuss.<\/p>\n<\/div>\n<\/div>\n<div class=\"flex flex-col gap-2 py-2\"><\/div>\n","protected":false},"featured_media":1221,"comment_status":"open","ping_status":"closed","template":"","meta":{"_acf_changed":false},"product_brand":[],"product_cat":[34],"product_tag":[],"class_list":{"0":"post-1219","1":"product","2":"type-product","3":"status-publish","4":"has-post-thumbnail","6":"product_cat-vozol-gear-shisha-25000","8":"first","9":"instock","10":"shipping-taxable","11":"purchasable","12":"product-type-variable"},"acf":[],"_links":{"self":[{"href":"https:\/\/vozolpuff.de\/pl\/wp-json\/wp\/v2\/product\/1219","targetHints":{"allow":["GET"]}}],"collection":[{"href":"https:\/\/vozolpuff.de\/pl\/wp-json\/wp\/v2\/product"}],"about":[{"href":"https:\/\/vozolpuff.de\/pl\/wp-json\/wp\/v2\/types\/product"}],"replies":[{"embeddable":true,"href":"https:\/\/vozolpuff.de\/pl\/wp-json\/wp\/v2\/comments?post=1219"}],"wp:featuredmedia":[{"embeddable":true,"href":"https:\/\/vozolpuff.de\/pl\/wp-json\/wp\/v2\/media\/1221"}],"wp:attachment":[{"href":"https:\/\/vozolpuff.de\/pl\/wp-json\/wp\/v2\/media?parent=1219"}],"wp:term":[{"taxonomy":"product_brand","embeddable":true,"href":"https:\/\/vozolpuff.de\/pl\/wp-json\/wp\/v2\/product_brand?post=1219"},{"taxonomy":"product_cat","embeddable":true,"href":"https:\/\/vozolpuff.de\/pl\/wp-json\/wp\/v2\/product_cat?post=1219"},{"taxonomy":"product_tag","embeddable":true,"href":"https:\/\/vozolpuff.de\/pl\/wp-json\/wp\/v2\/product_tag?post=1219"}],"curies":[{"name":"wp","href":"https:\/\/api.w.org\/{rel}","templated":true}]}}