{"id":1224,"date":"2025-08-25T14:56:27","date_gmt":"2025-08-25T12:56:27","guid":{"rendered":"https:\/\/vozolpuff.de\/?post_type=product&#038;p=1224"},"modified":"2026-03-31T16:13:28","modified_gmt":"2026-03-31T14:13:28","slug":"vozol-gear-shisha-25000-lemon-mint","status":"publish","type":"product","link":"https:\/\/vozolpuff.de\/pl\/produkt\/vozol-gear-shisha-25000-lemon-mint\/","title":{"rendered":"Vozol Gear Shisha 25000 Lemon Mint"},"content":{"rendered":"<h2 class=\"text-xl font-bold text-text-100 mt-1 -mb-0.5\">Jednorazowy e-papieros Vozol Gear Shisha 25000 Lemon Mint<\/h2>\n<p class=\"whitespace-normal break-words\">Ciesz si\u0119 z <strong>Vozol Gear Shisha 25000 Lemon Mint<\/strong> orze\u017awiaj\u0105ce po\u0142\u0105czenie pikantnej cytryny i od\u015bwie\u017caj\u0105cej mi\u0119ty. To wysoce rozwini\u0119te urz\u0105dzenie jednorazowego u\u017cytku imponuje niezwyk\u0142\u0105 liczb\u0105 25 000 zaci\u0105gni\u0119\u0107 w energooszcz\u0119dnym trybie Eco, zapewniaj\u0105cym d\u0142u\u017csze chwile pary. Zoptymalizowany pod k\u0105tem wydajno\u015bci tryb zasilania zapewnia bardziej intensywny smak dzi\u0119ki zaawansowanej architekturze cewki z podw\u00f3jn\u0105 siatk\u0105. Zaawansowana technicznie koncepcja przep\u0142ywu powietrza zosta\u0142a zaprojektowana specjalnie dla mi\u0142o\u015bnik\u00f3w DTL i gwarantuje spontaniczn\u0105, p\u0142ynn\u0105 ekstrakcj\u0119 pary. Wyposa\u017cony w pot\u0119\u017cn\u0105 bateri\u0119 1000 mAh, du\u017cy zbiornik e-liquidu o pojemno\u015bci 24 ml i przejrzysty 2,1-calowy mega wy\u015bwietlacz, to urz\u0105dzenie \u0142\u0105czy w sobie wytrzyma\u0142o\u015b\u0107, wydajno\u015b\u0107 i \u0142atwo\u015b\u0107 obs\u0142ugi w idealny spos\u00f3b.<\/p>\n<h3 class=\"text-lg font-bold text-text-100 mt-1 -mb-1.5\">Specyfikacje produktu Vozol Gear Shisha 25000 Lemon Mint:<\/h3>\n<p class=\"whitespace-normal break-words\"><strong>Technologia akumulatora:<\/strong> 1000 mAh dla d\u0142u\u017cszego u\u017cytkowania<br \/>\n<strong>Funkcja Eco:<\/strong> Do 25 000 od\u015bwie\u017caj\u0105cych zaci\u0105gni\u0119\u0107<br \/>\n<strong>Funkcja wydajno\u015bci:<\/strong> Do 18 000 wzmocnionych poci\u0105g\u00f3w<br \/>\n<strong>Poziom nikotyny:<\/strong> 5 mg\/ml dla satysfakcjonuj\u0105cych wra\u017ce\u0144 z waporyzacji<br \/>\n<strong>Technika oddychania:<\/strong> DTL (Direct To Lung) dla imponuj\u0105cego rozwoju opar\u00f3w<br \/>\n<strong>Innowacyjno\u015b\u0107 waporyzatora:<\/strong> Podw\u00f3jny system siatki dla maksymalnego aromatu i wydajno\u015bci pary<br \/>\n<strong>Elementy interaktywne:<\/strong> Integracja audio dla nowoczesnej funkcjonalno\u015bci<br \/>\n<strong>Innowacyjny wy\u015bwietlacz:<\/strong> 2,1-calowy kolorowy ekran do wygodnego wy\u015bwietlania stanu<br \/>\n<strong>Konstrukcja przep\u0142ywu powietrza:<\/strong> Regulowane ustawienie przep\u0142ywu powietrza dla spersonalizowanych wra\u017ce\u0144<\/p>\n<h3 class=\"text-lg font-bold text-text-100 mt-1 -mb-1.5\">Odkryj wi\u0119cej VOZOL VAPE na vozolpuff<\/h3>\n<p class=\"whitespace-normal break-words\">Odkryj wi\u0119cej produkt\u00f3w premium do waporyzacji w naszym sklepie <strong><a class=\"underline\" href=\"https:\/\/vozolpuff.de\/pl\/\">G\u0142\u00f3wny asortyment<\/a><\/strong>Przejrzyj nasz\u0105 pe\u0142n\u0105 ofert\u0119 <strong><a class=\"underline\" href=\"https:\/\/vozolpuff.de\/pl\/product-category\/vozol-vape\/\">Kolekcja VOZOL VAPE<\/a><\/strong> lub zapozna\u0107 si\u0119 ze wszystkimi dost\u0119pnymi <strong><a class=\"underline\" href=\"https:\/\/vozolpuff.de\/pl\/product-category\/vozol-vape\/vozol-gear-shisha-25000\/\">Vozol Gear Shisha 25000 smak\u00f3w<\/a><\/strong>.<\/p>","protected":false},"excerpt":{"rendered":"<div>\n<div class=\"grid-cols-1 grid gap-2.5 [&amp;_&gt;_*]:min-w-0\">\n<p class=\"whitespace-normal break-words\">Vozol Gear Shisha 25000 Lemon Mint Einweg-Vape mit belebender Zitronen-Minz-Kombination. Dual-Mesh-Technologie, 18.000-25.000 Z\u00fcge, 1000mAh Akku, 24ml E-Liquid und 2,1-Zoll-Farbdisplay f\u00fcr DTL-Dampfgenuss.<\/p>\n<\/div>\n<\/div>\n<div class=\"flex flex-col gap-2 py-2\"><\/div>\n","protected":false},"featured_media":1226,"comment_status":"open","ping_status":"closed","template":"","meta":{"_acf_changed":false},"product_brand":[],"product_cat":[34],"product_tag":[],"class_list":{"0":"post-1224","1":"product","2":"type-product","3":"status-publish","4":"has-post-thumbnail","6":"product_cat-vozol-gear-shisha-25000","8":"first","9":"instock","10":"shipping-taxable","11":"purchasable","12":"product-type-variable"},"acf":[],"_links":{"self":[{"href":"https:\/\/vozolpuff.de\/pl\/wp-json\/wp\/v2\/product\/1224","targetHints":{"allow":["GET"]}}],"collection":[{"href":"https:\/\/vozolpuff.de\/pl\/wp-json\/wp\/v2\/product"}],"about":[{"href":"https:\/\/vozolpuff.de\/pl\/wp-json\/wp\/v2\/types\/product"}],"replies":[{"embeddable":true,"href":"https:\/\/vozolpuff.de\/pl\/wp-json\/wp\/v2\/comments?post=1224"}],"wp:featuredmedia":[{"embeddable":true,"href":"https:\/\/vozolpuff.de\/pl\/wp-json\/wp\/v2\/media\/1226"}],"wp:attachment":[{"href":"https:\/\/vozolpuff.de\/pl\/wp-json\/wp\/v2\/media?parent=1224"}],"wp:term":[{"taxonomy":"product_brand","embeddable":true,"href":"https:\/\/vozolpuff.de\/pl\/wp-json\/wp\/v2\/product_brand?post=1224"},{"taxonomy":"product_cat","embeddable":true,"href":"https:\/\/vozolpuff.de\/pl\/wp-json\/wp\/v2\/product_cat?post=1224"},{"taxonomy":"product_tag","embeddable":true,"href":"https:\/\/vozolpuff.de\/pl\/wp-json\/wp\/v2\/product_tag?post=1224"}],"curies":[{"name":"wp","href":"https:\/\/api.w.org\/{rel}","templated":true}]}}