{"id":1234,"date":"2025-08-25T15:01:33","date_gmt":"2025-08-25T13:01:33","guid":{"rendered":"https:\/\/vozolpuff.de\/?post_type=product&#038;p=1234"},"modified":"2026-03-31T16:13:15","modified_gmt":"2026-03-31T14:13:15","slug":"vozol-gear-shisha-25000-grape-ice","status":"publish","type":"product","link":"https:\/\/vozolpuff.de\/pl\/produkt\/vozol-gear-shisha-25000-grape-ice\/","title":{"rendered":"Vozol Gear Shisha 25000 Grape Ice"},"content":{"rendered":"<h2 class=\"text-xl font-bold text-text-100 mt-1 -mb-0.5\">Jednorazowy e-papieros Vozol Gear Shisha 25000 Grape Ice<\/h2>\n<p class=\"whitespace-normal break-words\">Zanurz si\u0119 w \u015bwiecie <strong>Vozol Gear Shisha 25000 Grape Ice<\/strong>, gdzie s\u0142odki smak winogron \u0142\u0105czy si\u0119 z orze\u017awiaj\u0105c\u0105 \u015bwie\u017co\u015bci\u0105. To pierwszorz\u0119dne urz\u0105dzenie jednorazowego u\u017cytku imponuje niesamowit\u0105 liczb\u0105 25 000 zaci\u0105gni\u0119\u0107 w oszcz\u0119dzaj\u0105cym zasoby trybie Eco, zapewniaj\u0105cym nieko\u0144cz\u0105ce si\u0119 chwile przyjemno\u015bci. Pot\u0119\u017cny tryb Power tworzy zintensyfikowane wymiary smaku przy u\u017cyciu najnowocze\u015bniejszej technologii waporyzatora o podw\u00f3jnych oczkach. Konstrukcja dr\u00f3g oddechowych, kt\u00f3ra zosta\u0142a udoskonalona pod wzgl\u0119dem dynamiki przep\u0142ywu, zosta\u0142a opracowana specjalnie dla specjalist\u00f3w DTL i zapewnia bezwysi\u0142kow\u0105, jedwabist\u0105 ekstrakcj\u0119 pary. Wyposa\u017cony w niezawodn\u0105 bateri\u0119 o pojemno\u015bci 1000 mAh, pojemny zbiornik na e-liquid o pojemno\u015bci 24 ml i 2,1-calowy mega ekran, to urz\u0105dzenie \u0142\u0105czy w sobie d\u0142ugowieczno\u015b\u0107, funkcjonalno\u015b\u0107 i wygod\u0119 w doskona\u0142ej harmonii.<\/p>\n<h3 class=\"text-lg font-bold text-text-100 mt-1 -mb-1.5\">Charakterystyka fajki Vozol Gear Shisha 25000 Grape Ice:<\/h3>\n<p class=\"whitespace-normal break-words\"><strong>Technologia akumulatora:<\/strong> Wydajna bateria o pojemno\u015bci 1000 mAh<br \/>\n<strong>Tryb wydajno\u015bci:<\/strong> Do 25 000 poci\u0105g\u00f3w z winogronami<br \/>\n<strong>Tryb intensywny:<\/strong> Do 18 000 mocnych poci\u0105gni\u0119\u0107<br \/>\n<strong>Zawarto\u015b\u0107 nikotyny:<\/strong> 5 mg\/ml dla satysfakcjonuj\u0105cych sesji waporyzacji<br \/>\n<strong>Technologia opar\u00f3w:<\/strong> DTL (Direct To Lung) do produkcji chmur o du\u017cej obj\u0119to\u015bci<br \/>\n<strong>Innowacyjna cewka:<\/strong> Technologia podw\u00f3jnej siatki dla maksymalnego aromatu i obj\u0119to\u015bci pary<br \/>\n<strong>Dodatkowe funkcje:<\/strong> Interakcja audio zapewniaj\u0105ca nowoczesne wra\u017cenia u\u017cytkownika<br \/>\n<strong>System wy\u015bwietlania:<\/strong> 2,1-calowy kolorowy monitor zapewniaj\u0105cy intuicyjn\u0105 obs\u0142ug\u0119<br \/>\n<strong>Kontrola wentylacji:<\/strong> Zmienna regulacja przep\u0142ywu powietrza dla spersonalizowanych preferencji pary<\/p>\n<h3 class=\"text-lg font-bold text-text-100 mt-1 -mb-1.5\">Odkryj wi\u0119cej VOZOL VAPE na vozolpuff<\/h3>\n<p class=\"whitespace-normal break-words\">Odkryj wi\u0119cej produkt\u00f3w premium do waporyzacji w naszym sklepie <strong><a class=\"underline\" href=\"https:\/\/vozolpuff.de\/pl\/\">G\u0142\u00f3wny asortyment<\/a><\/strong>Przejrzyj nasz\u0105 pe\u0142n\u0105 ofert\u0119 <strong><a class=\"underline\" href=\"https:\/\/vozolpuff.de\/pl\/product-category\/vozol-vape\/\">Kolekcja VOZOL VAPE<\/a><\/strong> lub zapozna\u0107 si\u0119 ze wszystkimi dost\u0119pnymi <strong><a class=\"underline\" href=\"https:\/\/vozolpuff.de\/pl\/product-category\/vozol-vape\/vozol-gear-shisha-25000\/\">Vozol Gear Shisha 25000 smak\u00f3w<\/a><\/strong>.<\/p>","protected":false},"excerpt":{"rendered":"<div>\n<div class=\"grid-cols-1 grid gap-2.5 [&amp;_&gt;_*]:min-w-0\">\n<p class=\"whitespace-normal break-words\">Vozol Gear Shisha 25000 Grape Ice Einweg-Vape mit s\u00fc\u00dfen Traubennoten und belebender Frische. Dual-Mesh-Technologie, 18.000-25.000 Z\u00fcge, 1000mAh Akku, 24ml E-Liquid und 2,1-Zoll-Farbdisplay f\u00fcr DTL-Dampfgenuss.<\/p>\n<\/div>\n<\/div>\n<div class=\"flex flex-col gap-2 py-2\"><\/div>\n","protected":false},"featured_media":1237,"comment_status":"open","ping_status":"closed","template":"","meta":{"_acf_changed":false},"product_brand":[],"product_cat":[34],"product_tag":[],"class_list":{"0":"post-1234","1":"product","2":"type-product","3":"status-publish","4":"has-post-thumbnail","6":"product_cat-vozol-gear-shisha-25000","8":"first","9":"instock","10":"shipping-taxable","11":"purchasable","12":"product-type-variable"},"acf":[],"_links":{"self":[{"href":"https:\/\/vozolpuff.de\/pl\/wp-json\/wp\/v2\/product\/1234","targetHints":{"allow":["GET"]}}],"collection":[{"href":"https:\/\/vozolpuff.de\/pl\/wp-json\/wp\/v2\/product"}],"about":[{"href":"https:\/\/vozolpuff.de\/pl\/wp-json\/wp\/v2\/types\/product"}],"replies":[{"embeddable":true,"href":"https:\/\/vozolpuff.de\/pl\/wp-json\/wp\/v2\/comments?post=1234"}],"wp:featuredmedia":[{"embeddable":true,"href":"https:\/\/vozolpuff.de\/pl\/wp-json\/wp\/v2\/media\/1237"}],"wp:attachment":[{"href":"https:\/\/vozolpuff.de\/pl\/wp-json\/wp\/v2\/media?parent=1234"}],"wp:term":[{"taxonomy":"product_brand","embeddable":true,"href":"https:\/\/vozolpuff.de\/pl\/wp-json\/wp\/v2\/product_brand?post=1234"},{"taxonomy":"product_cat","embeddable":true,"href":"https:\/\/vozolpuff.de\/pl\/wp-json\/wp\/v2\/product_cat?post=1234"},{"taxonomy":"product_tag","embeddable":true,"href":"https:\/\/vozolpuff.de\/pl\/wp-json\/wp\/v2\/product_tag?post=1234"}],"curies":[{"name":"wp","href":"https:\/\/api.w.org\/{rel}","templated":true}]}}