{"id":1246,"date":"2025-08-25T15:06:11","date_gmt":"2025-08-25T13:06:11","guid":{"rendered":"https:\/\/vozolpuff.de\/?post_type=product&#038;p=1246"},"modified":"2026-03-31T16:13:02","modified_gmt":"2026-03-31T14:13:02","slug":"vozol-gear-shisha-25000-blueberry-watermelon","status":"publish","type":"product","link":"https:\/\/vozolpuff.de\/pl\/produkt\/vozol-gear-shisha-25000-blueberry-watermelon\/","title":{"rendered":"Vozol Gear Shisha 25000 Blueberry Watermelon"},"content":{"rendered":"<h2 class=\"text-xl font-bold text-text-100 mt-1 -mb-0.5\">Vozol Gear Shisha 25000 Blueberry Watermelon Jednorazowy e-papieros<\/h2>\n<p class=\"whitespace-normal break-words\">Do\u015bwiadczenie z <strong>Vozol Gear Shisha 25000 Blueberry Watermelon<\/strong> idealne po\u0142\u0105czenie soczystych jag\u00f3d i orze\u017awiaj\u0105cego arbuza. To innowacyjne jednorazowe urz\u0105dzenie do waporyzacji zapewnia imponuj\u0105ce 25 000 zaci\u0105gni\u0119\u0107 w energooszcz\u0119dnym trybie Eco, umo\u017cliwiaj\u0105cym d\u0142ugotrwa\u0142e fazy waporyzacji bez kompromis\u00f3w. Pot\u0119\u017cny tryb Power zapewnia wzmocnione doznania smakowe dzi\u0119ki rewolucyjnej technologii podw\u00f3jnej cewki siatkowej. Aerodynamiczny system kana\u0142\u00f3w powietrznych zosta\u0142 opracowany specjalnie dla mi\u0142o\u015bnik\u00f3w DTL i zapewnia natychmiastowe, aksamitnie mi\u0119kkie wdychanie pary. Po\u0142\u0105czenie wydajnej baterii 1000 mAh, pojemnego zbiornika na p\u0142yn o pojemno\u015bci 24 ml i kolorowego wy\u015bwietlacza o wysokiej rozdzielczo\u015bci 2,1 cala tworzy idealn\u0105 ca\u0142o\u015b\u0107, \u0142\u0105cz\u0105c\u0105 trwa\u0142o\u015b\u0107, innowacyjno\u015b\u0107 i komfort u\u017cytkowania.<\/p>\n<h3 class=\"text-lg font-bold text-text-100 mt-1 -mb-1.5\">Cechy szczeg\u00f3lne Vozol Gear Shisha 25000 Blueberry Watermelon:<\/h3>\n<p class=\"whitespace-normal break-words\"><strong>Magazynowanie energii:<\/strong> 1000 mAh dla d\u0142ugotrwa\u0142ej wydajno\u015bci<br \/>\n<strong>Tryb ekonomiczny:<\/strong> Do 25 000 poci\u0105g\u00f3w w sezonie letnim<br \/>\n<strong>Tryb Turbo:<\/strong> Do 18 000 pot\u0119\u017cnych poci\u0105g\u00f3w<br \/>\n<strong>Si\u0142a nikotyny:<\/strong> 5 mg\/ml dla satysfakcjonuj\u0105cych chwil pary<br \/>\n<strong>Rodzaj inhalacji:<\/strong> DTL (Direct To Lung) dla imponuj\u0105cych chmur opar\u00f3w<br \/>\n<strong>Technologia ogrzewania:<\/strong> Podw\u00f3jne cewki siatkowe dla zwi\u0119kszenia aromatu i produkcji pary<br \/>\n<strong>Inteligentna integracja:<\/strong> D\u017awi\u0119kowe informacje zwrotne dla nowoczesnych wskaz\u00f3wek dla u\u017cytkownika<br \/>\n<strong>Technologia monitorowania:<\/strong> 2,1-calowy kolorowy ekran u\u0142atwiaj\u0105cy monitorowanie<br \/>\n<strong>Konstrukcja przep\u0142ywu powietrza:<\/strong> Dostosowywany dop\u0142yw powietrza dla zindywidualizowanych wra\u017ce\u0144 z waporyzacji<\/p>\n<h3 class=\"text-lg font-bold text-text-100 mt-1 -mb-1.5\">Odkryj wi\u0119cej VOZOL VAPE na vozolpuff<\/h3>\n<p class=\"whitespace-normal break-words\">Odkryj wi\u0119cej produkt\u00f3w premium do waporyzacji w naszym sklepie <strong><a class=\"underline\" href=\"https:\/\/vozolpuff.de\/pl\/\">G\u0142\u00f3wny asortyment<\/a><\/strong>Przejrzyj nasz\u0105 pe\u0142n\u0105 ofert\u0119 <strong><a class=\"underline\" href=\"https:\/\/vozolpuff.de\/pl\/product-category\/vozol-vape\/\">Kolekcja VOZOL VAPE<\/a><\/strong> lub zapozna\u0107 si\u0119 ze wszystkimi dost\u0119pnymi <strong><a class=\"underline\" href=\"https:\/\/vozolpuff.de\/pl\/product-category\/vozol-vape\/vozol-gear-shisha-25000\/\">Vozol Gear Shisha 25000 smak\u00f3w<\/a><\/strong>.<\/p>","protected":false},"excerpt":{"rendered":"<div>\n<div class=\"grid-cols-1 grid gap-2.5 [&amp;_&gt;_*]:min-w-0\">\n<p class=\"whitespace-normal break-words\">Vozol Gear Shisha 25000 Blueberry Watermelon Einweg-Vape mit perfekter Blaubeer-Wassermelonen-Fusion. Dual-Mesh-Technologie, 18.000-25.000 Z\u00fcge, 1000mAh Akku, 24ml E-Liquid und 2,1-Zoll-Farbdisplay f\u00fcr DTL-Dampfgenuss.<\/p>\n<\/div>\n<\/div>\n<div class=\"flex flex-col gap-2 py-2\"><\/div>\n","protected":false},"featured_media":1248,"comment_status":"open","ping_status":"closed","template":"","meta":{"_acf_changed":false},"product_brand":[],"product_cat":[34],"product_tag":[],"class_list":{"0":"post-1246","1":"product","2":"type-product","3":"status-publish","4":"has-post-thumbnail","6":"product_cat-vozol-gear-shisha-25000","8":"first","9":"instock","10":"shipping-taxable","11":"purchasable","12":"product-type-variable"},"acf":[],"_links":{"self":[{"href":"https:\/\/vozolpuff.de\/pl\/wp-json\/wp\/v2\/product\/1246","targetHints":{"allow":["GET"]}}],"collection":[{"href":"https:\/\/vozolpuff.de\/pl\/wp-json\/wp\/v2\/product"}],"about":[{"href":"https:\/\/vozolpuff.de\/pl\/wp-json\/wp\/v2\/types\/product"}],"replies":[{"embeddable":true,"href":"https:\/\/vozolpuff.de\/pl\/wp-json\/wp\/v2\/comments?post=1246"}],"wp:featuredmedia":[{"embeddable":true,"href":"https:\/\/vozolpuff.de\/pl\/wp-json\/wp\/v2\/media\/1248"}],"wp:attachment":[{"href":"https:\/\/vozolpuff.de\/pl\/wp-json\/wp\/v2\/media?parent=1246"}],"wp:term":[{"taxonomy":"product_brand","embeddable":true,"href":"https:\/\/vozolpuff.de\/pl\/wp-json\/wp\/v2\/product_brand?post=1246"},{"taxonomy":"product_cat","embeddable":true,"href":"https:\/\/vozolpuff.de\/pl\/wp-json\/wp\/v2\/product_cat?post=1246"},{"taxonomy":"product_tag","embeddable":true,"href":"https:\/\/vozolpuff.de\/pl\/wp-json\/wp\/v2\/product_tag?post=1246"}],"curies":[{"name":"wp","href":"https:\/\/api.w.org\/{rel}","templated":true}]}}