{"id":1264,"date":"2025-08-25T15:32:47","date_gmt":"2025-08-25T13:32:47","guid":{"rendered":"https:\/\/vozolpuff.de\/?post_type=product&#038;p=1264"},"modified":"2026-03-31T16:12:42","modified_gmt":"2026-03-31T14:12:42","slug":"vozol-gear-shisha-25000-berry-mint","status":"publish","type":"product","link":"https:\/\/vozolpuff.de\/pl\/produkt\/vozol-gear-shisha-25000-berry-mint\/","title":{"rendered":"Vozol Gear Shisha 25000 Berry Mint"},"content":{"rendered":"<h2 class=\"text-xl font-bold text-text-100 mt-1 -mb-0.5\">Vozol Gear Shisha 25000 Berry Mint jednorazowy vape<\/h2>\n<p class=\"whitespace-normal break-words\">Vozol Gear Shisha 25000 Berry Mint \u0142\u0105czy s\u0142odk\u0105 \u015bwie\u017co\u015b\u0107 dojrza\u0142ych jag\u00f3d z orze\u017awiaj\u0105c\u0105 mi\u0119t\u0105, zapewniaj\u0105c orze\u017awiaj\u0105ce doznania podczas waporyzacji. Nawet 25 000 zaci\u0105gni\u0119\u0107 w trybie Eco pozwala cieszy\u0107 si\u0119 d\u0142ugotrwa\u0142ymi sesjami waporyzacji pe\u0142nymi aromatycznej intensywno\u015bci. Tryb Power z podw\u00f3jnymi cewkami siatkowymi wzmacnia smak jag\u00f3d i zapewnia ch\u0142odne mi\u0119towe nuty przy ka\u017cdym zaci\u0105gni\u0119ciu.<\/p>\n<p class=\"whitespace-normal break-words\">Innowacyjny, dynamiczny system przep\u0142ywu powietrza zosta\u0142 opracowany specjalnie dla vaper\u00f3w DTL i zapewnia p\u0142ynne zaci\u0105ganie si\u0119 bez wysi\u0142ku. Po\u0142\u0105czenie wysokowydajnej baterii 1000 mAh, pojemnego zbiornika e-liquidu 24 ml i nowoczesnego 2,1-calowego kolorowego wy\u015bwietlacza sprawia, \u017ce ten e-papieros jest idealnym towarzyszem.<\/p>\n<h3 class=\"text-lg font-bold text-text-100 mt-1 -mb-1.5\">Vozol Gear Shisha 25000 Berry Mint Specyfikacja:<\/h3>\n<p class=\"whitespace-normal break-words\"><strong>Bateria:<\/strong> D\u0142ugotrwa\u0142a wydajno\u015b\u0107 1000 mAh<br \/>\n<strong>Tryb Eco:<\/strong> Do 25 000 poci\u0105g\u00f3w<br \/>\n<strong>Tryb zasilania:<\/strong> Do 18 000 poci\u0105g\u00f3w<br \/>\n<strong>Zawarto\u015b\u0107 nikotyny:<\/strong> 5mg\/ml dla optymalnej satysfakcji<br \/>\n<strong>Typ pary:<\/strong> DTL (Direct To Lung) dla du\u017cych chmur<br \/>\n<strong>Technologia cewki:<\/strong> Podw\u00f3jna siatka dla intensywnego smaku<br \/>\n<strong>Inteligentne funkcje:<\/strong> Interakcja d\u017awi\u0119kowa zapewniaj\u0105ca intuicyjn\u0105 obs\u0142ug\u0119<br \/>\n<strong>Wy\u015bwietlacz:<\/strong> 2,1-calowy kolorowy ekran do monitorowania stanu<br \/>\n<strong>Przep\u0142yw powietrza:<\/strong> Regulowany dop\u0142yw powietrza dla spersonalizowanych ustawie\u0144<\/p>\n<h3 class=\"text-lg font-bold text-text-100 mt-1 -mb-1.5\">Odkryj wi\u0119cej VOZOL VAPE na vozolpuff<\/h3>\n<p class=\"whitespace-normal break-words\">Odkryj wi\u0119cej wysokiej jako\u015bci e-papieros\u00f3w na naszej stronie <strong><a class=\"underline\" href=\"https:\/\/vozolpuff.de\/pl\/\">Strona g\u0142\u00f3wna<\/a><\/strong>zapoznaj si\u0119 z pe\u0142n\u0105 <strong><a class=\"underline\" href=\"https:\/\/vozolpuff.de\/pl\/product-category\/vozol-vape\/\">Kolekcja VOZOL VAPE<\/a><\/strong> lub przejrze\u0107 wszystkie dost\u0119pne <strong><a class=\"underline\" href=\"https:\/\/vozolpuff.de\/pl\/product-category\/vozol-vape\/vozol-gear-shisha-25000\/\">Vozol Gear Shisha 25000 smak\u00f3w<\/a><\/strong>.<\/p>","protected":false},"excerpt":{"rendered":"<p class=\"whitespace-normal break-words\">Jednorazowy waporyzator Vozol Gear Shisha 25000 Berry Mint \u0142\u0105czy s\u0142odkie jagody z orze\u017awiaj\u0105c\u0105 mi\u0119t\u0105. Do 25 000 zaci\u0105gni\u0119\u0107, bateria 1000 mAh, podw\u00f3jne cewki siatkowe i kolorowy wy\u015bwietlacz 2,1\u2033. Zoptymalizowany pod k\u0105tem DTL dla du\u017cych chmur pary i intensywnego smaku.<\/p>","protected":false},"featured_media":1266,"comment_status":"open","ping_status":"closed","template":"","meta":{"_acf_changed":false},"product_brand":[],"product_cat":[34],"product_tag":[],"class_list":{"0":"post-1264","1":"product","2":"type-product","3":"status-publish","4":"has-post-thumbnail","6":"product_cat-vozol-gear-shisha-25000","8":"first","9":"instock","10":"shipping-taxable","11":"purchasable","12":"product-type-variable"},"acf":[],"_links":{"self":[{"href":"https:\/\/vozolpuff.de\/pl\/wp-json\/wp\/v2\/product\/1264","targetHints":{"allow":["GET"]}}],"collection":[{"href":"https:\/\/vozolpuff.de\/pl\/wp-json\/wp\/v2\/product"}],"about":[{"href":"https:\/\/vozolpuff.de\/pl\/wp-json\/wp\/v2\/types\/product"}],"replies":[{"embeddable":true,"href":"https:\/\/vozolpuff.de\/pl\/wp-json\/wp\/v2\/comments?post=1264"}],"wp:featuredmedia":[{"embeddable":true,"href":"https:\/\/vozolpuff.de\/pl\/wp-json\/wp\/v2\/media\/1266"}],"wp:attachment":[{"href":"https:\/\/vozolpuff.de\/pl\/wp-json\/wp\/v2\/media?parent=1264"}],"wp:term":[{"taxonomy":"product_brand","embeddable":true,"href":"https:\/\/vozolpuff.de\/pl\/wp-json\/wp\/v2\/product_brand?post=1264"},{"taxonomy":"product_cat","embeddable":true,"href":"https:\/\/vozolpuff.de\/pl\/wp-json\/wp\/v2\/product_cat?post=1264"},{"taxonomy":"product_tag","embeddable":true,"href":"https:\/\/vozolpuff.de\/pl\/wp-json\/wp\/v2\/product_tag?post=1264"}],"curies":[{"name":"wp","href":"https:\/\/api.w.org\/{rel}","templated":true}]}}