{"id":1268,"date":"2025-08-25T15:38:38","date_gmt":"2025-08-25T13:38:38","guid":{"rendered":"https:\/\/vozolpuff.de\/?post_type=product&#038;p=1268"},"modified":"2026-03-31T16:12:35","modified_gmt":"2026-03-31T14:12:35","slug":"vozol-gear-shisha-25000-frozen-strawberry-kiwi","status":"publish","type":"product","link":"https:\/\/vozolpuff.de\/pl\/produkt\/vozol-gear-shisha-25000-frozen-strawberry-kiwi\/","title":{"rendered":"Vozol Gear Shisha 25000 Frozen Strawberry Kiwi"},"content":{"rendered":"<h2 class=\"text-xl font-bold text-text-100 mt-1 -mb-0.5\">Vozol Gear Shisha 25000 Frozen Strawberry Kiwi jednorazowy vape<\/h2>\n<p class=\"whitespace-normal break-words\">Do\u015bwiadcz lodowatej eksplozji smaku s\u0142odkich truskawek i egzotycznego kiwi dzi\u0119ki fajce Vozol Gear Shisha 25000 Frozen Strawberry Kiwi. Ta kusz\u0105ca mieszanka oferuje imponuj\u0105ce 25 000 zaci\u0105gni\u0119\u0107 mro\u017an\u0105 \u015bwie\u017co\u015bci\u0105 w oszcz\u0119dzaj\u0105cym zasoby trybie eco. Innowacyjna technologia podw\u00f3jnej cewki siatkowej w trybie zasilania uwalnia intensywne owocowe smaki i zapewnia orze\u017awiaj\u0105co lodowat\u0105 nut\u0119 przy ka\u017cdym wdechu.<\/p>\n<p class=\"whitespace-normal break-words\">Aerodynamicznie udoskonalony system kana\u0142\u00f3w powietrznych jest zoptymalizowany pod k\u0105tem vaper\u00f3w DTL i gwarantuje bezwysi\u0142kowe, jedwabiste zaci\u0105gni\u0119cia o idealnej konsystencji. Wyposa\u017cony w solidny system baterii 1000 mAh, du\u017c\u0105 pojemno\u015b\u0107 24 ml i 2,1-calowy ekran o wysokiej rozdzielczo\u015bci, to urz\u0105dzenie oferuje najwy\u017csz\u0105 funkcjonalno\u015b\u0107.<\/p>\n<h3 class=\"text-lg font-bold text-text-100 mt-1 -mb-1.5\">Specyfikacja Vozol Gear Shisha 25000 Frozen Strawberry Kiwi:<\/h3>\n<p class=\"whitespace-normal break-words\"><strong>Zasilanie:<\/strong> 1000 mAh dla d\u0142u\u017cszego czasu pracy<br \/>\n<strong>Tryb Eco:<\/strong> Do 25 000 poci\u0105g\u00f3w<br \/>\n<strong>Dzia\u0142anie zasilania:<\/strong> Do 18 000 poci\u0105g\u00f3w<br \/>\n<strong>Si\u0142a nikotyny:<\/strong> 5mg\/ml dla optymalnego kopa<br \/>\n<strong>Styl wapowania:<\/strong> DTL (Direct To Lung) do produkcji w du\u017cych chmurach<br \/>\n<strong>Technologia waporyzatora:<\/strong> Podw\u00f3jna siatka dla maksymalnej intensywno\u015bci smaku<br \/>\n<strong>Inteligentne elementy:<\/strong> D\u017awi\u0119kowe sprz\u0119\u017cenie zwrotne dla wsp\u00f3\u0142czesnej interakcji<br \/>\n<strong>Technologia wy\u015bwietlania:<\/strong> 2,1-calowy kolorowy monitor zapewniaj\u0105cy pe\u0142n\u0105 kontrol\u0119<br \/>\n<strong>System przep\u0142ywu powietrza:<\/strong> Zmienny dop\u0142yw powietrza dla indywidualnych ustawie\u0144<\/p>\n<h3 class=\"text-lg font-bold text-text-100 mt-1 -mb-1.5\">Odkryj wi\u0119cej VOZOL VAPE na vozolpuff<\/h3>\n<p class=\"whitespace-normal break-words\">Odkryj wi\u0119cej wysokiej jako\u015bci e-papieros\u00f3w na naszej stronie <strong><a class=\"underline\" href=\"https:\/\/vozolpuff.de\/pl\/\">Strona g\u0142\u00f3wna<\/a><\/strong>zapoznaj si\u0119 z pe\u0142n\u0105 <strong><a class=\"underline\" href=\"https:\/\/vozolpuff.de\/pl\/product-category\/vozol-vape\/\">Kolekcja VOZOL VAPE<\/a><\/strong> lub przejrze\u0107 wszystkie dost\u0119pne <strong><a class=\"underline\" href=\"https:\/\/vozolpuff.de\/pl\/product-category\/vozol-vape\/vozol-gear-shisha-25000\/\">Vozol Gear Shisha 25000 smak\u00f3w<\/a><\/strong>.<\/p>","protected":false},"excerpt":{"rendered":"<p class=\"whitespace-normal break-words\">Jednorazowy waporyzator Vozol Gear Shisha 25000 Frozen Strawberry Kiwi oferuje lodowat\u0105 eksplozj\u0119 smaku s\u0142odkich truskawek i egzotycznego kiwi. Do 25 000 zaci\u0105gni\u0119\u0107, bateria 1000 mAh, technologia podw\u00f3jnej siatki i wy\u015bwietlacz 2,1\u2033. Zoptymalizowany pod k\u0105tem DTL dla mro\u017anej \u015bwie\u017co\u015bci.<\/p>\n<p class=\"whitespace-normal break-words\">","protected":false},"featured_media":1271,"comment_status":"open","ping_status":"closed","template":"","meta":{"_acf_changed":false},"product_brand":[],"product_cat":[34],"product_tag":[],"class_list":{"0":"post-1268","1":"product","2":"type-product","3":"status-publish","4":"has-post-thumbnail","6":"product_cat-vozol-gear-shisha-25000","8":"first","9":"instock","10":"shipping-taxable","11":"purchasable","12":"product-type-variable"},"acf":[],"_links":{"self":[{"href":"https:\/\/vozolpuff.de\/pl\/wp-json\/wp\/v2\/product\/1268","targetHints":{"allow":["GET"]}}],"collection":[{"href":"https:\/\/vozolpuff.de\/pl\/wp-json\/wp\/v2\/product"}],"about":[{"href":"https:\/\/vozolpuff.de\/pl\/wp-json\/wp\/v2\/types\/product"}],"replies":[{"embeddable":true,"href":"https:\/\/vozolpuff.de\/pl\/wp-json\/wp\/v2\/comments?post=1268"}],"wp:featuredmedia":[{"embeddable":true,"href":"https:\/\/vozolpuff.de\/pl\/wp-json\/wp\/v2\/media\/1271"}],"wp:attachment":[{"href":"https:\/\/vozolpuff.de\/pl\/wp-json\/wp\/v2\/media?parent=1268"}],"wp:term":[{"taxonomy":"product_brand","embeddable":true,"href":"https:\/\/vozolpuff.de\/pl\/wp-json\/wp\/v2\/product_brand?post=1268"},{"taxonomy":"product_cat","embeddable":true,"href":"https:\/\/vozolpuff.de\/pl\/wp-json\/wp\/v2\/product_cat?post=1268"},{"taxonomy":"product_tag","embeddable":true,"href":"https:\/\/vozolpuff.de\/pl\/wp-json\/wp\/v2\/product_tag?post=1268"}],"curies":[{"name":"wp","href":"https:\/\/api.w.org\/{rel}","templated":true}]}}