{"id":1276,"date":"2025-08-25T15:41:06","date_gmt":"2025-08-25T13:41:06","guid":{"rendered":"https:\/\/vozolpuff.de\/?post_type=product&#038;p=1276"},"modified":"2026-03-31T16:12:28","modified_gmt":"2026-03-31T14:12:28","slug":"vozol-gear-shisha-25000-passion-fruit-lychee-orange","status":"publish","type":"product","link":"https:\/\/vozolpuff.de\/pl\/produkt\/vozol-gear-shisha-25000-passion-fruit-lychee-orange\/","title":{"rendered":"Vozol Gear Hookah 25000 Passion Fruit Lychee Orange"},"content":{"rendered":"<h2 class=\"text-xl font-bold text-text-100 mt-1 -mb-0.5\">Vozol Gear Hookah 25000 Passion Fruit Lychee Orange Jednorazowy Vape<\/h2>\n<p class=\"whitespace-normal break-words\">Wybierz si\u0119 w tropikaln\u0105 podr\u00f3\u017c z fajk\u0105 Vozol Gear Shisha 25000 Passion Fruit Lychee Orange. Ta wykwintna mieszanka trzech owoc\u00f3w \u0142\u0105czy w sobie intensywno\u015b\u0107 marakui, egzotyk\u0119 liczi i \u015bwie\u017co\u015b\u0107 pomara\u0144czy, tworz\u0105c niezr\u00f3wnane doznania smakowe. W energooszcz\u0119dnym trybie eco mo\u017cesz cieszy\u0107 si\u0119 nawet 25 000 zaci\u0105gni\u0119\u0107 tym z\u0142o\u017conym po\u0142\u0105czeniem smak\u00f3w.<\/p>\n<p class=\"whitespace-normal break-words\">Zaawansowany system podw\u00f3jnej siatki w trybie zasilania wzmacnia ka\u017cdy owocowy smak i tworzy harmonijn\u0105 r\u00f3wnowag\u0119 mi\u0119dzy s\u0142odkimi i \u015bwie\u017cymi elementami. Naukowo opracowana mechanika przep\u0142ywu systemu powietrznego zosta\u0142a specjalnie zaprojektowana dla entuzjast\u00f3w waporyzacji DTL i oferuje p\u0142ynne, mocne inhalacje.<\/p>\n<p class=\"whitespace-normal break-words\">D\u0142ugotrwa\u0142y akumulator o pojemno\u015bci 1000 mAh, pojemny zbiornik na e-liquid o pojemno\u015bci 24 ml i czytelny, kolorowy wy\u015bwietlacz o przek\u0105tnej 2,1 cala sprawiaj\u0105, \u017ce to wysokiej klasy urz\u0105dzenie \u0142\u0105czy w sobie trwa\u0142o\u015b\u0107 i \u0142atwo\u015b\u0107 obs\u0142ugi.<\/p>\n<h3 class=\"text-lg font-bold text-text-100 mt-1 -mb-1.5\">Vozol Gear Shisha 25000 Passion Fruit Lychee Orange Cechy:<\/h3>\n<p class=\"whitespace-normal break-words\"><strong>Pojemno\u015b\u0107 akumulatora:<\/strong> 1000 mAh dla d\u0142ugotrwa\u0142ego u\u017cytkowania<br \/>\n<strong>Tryb Eco:<\/strong> Do 25 000 poci\u0105g\u00f3w<br \/>\n<strong>Tryb zasilania:<\/strong> Do 18 000 poci\u0105g\u00f3w<br \/>\n<strong>Zawarto\u015b\u0107 nikotyny:<\/strong> 5mg\/ml dla zadowalaj\u0105cego efektu<br \/>\n<strong>Tryb Steam:<\/strong> DTL (Direct To Lung) dla du\u017cych chmur opar\u00f3w<br \/>\n<strong>W\u0119\u017cownice grzewcze:<\/strong> Podw\u00f3jna siatka dla doskona\u0142ej reprodukcji smaku<br \/>\n<strong>Nowoczesne funkcje:<\/strong> Interfejs audio do inteligentnego u\u017cytkowania<br \/>\n<strong>Technologia wy\u015bwietlania:<\/strong> 2,1-calowy kolorowy ekran u\u0142atwiaj\u0105cy obs\u0142ug\u0119<br \/>\n<strong>Przep\u0142yw powietrza:<\/strong> Precyzyjnie regulowana wentylacja dla optymalnych przeci\u0105g\u00f3w<\/p>\n<h3 class=\"text-lg font-bold text-text-100 mt-1 -mb-1.5\">Odkryj wi\u0119cej VOZOL VAPE na vozolpuff<\/h3>\n<p class=\"whitespace-normal break-words\">Odkryj wi\u0119cej wysokiej jako\u015bci e-papieros\u00f3w na naszej stronie <strong><a class=\"underline\" href=\"https:\/\/vozolpuff.de\/pl\/\">Strona g\u0142\u00f3wna<\/a><\/strong>zapoznaj si\u0119 z pe\u0142n\u0105 <strong><a class=\"underline\" href=\"https:\/\/vozolpuff.de\/pl\/product-category\/vozol-vape\/\">Kolekcja VOZOL VAPE<\/a><\/strong> lub przejrze\u0107 wszystkie dost\u0119pne <strong><a class=\"underline\" href=\"https:\/\/vozolpuff.de\/pl\/product-category\/vozol-vape\/vozol-gear-shisha-25000\/\">Vozol Gear Shisha 25000 smak\u00f3w<\/a><\/strong>.<\/p>","protected":false},"excerpt":{"rendered":"<p class=\"whitespace-normal break-words\">Jednorazowy waporyzator Vozol Gear Shisha 25000 Passion Fruit Lychee Orange \u0142\u0105czy w sobie tropikaln\u0105 marakuj\u0119, egzotyczne liczi i \u015bwie\u017c\u0105 pomara\u0144cz\u0119. Do 25 000 zaci\u0105gni\u0119\u0107, bateria 1000 mAh, system podw\u00f3jnej siatki i wy\u015bwietlacz 2,1\u2033. Zoptymalizowany pod k\u0105tem DTL dla z\u0142o\u017conych dozna\u0144 smakowych.<\/p>\n<p class=\"whitespace-normal break-words\">","protected":false},"featured_media":1278,"comment_status":"open","ping_status":"closed","template":"","meta":{"_acf_changed":false},"product_brand":[],"product_cat":[34],"product_tag":[],"class_list":{"0":"post-1276","1":"product","2":"type-product","3":"status-publish","4":"has-post-thumbnail","6":"product_cat-vozol-gear-shisha-25000","8":"first","9":"instock","10":"shipping-taxable","11":"purchasable","12":"product-type-variable"},"acf":[],"_links":{"self":[{"href":"https:\/\/vozolpuff.de\/pl\/wp-json\/wp\/v2\/product\/1276","targetHints":{"allow":["GET"]}}],"collection":[{"href":"https:\/\/vozolpuff.de\/pl\/wp-json\/wp\/v2\/product"}],"about":[{"href":"https:\/\/vozolpuff.de\/pl\/wp-json\/wp\/v2\/types\/product"}],"replies":[{"embeddable":true,"href":"https:\/\/vozolpuff.de\/pl\/wp-json\/wp\/v2\/comments?post=1276"}],"wp:featuredmedia":[{"embeddable":true,"href":"https:\/\/vozolpuff.de\/pl\/wp-json\/wp\/v2\/media\/1278"}],"wp:attachment":[{"href":"https:\/\/vozolpuff.de\/pl\/wp-json\/wp\/v2\/media?parent=1276"}],"wp:term":[{"taxonomy":"product_brand","embeddable":true,"href":"https:\/\/vozolpuff.de\/pl\/wp-json\/wp\/v2\/product_brand?post=1276"},{"taxonomy":"product_cat","embeddable":true,"href":"https:\/\/vozolpuff.de\/pl\/wp-json\/wp\/v2\/product_cat?post=1276"},{"taxonomy":"product_tag","embeddable":true,"href":"https:\/\/vozolpuff.de\/pl\/wp-json\/wp\/v2\/product_tag?post=1276"}],"curies":[{"name":"wp","href":"https:\/\/api.w.org\/{rel}","templated":true}]}}