{"id":1281,"date":"2025-08-25T15:44:00","date_gmt":"2025-08-25T13:44:00","guid":{"rendered":"https:\/\/vozolpuff.de\/?post_type=product&#038;p=1281"},"modified":"2026-03-31T16:12:21","modified_gmt":"2026-03-31T14:12:21","slug":"vozol-gear-shisha-25000-dragon-fruit-banana-cherry","status":"publish","type":"product","link":"https:\/\/vozolpuff.de\/pl\/produkt\/vozol-gear-shisha-25000-dragon-fruit-banana-cherry\/","title":{"rendered":"Vozol Gear Hookah 25000 Dragon Fruit Banana Cherry"},"content":{"rendered":"<h2 class=\"text-xl font-bold text-text-100 mt-1 -mb-0.5\">Vozol Gear Hookah 25000 Dragon Fruit Banana Cherry Vape jednorazowego u\u017cytku<\/h2>\n<p class=\"whitespace-normal break-words\">Vozol Gear Shisha 25000 Dragon Fruit Banana Cherry przenosi w \u015bwiat egzotycznych owoc\u00f3w dzi\u0119ki niezwyk\u0142ej potr\u00f3jnej kombinacji. Ta wyj\u0105tkowa mieszanka s\u0142odkiego smoczego owocu, kremowego banana i soczystej wi\u015bni oferuje imponuj\u0105ce 25 000 zaci\u0105gni\u0119\u0107 pe\u0142nych tropikalnej z\u0142o\u017cono\u015bci w ekonomicznym trybie eco.<\/p>\n<p class=\"whitespace-normal break-words\">Rewolucyjna technologia podw\u00f3jnej siatki w trybie zasilania rozwija ka\u017cd\u0105 warstw\u0119 smakow\u0105 indywidualnie i tworzy wielowarstwowy profil smakowy o niezr\u00f3wnanej g\u0142\u0119bi. Precyzyjnie skalibrowany system przep\u0142ywu powietrza zosta\u0142 opracowany dla vaper\u00f3w DTL i zapewnia p\u0142ynne, natychmiastowe zaci\u0105gni\u0119cia si\u0119 z idealn\u0105 r\u00f3wnowag\u0105.<\/p>\n<p class=\"whitespace-normal break-words\">Po\u0142\u0105czenie pot\u0119\u017cnej baterii o pojemno\u015bci 1000 mAh, pojemnego zbiornika na p\u0142yn o pojemno\u015bci 24 ml i nowoczesnego 2,1-calowego wy\u015bwietlacza dotykowego sprawia, \u017ce to urz\u0105dzenie jest najlepszym towarzyszem dla wymagaj\u0105cych waper\u00f3w.<\/p>\n<h3 class=\"text-lg font-bold text-text-100 mt-1 -mb-1.5\">Vozol Gear Shisha 25000 Dragon Fruit Banana Cherry Cechy:<\/h3>\n<p class=\"whitespace-normal break-words\"><strong>\u0179r\u00f3d\u0142o energii:<\/strong> 1000 mAh dla d\u0142u\u017cszych sesji<br \/>\n<strong>Wariant Eco:<\/strong> Do 25 000 poci\u0105g\u00f3w<br \/>\n<strong>Wariant zasilania:<\/strong> Do 18 000 poci\u0105g\u00f3w<br \/>\n<strong>Poziom nikotyny:<\/strong> 5mg\/ml dla zadowalaj\u0105cych trafie\u0144<br \/>\n<strong>Styl inhalacji:<\/strong> DTL (Direct To Lung) dla imponuj\u0105cego formowania chmur<br \/>\n<strong>Konfiguracja cewki:<\/strong> Podw\u00f3jna siatka dla lepszego rozwoju smaku<br \/>\n<strong>Inteligentna technologia:<\/strong> D\u017awi\u0119kowe informacje zwrotne dla intuicyjnej obs\u0142ugi<br \/>\n<strong>Wizualizacja:<\/strong> 2,1-calowy kolorowy wy\u015bwietlacz zapewniaj\u0105cy kompleksowe informacje<br \/>\n<strong>Kontrola przep\u0142ywu powietrza:<\/strong> Regulowana wentylacja dla indywidualnych preferencji<\/p>\n<h3 class=\"text-lg font-bold text-text-100 mt-1 -mb-1.5\">Odkryj wi\u0119cej VOZOL VAPE na vozolpuff<\/h3>\n<p class=\"whitespace-normal break-words\">Odkryj wi\u0119cej wysokiej jako\u015bci e-papieros\u00f3w na naszej stronie <strong><a class=\"underline\" href=\"https:\/\/vozolpuff.de\/pl\/\">Strona g\u0142\u00f3wna<\/a><\/strong>zapoznaj si\u0119 z pe\u0142n\u0105 <strong><a class=\"underline\" href=\"https:\/\/vozolpuff.de\/pl\/product-category\/vozol-vape\/\">Kolekcja VOZOL VAPE<\/a><\/strong> lub przejrze\u0107 wszystkie dost\u0119pne <strong><a class=\"underline\" href=\"https:\/\/vozolpuff.de\/pl\/product-category\/vozol-vape\/vozol-gear-shisha-25000\/\">Vozol Gear Shisha 25000 smak\u00f3w<\/a><\/strong>.erer <strong><a class=\"underline\" href=\"https:\/\/vozolpuff.de\/pl\/\">Strona g\u0142\u00f3wna<\/a><\/strong>zapoznaj si\u0119 z pe\u0142n\u0105 <strong><a class=\"underline\" href=\"https:\/\/vozolpuff.de\/pl\/product-category\/vozol-vape\/\">Kolekcja VOZOL VAPE<\/a><\/strong> lub przejrze\u0107 wszystkie dost\u0119pne <strong><a class=\"underline\" href=\"https:\/\/vozolpuff.de\/pl\/product-category\/vozol-vape\/vozol-gear-shisha-25000\/\">Vozol Gear Shisha 25000 smak\u00f3w<\/a><\/strong>.<\/p>","protected":false},"excerpt":{"rendered":"<p class=\"whitespace-normal break-words\">Jednorazowy waporyzator Vozol Gear Shisha 25000 Dragon Fruit Banana Cherry \u0142\u0105czy w sobie s\u0142odki owoc smoka, kremowy banan i soczyst\u0105 wi\u015bni\u0119. Do 25 000 zaci\u0105gni\u0119\u0107, bateria 1000 mAh, technologia podw\u00f3jnej siatki i wy\u015bwietlacz 2,1\u2033. DTL zoptymalizowany pod k\u0105tem egzotycznej r\u00f3\u017cnorodno\u015bci smak\u00f3w.<\/p>\n<p class=\"whitespace-normal break-words\">","protected":false},"featured_media":1283,"comment_status":"open","ping_status":"closed","template":"","meta":{"_acf_changed":false},"product_brand":[],"product_cat":[34],"product_tag":[],"class_list":{"0":"post-1281","1":"product","2":"type-product","3":"status-publish","4":"has-post-thumbnail","6":"product_cat-vozol-gear-shisha-25000","8":"first","9":"instock","10":"shipping-taxable","11":"purchasable","12":"product-type-variable"},"acf":[],"_links":{"self":[{"href":"https:\/\/vozolpuff.de\/pl\/wp-json\/wp\/v2\/product\/1281","targetHints":{"allow":["GET"]}}],"collection":[{"href":"https:\/\/vozolpuff.de\/pl\/wp-json\/wp\/v2\/product"}],"about":[{"href":"https:\/\/vozolpuff.de\/pl\/wp-json\/wp\/v2\/types\/product"}],"replies":[{"embeddable":true,"href":"https:\/\/vozolpuff.de\/pl\/wp-json\/wp\/v2\/comments?post=1281"}],"wp:featuredmedia":[{"embeddable":true,"href":"https:\/\/vozolpuff.de\/pl\/wp-json\/wp\/v2\/media\/1283"}],"wp:attachment":[{"href":"https:\/\/vozolpuff.de\/pl\/wp-json\/wp\/v2\/media?parent=1281"}],"wp:term":[{"taxonomy":"product_brand","embeddable":true,"href":"https:\/\/vozolpuff.de\/pl\/wp-json\/wp\/v2\/product_brand?post=1281"},{"taxonomy":"product_cat","embeddable":true,"href":"https:\/\/vozolpuff.de\/pl\/wp-json\/wp\/v2\/product_cat?post=1281"},{"taxonomy":"product_tag","embeddable":true,"href":"https:\/\/vozolpuff.de\/pl\/wp-json\/wp\/v2\/product_tag?post=1281"}],"curies":[{"name":"wp","href":"https:\/\/api.w.org\/{rel}","templated":true}]}}