{"id":1287,"date":"2025-08-25T15:46:37","date_gmt":"2025-08-25T13:46:37","guid":{"rendered":"https:\/\/vozolpuff.de\/?post_type=product&#038;p=1287"},"modified":"2026-03-31T16:12:14","modified_gmt":"2026-03-31T14:12:14","slug":"vozol-gear-shisha-25000-grape-mint","status":"publish","type":"product","link":"https:\/\/vozolpuff.de\/pl\/produkt\/vozol-gear-shisha-25000-grape-mint\/","title":{"rendered":"Vozol Gear Shisha 25000 Grape Mint"},"content":{"rendered":"<h2 class=\"text-xl font-bold text-text-100 mt-1 -mb-0.5\">Vozol Gear Shisha 25000 Grape Mint jednorazowy vape<\/h2>\n<p class=\"whitespace-normal break-words\">Do\u015bwiadcz idealnej harmonii mi\u0119dzy s\u0142odkim smakiem winogron i orze\u017awiaj\u0105c\u0105 mi\u0119t\u0105 dzi\u0119ki Vozol Gear Shisha 25000 Grape Mint. Ta niezwyk\u0142a kombinacja smakowa oferuje do 25 000 zaci\u0105gni\u0119\u0107 w trybie Eco i rozpieszcza przy ka\u017cdym wdechu. Pomys\u0142owy system podw\u00f3jnej cewki siatkowej w trybie zasilania intensyfikuje owocowy smak winogron i wzmacnia ch\u0142odz\u0105c\u0105 \u015bwie\u017co\u015b\u0107 mi\u0119ty.<\/p>\n<p class=\"whitespace-normal break-words\">Zaawansowana mechanika przep\u0142ywu systemu kana\u0142\u00f3w powietrznych spe\u0142nia najwy\u017csze wymagania dotycz\u0105ce przyjemno\u015bci z pary DTL i gwarantuje p\u0142ynne, natychmiastowe zaci\u0105gni\u0119cia. Dzi\u0119ki pot\u0119\u017cnej baterii 1000 mAh, du\u017cemu zbiornikowi na p\u0142yn o pojemno\u015bci 24 ml i czytelnemu wy\u015bwietlaczowi o przek\u0105tnej 2,1 cala, urz\u0105dzenie to \u0142\u0105czy w sobie wytrzyma\u0142o\u015b\u0107, funkcjonalno\u015b\u0107 i \u0142atwo\u015b\u0107 obs\u0142ugi.<\/p>\n<h3 class=\"text-lg font-bold text-text-100 mt-1 -mb-1.5\">Vozol Gear Shisha 25000 Grape Mint Cechy:<\/h3>\n<p class=\"whitespace-normal break-words\"><strong>Bateria:<\/strong> 1000 mAh dla d\u0142u\u017cszego u\u017cytkowania<br \/>\n<strong>Tryb Eco:<\/strong> Do 25 000 poci\u0105g\u00f3w<br \/>\n<strong>Tryb zasilania:<\/strong> Do 18 000 poci\u0105g\u00f3w<br \/>\n<strong>Si\u0142a nikotyny:<\/strong> 5mg\/ml dla zadowalaj\u0105cych trafie\u0144<br \/>\n<strong>Styl wapowania:<\/strong> DTL (Direct To Lung) dla du\u017cych chmur opar\u00f3w<br \/>\n<strong>Konstrukcja cewki:<\/strong> Podw\u00f3jna siatka zapewniaj\u0105ca lepszy smak i rozw\u00f3j pary<br \/>\n<strong>Elementy interaktywne:<\/strong> D\u017awi\u0119kowe sprz\u0119\u017cenie zwrotne dla nowoczesnego dzia\u0142ania<br \/>\n<strong>Wy\u015bwietlacz:<\/strong> 2,1-calowy kolorowy ekran u\u0142atwiaj\u0105cy sterowanie<br \/>\n<strong>Kontrola przep\u0142ywu powietrza:<\/strong> Mo\u017cliwo\u015b\u0107 dostosowania przep\u0142ywu powietrza do indywidualnych preferencji<\/p>\n<h3 class=\"text-lg font-bold text-text-100 mt-1 -mb-1.5\">Odkryj wi\u0119cej VOZOL VAPE na vozolpuff<\/h3>\n<p class=\"whitespace-normal break-words\">Odkryj wi\u0119cej wysokiej jako\u015bci e-papieros\u00f3w na naszej stronie <strong><a class=\"underline\" href=\"https:\/\/vozolpuff.de\/pl\/\">Strona g\u0142\u00f3wna<\/a><\/strong>zapoznaj si\u0119 z pe\u0142n\u0105 <strong><a class=\"underline\" href=\"https:\/\/vozolpuff.de\/pl\/product-category\/vozol-vape\/\">Kolekcja VOZOL VAPE<\/a><\/strong> lub przejrze\u0107 wszystkie dost\u0119pne <strong><a class=\"underline\" href=\"https:\/\/vozolpuff.de\/pl\/product-category\/vozol-vape\/vozol-gear-shisha-25000\/\">Vozol Gear Shisha 25000 smak\u00f3w<\/a><\/strong>.<\/p>","protected":false},"excerpt":{"rendered":"<p class=\"whitespace-normal break-words\">Jednorazowy waporyzator Vozol Gear Shisha 25000 Grape Mint \u0142\u0105czy s\u0142odki smak winogron z orze\u017awiaj\u0105c\u0105 mi\u0119t\u0105. Do 25 000 zaci\u0105gni\u0119\u0107, bateria 1000 mAh, system podw\u00f3jnej cewki siatkowej i wy\u015bwietlacz 2,1\u2033. Zoptymalizowany pod k\u0105tem DTL dla owocowej przyjemno\u015bci z efektem ch\u0142odzenia.<\/p>","protected":false},"featured_media":1289,"comment_status":"open","ping_status":"closed","template":"","meta":{"_acf_changed":false},"product_brand":[],"product_cat":[34],"product_tag":[],"class_list":{"0":"post-1287","1":"product","2":"type-product","3":"status-publish","4":"has-post-thumbnail","6":"product_cat-vozol-gear-shisha-25000","8":"first","9":"instock","10":"shipping-taxable","11":"purchasable","12":"product-type-variable"},"acf":[],"_links":{"self":[{"href":"https:\/\/vozolpuff.de\/pl\/wp-json\/wp\/v2\/product\/1287","targetHints":{"allow":["GET"]}}],"collection":[{"href":"https:\/\/vozolpuff.de\/pl\/wp-json\/wp\/v2\/product"}],"about":[{"href":"https:\/\/vozolpuff.de\/pl\/wp-json\/wp\/v2\/types\/product"}],"replies":[{"embeddable":true,"href":"https:\/\/vozolpuff.de\/pl\/wp-json\/wp\/v2\/comments?post=1287"}],"wp:featuredmedia":[{"embeddable":true,"href":"https:\/\/vozolpuff.de\/pl\/wp-json\/wp\/v2\/media\/1289"}],"wp:attachment":[{"href":"https:\/\/vozolpuff.de\/pl\/wp-json\/wp\/v2\/media?parent=1287"}],"wp:term":[{"taxonomy":"product_brand","embeddable":true,"href":"https:\/\/vozolpuff.de\/pl\/wp-json\/wp\/v2\/product_brand?post=1287"},{"taxonomy":"product_cat","embeddable":true,"href":"https:\/\/vozolpuff.de\/pl\/wp-json\/wp\/v2\/product_cat?post=1287"},{"taxonomy":"product_tag","embeddable":true,"href":"https:\/\/vozolpuff.de\/pl\/wp-json\/wp\/v2\/product_tag?post=1287"}],"curies":[{"name":"wp","href":"https:\/\/api.w.org\/{rel}","templated":true}]}}