{"id":1291,"date":"2025-08-25T15:49:04","date_gmt":"2025-08-25T13:49:04","guid":{"rendered":"https:\/\/vozolpuff.de\/?post_type=product&#038;p=1291"},"modified":"2026-03-31T16:12:08","modified_gmt":"2026-03-31T14:12:08","slug":"vozol-gear-shisha-25000-love-777","status":"publish","type":"product","link":"https:\/\/vozolpuff.de\/pl\/produkt\/vozol-gear-shisha-25000-love-777\/","title":{"rendered":"Vozol Gear Shisha 25000 Love 777"},"content":{"rendered":"<h2 class=\"text-xl font-bold text-text-100 mt-1 -mb-0.5\">Vozol Gear Hookah 25000 Love 777 Vape jednorazowego u\u017cytku<\/h2>\n<p class=\"whitespace-normal break-words\">Vozol Gear Shisha 25000 Love 777 przenosi w \u015bwiat egzotycznych smak\u00f3w i uwodzicielskiej s\u0142odyczy. Ta wyj\u0105tkowa mieszanka oferuje imponuj\u0105ce 25 000 zaci\u0105gni\u0119\u0107 o czystej intensywno\u015bci smaku w ekonomicznym trybie Eco. Rewolucyjna technologia podw\u00f3jnych oczek w trybie zasilania rozwija z\u0142o\u017cone warstwy smak\u00f3w i zapewnia niezr\u00f3wnan\u0105 przyjemno\u015b\u0107 z waporyzacji.<\/p>\n<p class=\"whitespace-normal break-words\">Precyzyjnie opracowany system przep\u0142ywu powietrza o w\u0142a\u015bciwo\u015bciach p\u0142ynno-dynamicznych jest zoptymalizowany pod k\u0105tem waper\u00f3w DTL i umo\u017cliwia bezwysi\u0142kowe, jedwabiste inhalacje. Wyposa\u017cone w solidn\u0105 bateri\u0119 1000 mAh, pojemny zbiornik aromatu 24 ml i 2,1-calowy ekran o wysokiej rozdzielczo\u015bci, to urz\u0105dzenie premium oferuje najwy\u017csz\u0105 wydajno\u015b\u0107.<\/p>\n<h3 class=\"text-lg font-bold text-text-100 mt-1 -mb-1.5\">Vozol Gear Shisha 25000 Love 777 Cechy:<\/h3>\n<p class=\"whitespace-normal break-words\"><strong>Dostawa energii:<\/strong> 1000 mAh dla d\u0142ugotrwa\u0142ej wydajno\u015bci<br \/>\n<strong>Tryb Eco:<\/strong> Do 25 000 poci\u0105g\u00f3w<br \/>\n<strong>Dzia\u0142anie zasilania:<\/strong> Do 18 000 poci\u0105g\u00f3w<br \/>\n<strong>st\u0119\u017cenie nikotyny:<\/strong> 5 mg\/ml zapewnia satysfakcjonuj\u0105ce doznania podczas waporyzacji<br \/>\n<strong>Rodzaj inhalacji:<\/strong> DTL (Direct To Lung) dla imponuj\u0105cego formowania chmur<br \/>\n<strong>Elementy grzejne:<\/strong> Podw\u00f3jny system siatki dla optymalnego rozwoju smaku<br \/>\n<strong>W\u0142a\u015bciwo\u015bci techniczne:<\/strong> Integracja audio dla wsp\u00f3\u0142czesnej interakcji<br \/>\n<strong>Ekran:<\/strong> 2,1-calowy kolorowy monitor zapewniaj\u0105cy kompleksowy podgl\u0105d<br \/>\n<strong>Odporno\u015b\u0107 na przeci\u0105gi:<\/strong> Zmienny dop\u0142yw powietrza dla indywidualnych ustawie\u0144<\/p>\n<h3 class=\"text-lg font-bold text-text-100 mt-1 -mb-1.5\">Odkryj wi\u0119cej VOZOL VAPE na vozolpuff<\/h3>\n<p class=\"whitespace-normal break-words\">Odkryj wi\u0119cej wysokiej jako\u015bci e-papieros\u00f3w na naszej stronie <strong><a class=\"underline\" href=\"https:\/\/vozolpuff.de\/pl\/\">Strona g\u0142\u00f3wna<\/a><\/strong>zapoznaj si\u0119 z pe\u0142n\u0105 <strong><a class=\"underline\" href=\"https:\/\/vozolpuff.de\/pl\/product-category\/vozol-vape\/\">Kolekcja VOZOL VAPE<\/a><\/strong> lub przejrze\u0107 wszystkie dost\u0119pne <strong><a class=\"underline\" href=\"https:\/\/vozolpuff.de\/pl\/product-category\/vozol-vape\/vozol-gear-shisha-25000\/\">Vozol Gear Shisha 25000 smak\u00f3w<\/a><\/strong>.<\/p>","protected":false},"excerpt":{"rendered":"<p class=\"whitespace-normal break-words\">Jednorazowy waporyzator Vozol Gear Shisha 25000 Love 777 oferuje egzotyczne smaki i uwodzicielsk\u0105 s\u0142odycz w unikalnej mieszance. Do 25 000 zaci\u0105gni\u0119\u0107, bateria 1000 mAh, technologia podw\u00f3jnej siatki i wy\u015bwietlacz 2,1\u2033. DTL zoptymalizowany pod k\u0105tem z\u0142o\u017conej intensywno\u015bci smaku.<\/p>\n<p class=\"whitespace-normal break-words\">","protected":false},"featured_media":1294,"comment_status":"open","ping_status":"closed","template":"","meta":{"_acf_changed":false},"product_brand":[],"product_cat":[34],"product_tag":[],"class_list":{"0":"post-1291","1":"product","2":"type-product","3":"status-publish","4":"has-post-thumbnail","6":"product_cat-vozol-gear-shisha-25000","8":"first","9":"instock","10":"shipping-taxable","11":"purchasable","12":"product-type-variable"},"acf":[],"_links":{"self":[{"href":"https:\/\/vozolpuff.de\/pl\/wp-json\/wp\/v2\/product\/1291","targetHints":{"allow":["GET"]}}],"collection":[{"href":"https:\/\/vozolpuff.de\/pl\/wp-json\/wp\/v2\/product"}],"about":[{"href":"https:\/\/vozolpuff.de\/pl\/wp-json\/wp\/v2\/types\/product"}],"replies":[{"embeddable":true,"href":"https:\/\/vozolpuff.de\/pl\/wp-json\/wp\/v2\/comments?post=1291"}],"wp:featuredmedia":[{"embeddable":true,"href":"https:\/\/vozolpuff.de\/pl\/wp-json\/wp\/v2\/media\/1294"}],"wp:attachment":[{"href":"https:\/\/vozolpuff.de\/pl\/wp-json\/wp\/v2\/media?parent=1291"}],"wp:term":[{"taxonomy":"product_brand","embeddable":true,"href":"https:\/\/vozolpuff.de\/pl\/wp-json\/wp\/v2\/product_brand?post=1291"},{"taxonomy":"product_cat","embeddable":true,"href":"https:\/\/vozolpuff.de\/pl\/wp-json\/wp\/v2\/product_cat?post=1291"},{"taxonomy":"product_tag","embeddable":true,"href":"https:\/\/vozolpuff.de\/pl\/wp-json\/wp\/v2\/product_tag?post=1291"}],"curies":[{"name":"wp","href":"https:\/\/api.w.org\/{rel}","templated":true}]}}