{"id":1297,"date":"2025-08-25T15:51:35","date_gmt":"2025-08-25T13:51:35","guid":{"rendered":"https:\/\/vozolpuff.de\/?post_type=product&#038;p=1297"},"modified":"2026-03-31T16:12:01","modified_gmt":"2026-03-31T14:12:01","slug":"vozol-gear-shisha-25000-moscow-evenings","status":"publish","type":"product","link":"https:\/\/vozolpuff.de\/pl\/produkt\/vozol-gear-shisha-25000-moscow-evenings\/","title":{"rendered":"Vozol Gear Shisha 25000 Moskiewskie Wieczory"},"content":{"rendered":"<h2 class=\"text-xl font-bold text-text-100 mt-1 -mb-0.5\">Vozol Gear Shisha 25000 Moskwa Wieczory jednorazowe vape<\/h2>\n<p class=\"whitespace-normal break-words\">Zanurz si\u0119 w mistycznej atmosferze z fajk\u0105 Vozol Gear Shisha 25000 Moscow Evenings. Ta wyrafinowana kompozycja smakowa oddaje elegancj\u0119 ch\u0142odnych wieczor\u00f3w i oferuje do 25 000 zaci\u0105gni\u0119\u0107 w energooszcz\u0119dnym trybie Eco. Wyrafinowany system grzewczy z podw\u00f3jn\u0105 siatk\u0105 w trybie zasilania wzmacnia z\u0142o\u017cone niuanse smakowe i zapewnia wyj\u0105tkowe doznania smakowe.<\/p>\n<p class=\"whitespace-normal break-words\">Aerodynamicznie zoptymalizowany przep\u0142yw powietrza zosta\u0142 specjalnie zaprojektowany dla wymagaj\u0105cych waper\u00f3w DTL i zapewnia p\u0142ynne, mocne zaci\u0105gni\u0119cia. Dzi\u0119ki niezawodnemu systemowi baterii 1000 mAh, pojemnemu zbiornikowi na p\u0142yn 24 ml i kolorowemu wy\u015bwietlaczowi o przek\u0105tnej 2,1 cala, urz\u0105dzenie to wyznacza nowe standardy w zakresie wygody i wydajno\u015bci.<\/p>\n<h3 class=\"text-lg font-bold text-text-100 mt-1 -mb-1.5\">Vozol Gear Shisha 25000 Moskwa Wieczory Sprz\u0119t:<\/h3>\n<p class=\"whitespace-normal break-words\"><strong>Pojemno\u015b\u0107 akumulatora:<\/strong> 1000 mAh dla d\u0142u\u017cszego czasu pracy<br \/>\n<strong>Tryb Eco:<\/strong> Do 25 000 poci\u0105g\u00f3w<br \/>\n<strong>Tryb zasilania:<\/strong> Do 18 000 poci\u0105g\u00f3w<br \/>\n<strong>Zawarto\u015b\u0107 nikotyny:<\/strong> 5 mg\/ml dla optymalnego uderzenia w gard\u0142o<br \/>\n<strong>Technologia opar\u00f3w:<\/strong> DTL (Direct To Lung) dla maksymalnej produkcji pary<br \/>\n<strong>Technologia waporyzatora:<\/strong> Podw\u00f3jna siatka dla doskona\u0142ej reprodukcji smaku<br \/>\n<strong>Nowoczesne funkcje:<\/strong> D\u017awi\u0119kowe informacje zwrotne dla intuicyjnej obs\u0142ugi<br \/>\n<strong>Panel wy\u015bwietlacza:<\/strong> 2,1-calowy kolorowy wy\u015bwietlacz zapewniaj\u0105cy szczeg\u00f3\u0142owe informacje<br \/>\n<strong>Regulacja powietrza:<\/strong> Precyzyjnie regulowany przep\u0142yw powietrza dla osobistych preferencji<\/p>\n<h3 class=\"text-lg font-bold text-text-100 mt-1 -mb-1.5\">Odkryj wi\u0119cej VOZOL VAPE na vozolpuff<\/h3>\n<p class=\"whitespace-normal break-words\">Odkryj wi\u0119cej wysokiej jako\u015bci e-papieros\u00f3w na naszej stronie <strong><a class=\"underline\" href=\"https:\/\/vozolpuff.de\/pl\/\">Strona g\u0142\u00f3wna<\/a><\/strong>zapoznaj si\u0119 z pe\u0142n\u0105 <strong><a class=\"underline\" href=\"https:\/\/vozolpuff.de\/pl\/product-category\/vozol-vape\/\">Kolekcja VOZOL VAPE<\/a><\/strong> lub przejrze\u0107 wszystkie dost\u0119pne <strong><a class=\"underline\" href=\"https:\/\/vozolpuff.de\/pl\/product-category\/vozol-vape\/vozol-gear-shisha-25000\/\">Vozol Gear Shisha 25000 smak\u00f3w<\/a><\/strong>.<\/p>","protected":false},"excerpt":{"rendered":"<p class=\"whitespace-normal break-words\">Jednorazowy waporyzator Vozol Gear Shisha 25000 Moscow Evenings oddaje mistyczn\u0105 atmosfer\u0119 zimnych wieczor\u00f3w w wyrafinowanej kompozycji smakowej. Do 25 000 zaci\u0105gni\u0119\u0107, bateria 1000 mAh, system podw\u00f3jnej siatki i wy\u015bwietlacz 2,1\u2033. DTL zoptymalizowany pod k\u0105tem eleganckich niuans\u00f3w smakowych.<\/p>","protected":false},"featured_media":1299,"comment_status":"open","ping_status":"closed","template":"","meta":{"_acf_changed":false},"product_brand":[],"product_cat":[34],"product_tag":[],"class_list":{"0":"post-1297","1":"product","2":"type-product","3":"status-publish","4":"has-post-thumbnail","6":"product_cat-vozol-gear-shisha-25000","8":"first","9":"instock","10":"shipping-taxable","11":"purchasable","12":"product-type-variable"},"acf":[],"_links":{"self":[{"href":"https:\/\/vozolpuff.de\/pl\/wp-json\/wp\/v2\/product\/1297","targetHints":{"allow":["GET"]}}],"collection":[{"href":"https:\/\/vozolpuff.de\/pl\/wp-json\/wp\/v2\/product"}],"about":[{"href":"https:\/\/vozolpuff.de\/pl\/wp-json\/wp\/v2\/types\/product"}],"replies":[{"embeddable":true,"href":"https:\/\/vozolpuff.de\/pl\/wp-json\/wp\/v2\/comments?post=1297"}],"wp:featuredmedia":[{"embeddable":true,"href":"https:\/\/vozolpuff.de\/pl\/wp-json\/wp\/v2\/media\/1299"}],"wp:attachment":[{"href":"https:\/\/vozolpuff.de\/pl\/wp-json\/wp\/v2\/media?parent=1297"}],"wp:term":[{"taxonomy":"product_brand","embeddable":true,"href":"https:\/\/vozolpuff.de\/pl\/wp-json\/wp\/v2\/product_brand?post=1297"},{"taxonomy":"product_cat","embeddable":true,"href":"https:\/\/vozolpuff.de\/pl\/wp-json\/wp\/v2\/product_cat?post=1297"},{"taxonomy":"product_tag","embeddable":true,"href":"https:\/\/vozolpuff.de\/pl\/wp-json\/wp\/v2\/product_tag?post=1297"}],"curies":[{"name":"wp","href":"https:\/\/api.w.org\/{rel}","templated":true}]}}