{"id":1302,"date":"2025-08-25T15:54:22","date_gmt":"2025-08-25T13:54:22","guid":{"rendered":"https:\/\/vozolpuff.de\/?post_type=product&#038;p=1302"},"modified":"2026-03-31T16:11:53","modified_gmt":"2026-03-31T14:11:53","slug":"vozol-gear-shisha-25000-maiden-killer","status":"publish","type":"product","link":"https:\/\/vozolpuff.de\/pl\/produkt\/vozol-gear-shisha-25000-maiden-killer\/","title":{"rendered":"Vozol Gear Shisha 25000 Maiden Killer"},"content":{"rendered":"<h2 class=\"text-xl font-bold text-text-100 mt-1 -mb-0.5\">Vozol Gear Shisha 25000 Maiden Killer jednorazowy vape<\/h2>\n<p class=\"whitespace-normal break-words\">Vozol Gear Shisha 25000 Maiden Killer zachwyca uwodzicielskim po\u0142\u0105czeniem smak\u00f3w i nieodpart\u0105 s\u0142odycz\u0105. Dzi\u0119ki imponuj\u0105cej liczbie 25 000 zaci\u0105gni\u0119\u0107 w oszcz\u0119dzaj\u0105cym zasoby trybie Eco, do\u015bwiadczysz d\u0142ugotrwa\u0142ej przyjemno\u015bci bez kompromis\u00f3w. Innowacyjna technologia podw\u00f3jnej cewki siatkowej w trybie zasilania rozwija intensywne wymiary smaku i zapewnia wyj\u0105tkow\u0105 g\u0119sto\u015b\u0107 pary.<\/p>\n<p class=\"whitespace-normal break-words\">System kana\u0142\u00f3w o zoptymalizowanym przep\u0142ywie zosta\u0142 opracowany dla entuzjast\u00f3w DTL i gwarantuje p\u0142ynne, natychmiastowe zaci\u0105gni\u0119cia o doskona\u0142ej konsystencji. Po\u0142\u0105czenie pot\u0119\u017cnej baterii 1000 mAh, du\u017cej pojemno\u015bci 24 ml i nowoczesnego 2,1-calowego wy\u015bwietlacza dotykowego sprawia, \u017ce urz\u0105dzenie to jest niezast\u0105pionym towarzyszem waporyzacji.<\/p>\n<h3 class=\"text-lg font-bold text-text-100 mt-1 -mb-1.5\">Specyfikacja Vozol Gear Shisha 25000 Maiden Killer:<\/h3>\n<p class=\"whitespace-normal break-words\"><strong>Zasilanie:<\/strong> 1000 mAh dla d\u0142ugotrwa\u0142ej wydajno\u015bci<br \/>\n<strong>Wariant Eco:<\/strong> Do 25 000 poci\u0105g\u00f3w<br \/>\n<strong>Wariant zasilania:<\/strong> Do 18 000 poci\u0105g\u00f3w<br \/>\n<strong>Poziom nikotyny:<\/strong> 5mg\/ml dla zadowalaj\u0105cego efektu<br \/>\n<strong>Tryb pary:<\/strong> DTL (Direct To Lung) dla du\u017cych chmur<br \/>\n<strong>W\u0119\u017cownice grzewcze:<\/strong> Podw\u00f3jna siatka dla doskona\u0142ego transferu smaku<br \/>\n<strong>Inteligentne funkcje:<\/strong> Powiadomienia d\u017awi\u0119kowe dla inteligentnej obs\u0142ugi<br \/>\n<strong>Wizualizacja:<\/strong> 2,1-calowy kolorowy wy\u015bwietlacz zapewniaj\u0105cy pe\u0142n\u0105 kontrol\u0119<br \/>\n<strong>Nat\u0119\u017cenie przep\u0142ywu powietrza:<\/strong> Regulowana wentylacja umo\u017cliwiaj\u0105ca dostosowanie przeci\u0105g\u00f3w<\/p>\n<h3 class=\"text-lg font-bold text-text-100 mt-1 -mb-1.5\">Odkryj wi\u0119cej VOZOL VAPE na vozolpuff<\/h3>\n<p class=\"whitespace-normal break-words\">Odkryj wi\u0119cej wysokiej jako\u015bci e-papieros\u00f3w na naszej stronie <strong><a class=\"underline\" href=\"https:\/\/vozolpuff.de\/pl\/\">Strona g\u0142\u00f3wna<\/a><\/strong>zapoznaj si\u0119 z pe\u0142n\u0105 <strong><a class=\"underline\" href=\"https:\/\/vozolpuff.de\/pl\/product-category\/vozol-vape\/\">Kolekcja VOZOL VAPE<\/a><\/strong> lub przejrze\u0107 wszystkie dost\u0119pne <strong><a class=\"underline\" href=\"https:\/\/vozolpuff.de\/pl\/product-category\/vozol-vape\/vozol-gear-shisha-25000\/\">Vozol Gear Shisha 25000 smak\u00f3w<\/a><\/strong>.<\/p>","protected":false},"excerpt":{"rendered":"<p class=\"whitespace-normal break-words\">Jednorazowa fajka wodna Vozol Gear Shisha 25000 Maiden Killer zachwyca uwodzicielskim po\u0142\u0105czeniem smak\u00f3w i nieodpart\u0105 s\u0142odycz\u0105. Do 25 000 zaci\u0105gni\u0119\u0107, bateria 1000 mAh, technologia podw\u00f3jnej cewki siatkowej i wy\u015bwietlacz 2,1\u2033. DTL zoptymalizowany pod k\u0105tem intensywnych smak\u00f3w.<\/p>\n<p class=\"whitespace-normal break-words\">","protected":false},"featured_media":1304,"comment_status":"open","ping_status":"closed","template":"","meta":{"_acf_changed":false},"product_brand":[],"product_cat":[34],"product_tag":[],"class_list":{"0":"post-1302","1":"product","2":"type-product","3":"status-publish","4":"has-post-thumbnail","6":"product_cat-vozol-gear-shisha-25000","8":"first","9":"instock","10":"shipping-taxable","11":"purchasable","12":"product-type-variable"},"acf":[],"_links":{"self":[{"href":"https:\/\/vozolpuff.de\/pl\/wp-json\/wp\/v2\/product\/1302","targetHints":{"allow":["GET"]}}],"collection":[{"href":"https:\/\/vozolpuff.de\/pl\/wp-json\/wp\/v2\/product"}],"about":[{"href":"https:\/\/vozolpuff.de\/pl\/wp-json\/wp\/v2\/types\/product"}],"replies":[{"embeddable":true,"href":"https:\/\/vozolpuff.de\/pl\/wp-json\/wp\/v2\/comments?post=1302"}],"wp:featuredmedia":[{"embeddable":true,"href":"https:\/\/vozolpuff.de\/pl\/wp-json\/wp\/v2\/media\/1304"}],"wp:attachment":[{"href":"https:\/\/vozolpuff.de\/pl\/wp-json\/wp\/v2\/media?parent=1302"}],"wp:term":[{"taxonomy":"product_brand","embeddable":true,"href":"https:\/\/vozolpuff.de\/pl\/wp-json\/wp\/v2\/product_brand?post=1302"},{"taxonomy":"product_cat","embeddable":true,"href":"https:\/\/vozolpuff.de\/pl\/wp-json\/wp\/v2\/product_cat?post=1302"},{"taxonomy":"product_tag","embeddable":true,"href":"https:\/\/vozolpuff.de\/pl\/wp-json\/wp\/v2\/product_tag?post=1302"}],"curies":[{"name":"wp","href":"https:\/\/api.w.org\/{rel}","templated":true}]}}