{"id":1307,"date":"2025-08-25T15:57:08","date_gmt":"2025-08-25T13:57:08","guid":{"rendered":"https:\/\/vozolpuff.de\/?post_type=product&#038;p=1307"},"modified":"2026-03-31T16:11:46","modified_gmt":"2026-03-31T14:11:46","slug":"vozol-gear-shisha-25000-cherry-ice","status":"publish","type":"product","link":"https:\/\/vozolpuff.de\/pl\/produkt\/vozol-gear-shisha-25000-cherry-ice\/","title":{"rendered":"Vozol Gear Shisha 25000 Cherry Ice"},"content":{"rendered":"<h2 class=\"text-xl font-bold text-text-100 mt-1 -mb-0.5\">Vozol Gear Shisha 25000 Cherry Ice jednorazowy vape<\/h2>\n<p class=\"whitespace-normal break-words\">Ciesz si\u0119 idealn\u0105 r\u00f3wnowag\u0105 mi\u0119dzy s\u0142odk\u0105 wi\u015bni\u0105 i orze\u017awiaj\u0105cym ch\u0142odem dzi\u0119ki Vozol Gear Shisha 25000 Cherry Ice. Ta kusz\u0105ca mieszanka smak\u00f3w zapewnia do 25 000 zaci\u0105gni\u0119\u0107 o czystej intensywno\u015bci smaku w energooszcz\u0119dnym trybie Eco. Zaawansowany system podw\u00f3jnej siatki w trybie zasilania wzmacnia owocowy smak wi\u015bni i zapewnia przyjemny ch\u0142\u00f3d przy ka\u017cdym wdechu.<\/p>\n<p class=\"whitespace-normal break-words\">Naukowo opracowana dynamika przep\u0142ywu systemu powietrznego jest idealnie zaprojektowana dla vaper\u00f3w DTL i oferuje bezwysi\u0142kowe, aksamitne zaci\u0105gni\u0119cia. Wyposa\u017cony w trwa\u0142y akumulator o pojemno\u015bci 1000 mAh, du\u017cy zbiornik na e-liquid o pojemno\u015bci 24 ml i wyra\u017any 2,1-calowy ekran, to wysokiej klasy urz\u0105dzenie \u0142\u0105czy w sobie trwa\u0142o\u015b\u0107 i funkcjonalno\u015b\u0107.<\/p>\n<h3 class=\"text-lg font-bold text-text-100 mt-1 -mb-1.5\">Vozol Gear Shisha 25000 Cherry Ice Cechy:<\/h3>\n<p class=\"whitespace-normal break-words\"><strong>system akumulator\u00f3w:<\/strong> 1000 mAh dla d\u0142ugotrwa\u0142ego u\u017cytkowania<br \/>\n<strong>Funkcja Eco:<\/strong> Do 25 000 poci\u0105g\u00f3w<br \/>\n<strong>Funkcja zasilania:<\/strong> Do 18 000 poci\u0105g\u00f3w<br \/>\n<strong>Zawarto\u015b\u0107 nikotyny:<\/strong> 5mg\/ml dla zadowalaj\u0105cych trafie\u0144<br \/>\n<strong>Rodzaj odparowania:<\/strong> DTL (Direct To Lung) dla imponuj\u0105cego rozwoju opar\u00f3w<br \/>\n<strong>Konfiguracja cewki:<\/strong> Podw\u00f3jna siatka dla wi\u0119kszej wydajno\u015bci aromatu<br \/>\n<strong>Inteligentne elementy:<\/strong> Interfejs audio zapewniaj\u0105cy nowoczesne wra\u017cenia u\u017cytkownika<br \/>\n<strong>Technologia wy\u015bwietlania:<\/strong> 2,1-calowy kolorowy ekran u\u0142atwiaj\u0105cy obs\u0142ug\u0119<br \/>\n<strong>System przep\u0142ywu powietrza:<\/strong> Regulowana obj\u0119to\u015b\u0107 powietrza dla spersonalizowanej przyjemno\u015bci z u\u017cytkowania<\/p>\n<h3 class=\"text-lg font-bold text-text-100 mt-1 -mb-1.5\">Odkryj wi\u0119cej VOZOL VAPE na vozolpuff<\/h3>\n<p class=\"whitespace-normal break-words\">Odkryj wi\u0119cej wysokiej jako\u015bci e-papieros\u00f3w na naszej stronie <strong><a class=\"underline\" href=\"https:\/\/vozolpuff.de\/pl\/\">Strona g\u0142\u00f3wna<\/a><\/strong>zapoznaj si\u0119 z pe\u0142n\u0105 <strong><a class=\"underline\" href=\"https:\/\/vozolpuff.de\/pl\/product-category\/vozol-vape\/\">Kolekcja VOZOL VAPE<\/a><\/strong> lub przejrze\u0107 wszystkie dost\u0119pne <strong><a class=\"underline\" href=\"https:\/\/vozolpuff.de\/pl\/product-category\/vozol-vape\/vozol-gear-shisha-25000\/\">Vozol Gear Shisha 25000 smak\u00f3w<\/a><\/strong>.<\/p>","protected":false},"excerpt":{"rendered":"<p class=\"whitespace-normal break-words\">Jednorazowy waporyzator Vozol Gear Shisha 25000 Cherry Ice \u0142\u0105czy s\u0142odk\u0105 wi\u015bni\u0119 z orze\u017awiaj\u0105cym ch\u0142odem w idealnej r\u00f3wnowadze. Do 25 000 zaci\u0105gni\u0119\u0107, bateria 1000 mAh, system podw\u00f3jnej siatki i wy\u015bwietlacz 2,1\u2033. DTL zoptymalizowany pod k\u0105tem intensywno\u015bci owocowego smaku z przyjemnym ch\u0142odem.<\/p>\n<p class=\"whitespace-normal break-words\">","protected":false},"featured_media":1309,"comment_status":"open","ping_status":"closed","template":"","meta":{"_acf_changed":false},"product_brand":[],"product_cat":[34],"product_tag":[],"class_list":{"0":"post-1307","1":"product","2":"type-product","3":"status-publish","4":"has-post-thumbnail","6":"product_cat-vozol-gear-shisha-25000","8":"first","9":"instock","10":"shipping-taxable","11":"purchasable","12":"product-type-variable"},"acf":[],"_links":{"self":[{"href":"https:\/\/vozolpuff.de\/pl\/wp-json\/wp\/v2\/product\/1307","targetHints":{"allow":["GET"]}}],"collection":[{"href":"https:\/\/vozolpuff.de\/pl\/wp-json\/wp\/v2\/product"}],"about":[{"href":"https:\/\/vozolpuff.de\/pl\/wp-json\/wp\/v2\/types\/product"}],"replies":[{"embeddable":true,"href":"https:\/\/vozolpuff.de\/pl\/wp-json\/wp\/v2\/comments?post=1307"}],"wp:featuredmedia":[{"embeddable":true,"href":"https:\/\/vozolpuff.de\/pl\/wp-json\/wp\/v2\/media\/1309"}],"wp:attachment":[{"href":"https:\/\/vozolpuff.de\/pl\/wp-json\/wp\/v2\/media?parent=1307"}],"wp:term":[{"taxonomy":"product_brand","embeddable":true,"href":"https:\/\/vozolpuff.de\/pl\/wp-json\/wp\/v2\/product_brand?post=1307"},{"taxonomy":"product_cat","embeddable":true,"href":"https:\/\/vozolpuff.de\/pl\/wp-json\/wp\/v2\/product_cat?post=1307"},{"taxonomy":"product_tag","embeddable":true,"href":"https:\/\/vozolpuff.de\/pl\/wp-json\/wp\/v2\/product_tag?post=1307"}],"curies":[{"name":"wp","href":"https:\/\/api.w.org\/{rel}","templated":true}]}}