{"id":1312,"date":"2025-08-25T15:59:29","date_gmt":"2025-08-25T13:59:29","guid":{"rendered":"https:\/\/vozolpuff.de\/?post_type=product&#038;p=1312"},"modified":"2026-03-31T16:11:38","modified_gmt":"2026-03-31T14:11:38","slug":"vozol-gear-shisha-25000-berry-ice","status":"publish","type":"product","link":"https:\/\/vozolpuff.de\/pl\/produkt\/vozol-gear-shisha-25000-berry-ice\/","title":{"rendered":"Vozol Gear Shisha 25000 Berry Ice"},"content":{"rendered":"<h2 class=\"text-xl font-bold text-text-100 mt-1 -mb-0.5\">Vozol Gear Shisha 25000 Berry Ice jednorazowy vape<\/h2>\n<p class=\"whitespace-normal break-words\">Vozol Gear Shisha 25000 Berry Ice \u0142\u0105czy w sobie naturaln\u0105 s\u0142odycz mieszanych jag\u00f3d z orze\u017awiaj\u0105cym ch\u0142odem, zapewniaj\u0105c od\u015bwie\u017caj\u0105ce doznania podczas waporyzacji. Nawet 25 000 zaci\u0105gni\u0119\u0107 w ekonomicznym trybie eco pozwala cieszy\u0107 si\u0119 godzinami nieprzerwanej przyjemno\u015bci. Rewolucyjna technologia podw\u00f3jnej siatki w trybie zasilania intensyfikuje owocowe smaki jag\u00f3d i nadaje ka\u017cdemu zaci\u0105gni\u0119ciu przyjemnie ch\u0142odn\u0105 nut\u0119.<\/p>\n<p class=\"whitespace-normal break-words\">Precyzyjnie skalibrowany system przep\u0142ywu powietrza zosta\u0142 opracowany specjalnie dla entuzjast\u00f3w waporyzacji DTL i zapewnia p\u0142ynne, mocne inhalacje. Po\u0142\u0105czenie wytrzyma\u0142ej baterii o pojemno\u015bci 1000 mAh, pojemnego zbiornika na p\u0142yn o pojemno\u015bci 24 ml i 2,1-calowego wy\u015bwietlacza o wysokiej rozdzielczo\u015bci sprawia, \u017ce urz\u0105dzenie to jest pierwszym wyborem dla wymagaj\u0105cych waper\u00f3w.<\/p>\n<h3 class=\"text-lg font-bold text-text-100 mt-1 -mb-1.5\">Vozol Gear Shisha 25000 Berry Ice Cechy:<\/h3>\n<p class=\"whitespace-normal break-words\"><strong>\u0179r\u00f3d\u0142o energii:<\/strong> 1000 mAh dla d\u0142u\u017cszych sesji<br \/>\n<strong>Ustawienie Eco:<\/strong> Do 25 000 poci\u0105g\u00f3w<br \/>\n<strong>Ustawienie mocy:<\/strong> Do 18 000 poci\u0105g\u00f3w<br \/>\n<strong>Si\u0142a nikotyny:<\/strong> 5mg\/ml dla optymalnego kopa<br \/>\n<strong>Styl inhalacji:<\/strong> DTL (Direct To Lung) do produkcji w du\u017cych chmurach<br \/>\n<strong>Konstrukcja waporyzatora:<\/strong> Podw\u00f3jna siatka dla maksymalnej intensywno\u015bci smaku<br \/>\n<strong>Funkcje interaktywne:<\/strong> D\u017awi\u0119kowe informacje zwrotne dla intuicyjnej obs\u0142ugi<br \/>\n<strong>Wy\u015bwietlacz:<\/strong> 2,1-calowy kolorowy monitor zapewniaj\u0105cy kompleksowe informacje<br \/>\n<strong>Kontrola wentylacji:<\/strong> Mo\u017cliwo\u015b\u0107 dostosowania dop\u0142ywu powietrza do indywidualnych ustawie\u0144<\/p>\n<h3 class=\"text-lg font-bold text-text-100 mt-1 -mb-1.5\">Odkryj wi\u0119cej VOZOL VAPE na vozolpuff<\/h3>\n<p class=\"whitespace-normal break-words\">Odkryj wi\u0119cej wysokiej jako\u015bci e-papieros\u00f3w na naszej stronie <strong><a class=\"underline\" href=\"https:\/\/vozolpuff.de\/pl\/\">Strona g\u0142\u00f3wna<\/a><\/strong>zapoznaj si\u0119 z pe\u0142n\u0105 <strong><a class=\"underline\" href=\"https:\/\/vozolpuff.de\/pl\/product-category\/vozol-vape\/\">Kolekcja VOZOL VAPE<\/a><\/strong> lub przejrze\u0107 wszystkie dost\u0119pne <strong><a class=\"underline\" href=\"https:\/\/vozolpuff.de\/pl\/product-category\/vozol-vape\/vozol-gear-shisha-25000\/\">Vozol Gear Shisha 25000 smak\u00f3w<\/a><\/strong>.<\/p>","protected":false},"excerpt":{"rendered":"<p class=\"whitespace-normal break-words\">Jednorazowy waporyzator Vozol Gear Shisha 25000 Berry Ice \u0142\u0105czy w sobie naturaln\u0105 s\u0142odycz mieszanych jag\u00f3d z orze\u017awiaj\u0105cym ch\u0142odem. Do 25 000 zaci\u0105gni\u0119\u0107, bateria 1000 mAh, technologia podw\u00f3jnej siatki i wy\u015bwietlacz 2,1\u2033. Zoptymalizowany pod k\u0105tem DTL dla orze\u017awiaj\u0105cej przyjemno\u015bci waporyzacji z owocow\u0105 intensywno\u015bci\u0105.<\/p>","protected":false},"featured_media":1314,"comment_status":"open","ping_status":"closed","template":"","meta":{"_acf_changed":false},"product_brand":[],"product_cat":[34],"product_tag":[],"class_list":{"0":"post-1312","1":"product","2":"type-product","3":"status-publish","4":"has-post-thumbnail","6":"product_cat-vozol-gear-shisha-25000","8":"first","9":"instock","10":"shipping-taxable","11":"purchasable","12":"product-type-variable"},"acf":[],"_links":{"self":[{"href":"https:\/\/vozolpuff.de\/pl\/wp-json\/wp\/v2\/product\/1312","targetHints":{"allow":["GET"]}}],"collection":[{"href":"https:\/\/vozolpuff.de\/pl\/wp-json\/wp\/v2\/product"}],"about":[{"href":"https:\/\/vozolpuff.de\/pl\/wp-json\/wp\/v2\/types\/product"}],"replies":[{"embeddable":true,"href":"https:\/\/vozolpuff.de\/pl\/wp-json\/wp\/v2\/comments?post=1312"}],"wp:featuredmedia":[{"embeddable":true,"href":"https:\/\/vozolpuff.de\/pl\/wp-json\/wp\/v2\/media\/1314"}],"wp:attachment":[{"href":"https:\/\/vozolpuff.de\/pl\/wp-json\/wp\/v2\/media?parent=1312"}],"wp:term":[{"taxonomy":"product_brand","embeddable":true,"href":"https:\/\/vozolpuff.de\/pl\/wp-json\/wp\/v2\/product_brand?post=1312"},{"taxonomy":"product_cat","embeddable":true,"href":"https:\/\/vozolpuff.de\/pl\/wp-json\/wp\/v2\/product_cat?post=1312"},{"taxonomy":"product_tag","embeddable":true,"href":"https:\/\/vozolpuff.de\/pl\/wp-json\/wp\/v2\/product_tag?post=1312"}],"curies":[{"name":"wp","href":"https:\/\/api.w.org\/{rel}","templated":true}]}}