{"id":1322,"date":"2025-08-25T16:04:16","date_gmt":"2025-08-25T14:04:16","guid":{"rendered":"https:\/\/vozolpuff.de\/?post_type=product&#038;p=1322"},"modified":"2026-03-31T16:11:22","modified_gmt":"2026-03-31T14:11:22","slug":"vozol-gear-shisha-25000-strawberry-margarita","status":"publish","type":"product","link":"https:\/\/vozolpuff.de\/pl\/produkt\/vozol-gear-shisha-25000-strawberry-margarita\/","title":{"rendered":"Vozol Gear Shisha 25000 Strawberry Margarita"},"content":{"rendered":"<h2 class=\"text-xl font-bold text-text-100 mt-1 -mb-0.5\">Vozol Gear Shisha 25000 Strawberry Margarita jednorazowy vape<\/h2>\n<p class=\"whitespace-normal break-words\">Vozol Gear Shisha 25000 Strawberry Margarita przenosi w \u015bwiat letnich smak\u00f3w koktajli ze s\u0142odkimi truskawkami i orze\u017awiaj\u0105cymi nutami margarity. W oszcz\u0119dzaj\u0105cym zasoby trybie ekologicznym mo\u017cesz cieszy\u0107 si\u0119 nawet 25 000 zaci\u0105gni\u0119\u0107 t\u0105 wy\u015bmienit\u0105 mieszank\u0105 smak\u00f3w. Innowacyjna technologia podw\u00f3jnej cewki siatkowej w trybie zasilania rozwija z\u0142o\u017cone warstwy smak\u00f3w i tworzy autentyczne doznania koktajlowe.<\/p>\n<p class=\"whitespace-normal break-words\">Aerodynamicznie udoskonalony system kana\u0142\u00f3w powietrznych jest zoptymalizowany pod k\u0105tem vaper\u00f3w DTL i gwarantuje bezwysi\u0142kowe, jedwabiste inhalacje. Wyposa\u017cone w niezawodn\u0105 bateri\u0119 o pojemno\u015bci 1000 mAh, pojemny zbiornik na p\u0142yn o pojemno\u015bci 24 ml i 2,1-calowy ekran o wysokiej rozdzielczo\u015bci, urz\u0105dzenie to oferuje najwy\u017csz\u0105 funkcjonalno\u015b\u0107 i styl.<\/p>\n<h3 class=\"text-lg font-bold text-text-100 mt-1 -mb-1.5\">Specyfikacja Vozol Gear Shisha 25000 Strawberry Margarita:<\/h3>\n<p class=\"whitespace-normal break-words\"><strong>\u0179r\u00f3d\u0142o zasilania:<\/strong> 1000 mAh dla d\u0142u\u017cszego czasu pracy<br \/>\n<strong>Tryb Eco:<\/strong> Do 25 000 poci\u0105g\u00f3w<br \/>\n<strong>Tryb zasilania:<\/strong> Do 18 000 poci\u0105g\u00f3w<br \/>\n<strong>Zawarto\u015b\u0107 nikotyny:<\/strong> 5mg\/ml dla zadowalaj\u0105cego efektu<br \/>\n<strong>Technologia waporyzacji:<\/strong> DTL (Direct To Lung) dla imponuj\u0105cego formowania chmur<br \/>\n<strong>Technologia waporyzatora:<\/strong> Podw\u00f3jna siatka dla doskona\u0142ej reprodukcji smaku<br \/>\n<strong>Inteligentne funkcje:<\/strong> D\u017awi\u0119kowe sprz\u0119\u017cenie zwrotne dla wsp\u00f3\u0142czesnej interakcji<br \/>\n<strong>System wy\u015bwietlania:<\/strong> 2,1-calowy kolorowy monitor zapewniaj\u0105cy pe\u0142n\u0105 kontrol\u0119<br \/>\n<strong>Kontrola przep\u0142ywu powietrza:<\/strong> Zmienny dop\u0142yw powietrza dla indywidualnych ustawie\u0144<\/p>\n<h3 class=\"text-lg font-bold text-text-100 mt-1 -mb-1.5\">Odkryj wi\u0119cej VOZOL VAPE na vozolpuff<\/h3>\n<p class=\"whitespace-normal break-words\">Odkryj wi\u0119cej wysokiej jako\u015bci e-papieros\u00f3w na naszej stronie <strong><a class=\"underline\" href=\"https:\/\/vozolpuff.de\/pl\/\">Strona g\u0142\u00f3wna<\/a><\/strong>zapoznaj si\u0119 z pe\u0142n\u0105 <strong><a class=\"underline\" href=\"https:\/\/vozolpuff.de\/pl\/product-category\/vozol-vape\/\">Kolekcja VOZOL VAPE<\/a><\/strong> lub przejrze\u0107 wszystkie dost\u0119pne <strong><a class=\"underline\" href=\"https:\/\/vozolpuff.de\/pl\/product-category\/vozol-vape\/vozol-gear-shisha-25000\/\">Vozol Gear Shisha 25000 smak\u00f3w<\/a><\/strong>.<\/p>","protected":false},"excerpt":{"rendered":"<p class=\"whitespace-normal break-words\">Jednorazowy waporyzator Vozol Gear Shisha 25000 Strawberry Margarita przeniesie Ci\u0119 w klimat letnich koktajli o smaku s\u0142odkich truskawek i margarity. Do 25 000 zaci\u0105gni\u0119\u0107, bateria 1000 mAh, technologia podw\u00f3jnej siatki i wy\u015bwietlacz 2,1\u2033. Zoptymalizowany pod k\u0105tem DTL dla autentycznych dozna\u0144 koktajlowych.<\/p>\n<p class=\"whitespace-normal break-words\">","protected":false},"featured_media":1324,"comment_status":"open","ping_status":"closed","template":"","meta":{"_acf_changed":false},"product_brand":[],"product_cat":[34],"product_tag":[],"class_list":{"0":"post-1322","1":"product","2":"type-product","3":"status-publish","4":"has-post-thumbnail","6":"product_cat-vozol-gear-shisha-25000","8":"first","9":"instock","10":"shipping-taxable","11":"purchasable","12":"product-type-variable"},"acf":[],"_links":{"self":[{"href":"https:\/\/vozolpuff.de\/pl\/wp-json\/wp\/v2\/product\/1322","targetHints":{"allow":["GET"]}}],"collection":[{"href":"https:\/\/vozolpuff.de\/pl\/wp-json\/wp\/v2\/product"}],"about":[{"href":"https:\/\/vozolpuff.de\/pl\/wp-json\/wp\/v2\/types\/product"}],"replies":[{"embeddable":true,"href":"https:\/\/vozolpuff.de\/pl\/wp-json\/wp\/v2\/comments?post=1322"}],"wp:featuredmedia":[{"embeddable":true,"href":"https:\/\/vozolpuff.de\/pl\/wp-json\/wp\/v2\/media\/1324"}],"wp:attachment":[{"href":"https:\/\/vozolpuff.de\/pl\/wp-json\/wp\/v2\/media?parent=1322"}],"wp:term":[{"taxonomy":"product_brand","embeddable":true,"href":"https:\/\/vozolpuff.de\/pl\/wp-json\/wp\/v2\/product_brand?post=1322"},{"taxonomy":"product_cat","embeddable":true,"href":"https:\/\/vozolpuff.de\/pl\/wp-json\/wp\/v2\/product_cat?post=1322"},{"taxonomy":"product_tag","embeddable":true,"href":"https:\/\/vozolpuff.de\/pl\/wp-json\/wp\/v2\/product_tag?post=1322"}],"curies":[{"name":"wp","href":"https:\/\/api.w.org\/{rel}","templated":true}]}}